{"id":1136,"date":"2023-03-07T15:22:43","date_gmt":"2023-03-07T15:22:43","guid":{"rendered":"https:\/\/lacorrespondenciadebenitoariasmontano.online\/?page_id=1136"},"modified":"2025-12-30T10:50:35","modified_gmt":"2025-12-30T10:50:35","slug":"publicaciones","status":"publish","type":"page","link":"https:\/\/lacorrespondenciadebenitoariasmontano.online\/en\/publicaciones\/","title":{"rendered":"Publications"},"content":{"rendered":"<p>All the previous projects, funded at national and regional level, have already produced significant results. Firstly, since 1998 the following five volumes of Arias Montano\u2019s correspondence have been published by members of the same team based at the University of C\u00e1diz:<\/p>\n\n\n\n<p>&#8211; B. Mac\u00edas Rosendo,&nbsp;<em><a href=\"https:\/\/books.google.es\/books?id=EyowDAAAQBAJ&amp;printsec=frontcover&amp;dq=La+Biblia+pol%C3%ADglota+de+Amberes+en+la+correspondencia+de+Benito+Arias+Montano&amp;hl=es&amp;newbks=1&amp;newbks_redir=0&amp;sa=X&amp;redir_esc=y#v=onepage&amp;q=La%20Biblia%20pol%C3%ADglota%20de%20Amberes%20en%20la%20correspondencia%20de%20Benito%20Arias%20Montano&amp;f=false\">La Biblia pol\u00edglota de Amberes en la correspondencia de Benito Arias Montano<\/a><\/em>&nbsp;(Ms. Estoc. A 902) Bibliotheca Montaniana I (Huelva, 1998), ISBN 84-95089-84-X.<\/p>\n\n\n\n<p>&#8211; A. D\u00e1vila P\u00e9rez,&nbsp;<em><a href=\"http:\/\/books.google.es\/books?id=PzXTY6Csw-UC&amp;printsec=frontcover&amp;hl=es&amp;source=gbs_ge_summary_r&amp;cad=0#v=onepage&amp;q&amp;f=false\" target=\"_blank\" rel=\"noreferrer noopener\">Benito Arias Montano. Correspondencia conservada en el Museo Plantin-Moretus de Amberes<\/a><\/em>, Colecci\u00f3n Textos y Estudios Human\u00edsticos \u201cPalmyrenus\u201d, III.1 (Madrid-Alca\u00f1iz: Instituto de Estudios Human\u00edsticos \u2013 Editorial Laberinto &#8211; CSIC, 2002), ISBN: 84-8483-079-9. Volumen I.<\/p>\n\n\n\n<p>&#8211; A. D\u00e1vila P\u00e9rez,\u00a0<em><a href=\"https:\/\/www.google.es\/books\/edition\/Correspondencia_conservada_en_el_Museo_P\/5vK6gq09k7EC?hl=es&amp;gbpv=1&amp;dq=correspondencia+conservada+en+el+museo+plantin-moretus&amp;printsec=frontcover\">Benito Arias Montano. Correspondencia conservada en el Museo Plantin-Moretus de Amberes<\/a><\/em>, Colecci\u00f3n Textos y Estudios Human\u00edsticos \u201cPalmyrenus\u201d, III.2 (Madrid-Alca\u00f1iz: Instituto de Estudios Human\u00edsticos \u2013 Editorial Laberinto &#8211; CSIC, 2002), ISBN: 84-8483-079-9. Volumen II.<br><br>&#8211; L. Charlo Brea,\u00a0<em><a href=\"https:\/\/books.google.es\/books?id=WJ2FO6UmdqUC&amp;pg=PR141&amp;dq=arias+montano+levino+torrencio+correspondencia&amp;hl=es&amp;sa=X&amp;ei=eGeDVOCcF8mrUeCuhPgP#v=onepage&amp;q&amp;f=false\" target=\"_blank\" rel=\"noreferrer noopener\">Levino Torrencio. Correspondencia con Benito Arias Montano<\/a>,\u00a0<\/em>Colecci\u00f3n Textos y Estudios Human\u00edsticos \u201cPalmyrenus\u201d, XX (Alcaniz-Madrid: Instituto de Estudios Human\u00edsticos-CSIC, 2007), ISBN 978-84-00-08599-5.<br><br>&#8211; B. Mac\u00edas Rosendo,\u00a0<em><a href=\"https:\/\/books.google.es\/books?id=TB4yDAAAQBAJ&amp;printsec=frontcover&amp;dq=La+correspondencia+de+Benito+Arias+Montano+con+el+Presidente+de+Indias+Juan+de+Ovando&amp;hl=es&amp;newbks=1&amp;newbks_redir=0&amp;sa=X&amp;redir_esc=y#v=onepage&amp;q=La%20correspondencia%20de%20Benito%20Arias%20Montano%20con%20el%20Presidente%20de%20Indias%20Juan%20de%20Ovando&amp;f=false\">La correspondencia de Benito Arias Montano con el Presidente de Indias Juan de Ovando. Cartas de Benito Arias Montano conservadas en el Instituto de Valencia de Don Juan<\/a><\/em>, Bibliotheca Montaniana, XV (Huelva: Servicio de Publicaciones de la Universidad de Huelva, 2008), ISBN 84-96826-63-2.<br><br>\u00a0 \u00a0 \u00a0 \u00a0In addition, there is a long series of articles published in scientific journals indexed in major international databases by members of the same project:<\/p>\n\n\n\n<p><br>&#8211; L. Charlo Brea, \u00abUna nueva carta de Torrencio a Arias Montano\u00bb,&nbsp;<em>Revista Agustiniana<\/em>, 120 (1998), 1079-1115 (pp. 1084-1115).<\/p>\n\n\n\n<p>&#8211; E. Morales Lara,&nbsp;<a href=\"https:\/\/books.google.es\/books?id=llad0XumWMQC&amp;pg=PA153&amp;dq=arias+montano&amp;hl=es&amp;sa=X&amp;ei=ZLuiVNviL5HraOb4gLgC&amp;ved=0CFAQ6AEwCTgU#v=onepage&amp;q=arias%20montano&amp;f=false\" target=\"_blank\" rel=\"noreferrer noopener\">\u00abLas cartas de Benito Arias Montano a Abraham Ortels: edici\u00f3n cr\u00edtica y traducci\u00f3n a espa\u00f1ol\u00bb<\/a>, Humanistica Lovaniensia, 51 (2002), 153-206.<\/p>\n\n\n\n<p><br>&#8211; E. Morales Lara, \u00ab<a href=\"http:\/\/books.google.be\/books\/p\/leuven_university_press?id=jf4yI7TRYgAC&amp;pg=PA219&amp;hl=nl&amp;source=gbs_toc_r&amp;cad=1#v=onepage&amp;q&amp;f=false\" target=\"_blank\" rel=\"noreferrer noopener\">Otras tres cartas de Benito Arias Montano a Abraham Ortels: edici\u00f3n cr\u00edtica y traducci\u00f3n a espa\u00f1ol<\/a>\u00bb,&nbsp;<em>Humanistica Lovaniensia<\/em>, 53 (2004), 219\u2013249.<br><br>&#8211; L. Charlo Brea, \u00abCarta in\u00e9dita de B. Arias Montano a Levino Torrencio en Ms. Estoc. A 902\u00bb,&nbsp;<em>Humanistica Lovaniensia<\/em>, 53 (2004), 251\u2013262.<br><br>&#8211; B. Mac\u00edas Rosendo, \u00abLa correspondencia de Arias Montano con Abraham Ortelio: nuevos testimonios de una amistad sin fronteras\u00bb,&nbsp;<em>La Ciudad de Dios<\/em>, 217 (2004), 551\u2013572.<br><br>&#8211; A. D\u00e1vila P\u00e9rez, \u00ab\u2018<a href=\"https:\/\/rodin.uca.es\/xmlui\/bitstream\/handle\/10498\/21056\/2009HumanisticaLovaniensia.pdf?sequence=1&amp;isAllowed=y\" target=\"_blank\" rel=\"noreferrer noopener\">Regnavit a ligno Deus. Affirmat Arias Montanus; negat Lindanus\u2019. Revisi\u00f3n de la polemica Benito Arias Montano-Wilhelmus Lindanus a la luz de nuevos documentos<\/a>\u00bb,&nbsp;<em>Humanistica Lovaniensia<\/em>, 58 (2009), 125\u2013189.<br><br>&#8211; B. Mac\u00edas Rosendo, \u00abEl ocaso del reinado de Felipe II visto por un confidente de Arias Montano\u00ab\u00bb,&nbsp;<em>Estudios human\u00edsticos. Historia<\/em>, 9 (2010), 51\u201372.<br><br>&#8211; A. D\u00e1vila P\u00e9rez, \u00ab<a href=\"https:\/\/rodin.uca.es\/xmlui\/bitstream\/handle\/10498\/20600\/Separata.pdf?sequence=1&amp;isAllowed=y\" target=\"_blank\" rel=\"noreferrer noopener\">Primeros advertimientos de Benito Arias Montano a Felipe II sobre la rebeli\u00f3n de Flandes<\/a>\u00bb,&nbsp;<em>Calamus renascens<\/em>, 11 (2010), pp. 7-35.<br><br>&#8211; B. Mac\u00edas Rosendo, \u00abArias Montano y sus relaciones con Italia: una carta de H\u00e9rcules Ciofano\u00bb, en R. Carande Herrero \u2013 D. L\u00f3pez Ca\u00f1ete Quiles (eds.),&nbsp;<em>Pro tantis redditur. Homenaje a Juan Gil en Sevilla&nbsp;<\/em>(Sevilla, 2011), pp. 377-391.<br><br>&#8211; A. D\u00e1vila P\u00e9rez,&nbsp;\u201c<a href=\"https:\/\/rodin.uca.es\/xmlui\/bitstream\/handle\/10498\/20809\/2015Agora.pdf?sequence=1&amp;isAllowed=y\" target=\"_blank\" rel=\"noreferrer noopener\"><em>Pro hebraicis exemplaribus et lingua<\/em>: carta latina in\u00e9dita de Benito Arias Montano a Gilberto Genebrardo<\/a>\u201d, \u00c1gora. Estudos Cl\u00e1ssicos em Debate, 17-1 (2015), 337-412, ISSN&nbsp;&nbsp;0874-5498.<br><br>&#8211; A. D\u00e1vila P\u00e9rez,&nbsp;\u00ab<a href=\"https:\/\/rodin.uca.es\/handle\/10498\/21016\" target=\"_blank\" rel=\"noreferrer noopener\">Correspondencia latina in\u00e9dita entre Benito Arias Montano y Juan Rethio<\/a>\u00bb,&nbsp;<em>Humanistica Lovaniensia. Journal of Neo-Latin Studies<\/em>, 64 (2015), 113-165,&nbsp;ISSN&nbsp;0774-2908.&nbsp;<br><br>&#8211; A. D\u00e1vila P\u00e9rez,&nbsp;\u00ab<a href=\"https:\/\/revistas.uva.es\/index.php\/minerva\/article\/view\/1175\" target=\"_blank\" rel=\"noreferrer noopener\">Nuevos argumentos para la identificaci\u00f3n del destinatario de la carta de Antonio Agust\u00edn del 21 de octubre de 1576<\/a>&nbsp;(BNE Ms. 1854)\u00bb,&nbsp;<em>Minerva. Revista de Filolog\u00eda Cl\u00e1sica<\/em>, 30 (2017), 239-263, ISSN 0213-9634.&nbsp;<\/p>\n\n\n\n<p>&#8211; A. D\u00e1vila P\u00e9rez, \u00ab<a href=\"https:\/\/rodin.uca.es\/handle\/10498\/31175\">Un nuevo episodio de la Rep\u00fablica de las Letras en acci\u00f3n: Cartas latinas in\u00e9ditas de Latino Latinio a Benito Arias Montano<\/a>\u00bb, <em>Latomus: revue d&#8217;\u00e9tudes latines<\/em>, 79 (2020), 921-943, ISSN: 0023-8856.<\/p>","protected":false},"excerpt":{"rendered":"<p>Todos los proyectos anteriores, financiados a nivel nacional y regional, ya han producido resultados significativos. En primer lugar, desde 1998 miembros del mismo equipo con sede en la Universidad de C\u00e1diz han publicado los siguientes cinco vol\u00famenes de la correspondencia de Arias Montano: &#8211; B. Mac\u00edas Rosendo,&nbsp;La Biblia pol\u00edglota de Amberes en la correspondencia de [&hellip;]<\/p>","protected":false},"author":1,"featured_media":1331,"parent":0,"menu_order":0,"comment_status":"closed","ping_status":"closed","template":"","meta":{"footnotes":""},"class_list":["post-1136","page","type-page","status-publish","has-post-thumbnail","czr-hentry"],"_links":{"self":[{"href":"https:\/\/lacorrespondenciadebenitoariasmontano.online\/en\/wp-json\/wp\/v2\/pages\/1136"}],"collection":[{"href":"https:\/\/lacorrespondenciadebenitoariasmontano.online\/en\/wp-json\/wp\/v2\/pages"}],"about":[{"href":"https:\/\/lacorrespondenciadebenitoariasmontano.online\/en\/wp-json\/wp\/v2\/types\/page"}],"author":[{"embeddable":true,"href":"https:\/\/lacorrespondenciadebenitoariasmontano.online\/en\/wp-json\/wp\/v2\/users\/1"}],"replies":[{"embeddable":true,"href":"https:\/\/lacorrespondenciadebenitoariasmontano.online\/en\/wp-json\/wp\/v2\/comments?post=1136"}],"version-history":[{"count":13,"href":"https:\/\/lacorrespondenciadebenitoariasmontano.online\/en\/wp-json\/wp\/v2\/pages\/1136\/revisions"}],"predecessor-version":[{"id":9909,"href":"https:\/\/lacorrespondenciadebenitoariasmontano.online\/en\/wp-json\/wp\/v2\/pages\/1136\/revisions\/9909"}],"wp:featuredmedia":[{"embeddable":true,"href":"https:\/\/lacorrespondenciadebenitoariasmontano.online\/en\/wp-json\/wp\/v2\/media\/1331"}],"wp:attachment":[{"href":"https:\/\/lacorrespondenciadebenitoariasmontano.online\/en\/wp-json\/wp\/v2\/media?parent=1136"}],"curies":[{"name":"wp","href":"https:\/\/api.w.org\/{rel}","templated":true}]}}