{"id":1149,"date":"2023-03-07T16:17:54","date_gmt":"2023-03-07T16:17:54","guid":{"rendered":"https:\/\/lacorrespondenciadebenitoariasmontano.online\/?page_id=1149"},"modified":"2025-05-17T18:39:52","modified_gmt":"2025-05-17T18:39:52","slug":"catalogos","status":"publish","type":"page","link":"https:\/\/lacorrespondenciadebenitoariasmontano.online\/en\/catalogos\/","title":{"rendered":"Catalogues"},"content":{"rendered":"<p>The Dutch historian Ben Rekers authored two catalogues of Montano\u2018s letters in 1960 and 1973 (B. Rekers, \"Benito Arias Montano Epistolario (1527-1598)\", <em>Hispan\u00f3fila<\/em>, 9 (1960), 25-37, and B. Rekers, <em>Arias Montano<\/em> (Madrid, 1973), p. 201-220. More recently (2002), we have published, also on paper, a revised inventory: Antonio D\u00e1vila P\u00e9rez, <a href=\"https:\/\/rodin.uca.es\/handle\/10498\/21061\" target=\"_blank\" rel=\"noreferrer noopener\">\u00abEl epistolario de Benito Arias Montano: cat\u00e1logo provisional\u00bb<\/a>, <em>De Gulden Passer<\/em>, 80 (2002), 63-129.<\/p>\n\n\n\n<p>We are currently working on a new corrected and updated inventory in digital format, as a complementary resource to the online publication project of Arias Montano's complete correspondence. The latest version has been published in 2019 in <a rel=\"noreferrer noopener\" href=\"http:\/\/emlo.bodleian.ox.ac.uk\/\" target=\"_blank\">EMLO (Early Modern Letters Online)<\/a>a project based at the University of Oxford, with the title <a rel=\"noreferrer noopener\" href=\"http:\/\/emlo-portal.bodleian.ox.ac.uk\/collections\/?catalogue=benito-arias-montano\" target=\"_blank\">\u00abThe Correspondence of Benito Arias Montano\u00bb.<\/a><\/p>","protected":false},"excerpt":{"rendered":"<p>El historiador holand\u00e9s Ben Rekers es autor de dos cat\u00e1logos de las cartas de Montano en 1960 y 1973 (B. Rekers, \u00abBenito Arias Montano Epistolario (1527-1598)\u00bb, Hispan\u00f3fila, 9 (1960), 25-37, y B. Rekers, Arias Montano (Madrid, 1973), pp. 201-220. M\u00e1s recientemente (2002), hemos publicado, tambi\u00e9n en papel, un inventario remozado: Antonio D\u00e1vila P\u00e9rez, \u00abEl epistolario [&hellip;]<\/p>","protected":false},"author":1,"featured_media":1324,"parent":0,"menu_order":0,"comment_status":"closed","ping_status":"closed","template":"","meta":{"footnotes":""},"class_list":["post-1149","page","type-page","status-publish","has-post-thumbnail","czr-hentry"],"_links":{"self":[{"href":"https:\/\/lacorrespondenciadebenitoariasmontano.online\/en\/wp-json\/wp\/v2\/pages\/1149"}],"collection":[{"href":"https:\/\/lacorrespondenciadebenitoariasmontano.online\/en\/wp-json\/wp\/v2\/pages"}],"about":[{"href":"https:\/\/lacorrespondenciadebenitoariasmontano.online\/en\/wp-json\/wp\/v2\/types\/page"}],"author":[{"embeddable":true,"href":"https:\/\/lacorrespondenciadebenitoariasmontano.online\/en\/wp-json\/wp\/v2\/users\/1"}],"replies":[{"embeddable":true,"href":"https:\/\/lacorrespondenciadebenitoariasmontano.online\/en\/wp-json\/wp\/v2\/comments?post=1149"}],"version-history":[{"count":14,"href":"https:\/\/lacorrespondenciadebenitoariasmontano.online\/en\/wp-json\/wp\/v2\/pages\/1149\/revisions"}],"predecessor-version":[{"id":3878,"href":"https:\/\/lacorrespondenciadebenitoariasmontano.online\/en\/wp-json\/wp\/v2\/pages\/1149\/revisions\/3878"}],"wp:featuredmedia":[{"embeddable":true,"href":"https:\/\/lacorrespondenciadebenitoariasmontano.online\/en\/wp-json\/wp\/v2\/media\/1324"}],"wp:attachment":[{"href":"https:\/\/lacorrespondenciadebenitoariasmontano.online\/en\/wp-json\/wp\/v2\/media?parent=1149"}],"curies":[{"name":"wp","href":"https:\/\/api.w.org\/{rel}","templated":true}]}}