{"id":1388,"date":"2023-03-13T09:23:37","date_gmt":"2023-03-13T09:23:37","guid":{"rendered":"https:\/\/lacorrespondenciadebenitoariasmontano.online\/?page_id=1388"},"modified":"2025-05-21T09:42:51","modified_gmt":"2025-05-21T09:42:51","slug":"1568-03-25","status":"publish","type":"page","link":"https:\/\/lacorrespondenciadebenitoariasmontano.online\/en\/correspondencia\/1568-03-25\/","title":{"rendered":"1568 03 25 Philip II (Madrid) to Benito Arias Montano (Madrid) \u2013 25 March 1568"},"content":{"rendered":"<div class=\"wp-block-columns is-layout-flex wp-container-core-columns-is-layout-2 wp-block-columns-is-layout-flex\">\n<div class=\"wp-block-column is-layout-flow wp-block-column-is-layout-flow\">\n<p class=\"has-large-font-size\"><\/p>\n\n\n\n<div style=\"height:28px\" aria-hidden=\"true\" class=\"wp-block-spacer\"><\/div>\n\n\n\n<div class=\"wp-block-columns is-layout-flex wp-container-core-columns-is-layout-1 wp-block-columns-is-layout-flex\">\n<div class=\"wp-block-column is-layout-flow wp-block-column-is-layout-flow\" style=\"flex-basis:5%\"><\/div>\n\n\n\n<div class=\"wp-block-column is-layout-flow wp-block-column-is-layout-flow\" style=\"flex-basis:90%\">\n<p><strong>SUMMARY<\/strong><\/p>\n\n\n\n<p>Christopher Plantin has prepared the characters for the re-edition of the Complutensian Polyglot Bible and has requested funding from the King of Spain to buy the paper. After receiving a printing test of the Bible, the King submits the project for the approval of the various experts. The evaluation is very favorable. After being chosen as the Spanish editing supervisor, BAM has to go to Antwerp to coordinate the whole project. Due to the wars in France, the route will be by sea. When BAM arrives in the Low Countries, he first has to visit the Duke of Alba to inform him of his mission, so that the Governor can help him in practical matters. Secondly, BAM has to deliver Philip II's letter to Plantin and discuss with him some highly relevant issues about the Polyglot: the Vulgate -and not the Latin translation of the Hebraist Pagnino- must be printed together with the Hebrew text, just like it was made in the Bible of Alcal\u00e1; the new Polyglot will include the Chaldean text from the Pentateuch onwards, the Syriac New Testament, and Hebrew, Chaldean, Syriac, and Greek dictionaries. The King orders six parchment Bibles. The reasons for the project must be exposed in the preface, whose draft must be sent to Madrid to be corrected. BAM will control the six thousand ducats granted to Plantin as a loan for the purchase of paper. When parts of this amount are returned by the printer, BAM will use this money to purchase books and manuscripts for the Library of El Escorial. In addition to his salary as royal chaplain, BAM will receive a stipend of 300 escudos del sol per year during his stay in Antwerp.<\/p>\n\n\n\n<p><strong>COMMENT<\/strong><\/p>\n\n\n\n<p>The two documents published below contain the official appointment of BAM as royal commissioner for the printing of the Antwerp Polyglot Bible, with detailed instructions from Philip II for the successful execution of the project. The testimonies preserved in Simancas are the original minutes or drafts of this communication, written in Spanish, which were preserved among the official papers. The original document that was sent to BAM was written in Latin and a minute or draft of it is preserved in the Manuscript of Stockholm, ff. 183-186 (1568 03 25b).  <\/p>\n\n\n\n<p>Given the relevance of this appointment, we consider it justified to publish separately the Spanish version of Simancas (1568 03 25a), on the one hand, and the appointment written in Latin and preserved in Stockholm (1568 03 25b), on the other one. <\/p>\n<\/div>\n\n\n\n<div class=\"wp-block-column is-layout-flow wp-block-column-is-layout-flow\" style=\"flex-basis:5%\"><\/div>\n<\/div>\n<\/div>\n<\/div>\n\n\n\n<div style=\"height:30px\" aria-hidden=\"true\" class=\"wp-block-spacer\"><\/div>\n\n\n\n<div class=\"wp-block-columns is-layout-flex wp-container-core-columns-is-layout-3 wp-block-columns-is-layout-flex\">\n<div class=\"wp-block-column is-layout-flow wp-block-column-is-layout-flow\">\n<div class=\"wp-block-buttons is-layout-flex wp-block-buttons-is-layout-flex\">\n<div class=\"wp-block-button aligncenter\"><a class=\"wp-block-button__link has-white-color has-text-color wp-element-button\" href=\"https:\/\/lacorrespondenciadebenitoariasmontano.online\/en\/1568-03-25a-2\/\" style=\"border-radius:7px\"><strong>1568 03 25a<\/strong><\/a><\/div>\n<\/div>\n\n\n\n<div style=\"height:40px\" aria-hidden=\"true\" class=\"wp-block-spacer\"><\/div>\n<\/div>\n\n\n\n<div class=\"wp-block-column is-layout-flow wp-block-column-is-layout-flow\">\n<div class=\"wp-block-buttons is-layout-flex wp-block-buttons-is-layout-flex\">\n<div class=\"wp-block-button aligncenter\"><a class=\"wp-block-button__link has-white-color has-text-color wp-element-button\" href=\"https:\/\/lacorrespondenciadebenitoariasmontano.online\/en\/1568-03-25a\/\" style=\"border-radius:7px\"><strong>1568 03 25b<\/strong><\/a><\/div>\n<\/div>\n<\/div>\n<\/div>\n\n\n\n<div style=\"height:84px\" aria-hidden=\"true\" class=\"wp-block-spacer\"><\/div>\n\n\n\n<div style=\"height:0px\" aria-hidden=\"true\" class=\"wp-block-spacer\"><\/div>","protected":false},"excerpt":{"rendered":"<p>RESUMEN Crist\u00f3bal Plantino ha preparado los caracteres para la reedici\u00f3n de la Biblia Pol\u00edglota de Alcal\u00e1 y ha pedido financiaci\u00f3n al Rey de Espa\u00f1a para comprar el papel. Tras recibir una prueba de impresi\u00f3n de la Biblia, el Rey somete el proyecto a la aprobaci\u00f3n de los distintos expertos. La valoraci\u00f3n es muy favorable. Tras [&hellip;]<\/p>","protected":false},"author":1,"featured_media":0,"parent":2643,"menu_order":0,"comment_status":"closed","ping_status":"closed","template":"elementor_theme","meta":{"footnotes":""},"class_list":["post-1388","page","type-page","status-publish","czr-hentry"],"_links":{"self":[{"href":"https:\/\/lacorrespondenciadebenitoariasmontano.online\/en\/wp-json\/wp\/v2\/pages\/1388"}],"collection":[{"href":"https:\/\/lacorrespondenciadebenitoariasmontano.online\/en\/wp-json\/wp\/v2\/pages"}],"about":[{"href":"https:\/\/lacorrespondenciadebenitoariasmontano.online\/en\/wp-json\/wp\/v2\/types\/page"}],"author":[{"embeddable":true,"href":"https:\/\/lacorrespondenciadebenitoariasmontano.online\/en\/wp-json\/wp\/v2\/users\/1"}],"replies":[{"embeddable":true,"href":"https:\/\/lacorrespondenciadebenitoariasmontano.online\/en\/wp-json\/wp\/v2\/comments?post=1388"}],"version-history":[{"count":32,"href":"https:\/\/lacorrespondenciadebenitoariasmontano.online\/en\/wp-json\/wp\/v2\/pages\/1388\/revisions"}],"predecessor-version":[{"id":4540,"href":"https:\/\/lacorrespondenciadebenitoariasmontano.online\/en\/wp-json\/wp\/v2\/pages\/1388\/revisions\/4540"}],"up":[{"embeddable":true,"href":"https:\/\/lacorrespondenciadebenitoariasmontano.online\/en\/wp-json\/wp\/v2\/pages\/2643"}],"wp:attachment":[{"href":"https:\/\/lacorrespondenciadebenitoariasmontano.online\/en\/wp-json\/wp\/v2\/media?parent=1388"}],"curies":[{"name":"wp","href":"https:\/\/api.w.org\/{rel}","templated":true}]}}