{"id":143,"date":"2023-02-27T19:53:34","date_gmt":"2023-02-27T19:53:34","guid":{"rendered":"https:\/\/lacorrespondenciadebenitoariasmontano.online\/?page_id=143"},"modified":"2025-05-17T18:41:21","modified_gmt":"2025-05-17T18:41:21","slug":"contacto","status":"publish","type":"page","link":"https:\/\/lacorrespondenciadebenitoariasmontano.online\/en\/contacto\/","title":{"rendered":"Credits"},"content":{"rendered":"<p>This digital edition is a project in progress that aspires to continue growing not only with the edition of the letters already located that remain to be incorporated, but also from the discovery of new letters still unknown to us. The project team will appreciate any indication of new correspondence of Arias Montano.&nbsp;<\/p>\n\n\n\n<p>The authors wish to express their gratitude to the owners of the primary sources of the texts for giving their consent for the images to be presented on the Internet. <\/p>\n\n\n\n<p><br><\/p>\n\n\n\n<p><\/p>\n\n\n\n<p class=\"has-large-font-size\">Team<\/p>\n\n\n\n<div style=\"height:24px\" aria-hidden=\"true\" class=\"wp-block-spacer\"><\/div>\n\n\n\n<p class=\"has-text-align-center has-medium-font-size\"><em>Direction of the project and digital edition  <\/em><\/p>\n\n\n\n<h3 class=\"wp-block-heading has-text-align-center has-medium-font-size\" style=\"font-style:normal;font-weight:100\">Antonio D\u00e1vila P\u00e9rez <\/h3>\n\n\n\n<div style=\"height:24px\" aria-hidden=\"true\" class=\"wp-block-spacer\"><\/div>\n\n\n\n<p><\/p>\n\n\n\n<p class=\"has-text-align-center has-medium-font-size\"><\/p>\n\n\n\n<p class=\"has-text-align-center has-medium-font-size\"><em>Critical editions, translations and notes of the letters <\/em><\/p>\n\n\n\n<p class=\"has-text-align-center has-medium-font-size\">Luis Charlo Brea, Antonio D\u00e1vila P\u00e9rez, Jeanine De Landtsheer, Juan Gil Fern\u00e1ndez, Baldomero Mac\u00edas Rosendo, Jos\u00e9 Mar\u00eda Maestre Maestre, Enrique Morales Lara<\/p>\n\n\n\n<div style=\"height:22px\" aria-hidden=\"true\" class=\"wp-block-spacer\"><\/div>\n\n\n\n<p class=\"has-text-align-center has-medium-font-size\"><em>With the collaboration of<\/em><\/p>\n\n\n\n<p class=\"has-text-align-center has-medium-font-size\">Theodor W. Dunkelgr\u00fcn, Guy Lazure, Bartolom\u00e9 Pozuelo Calero<\/p>\n\n\n\n<div style=\"height:39px\" aria-hidden=\"true\" class=\"wp-block-spacer\"><\/div>\n\n\n\n<p class=\"has-large-font-size\">Citation guide<\/p>\n\n\n\n<div style=\"height:23px\" aria-hidden=\"true\" class=\"wp-block-spacer\"><\/div>\n\n\n\n<p>A correct citation of online resources is essential both because of the responsibility of the research task itself and so that works like this, which delve into the multiple possibilities of digital critical editing, receive the recognition and credits they deserve when used. We propose that, in case of consulting this edition, the following citation guide be followed. <\/p>\n\n\n\n<p><strong>Citation of the work as a whole<\/strong> <\/p>\n\n\n\n<p>Antonio D\u00e1vila P\u00e9rez (dir.), <em>The Correspondence of Benito Arias Montano. Digital Critical Edition<\/em>, <a href=\"https:\/\/lacorrespondenciadebenitoariasmontano.online\/en\/\">https:\/\/lacorrespondenciadebenitoariasmontano.online<\/a> [date of last consultation: DD MM YYYY]<\/p>\n\n\n\n<p><strong>Citation of individual letters<\/strong><\/p>\n\n\n\n<p>Letter from Christopher Plantin to Benito Arias Montano, February 14, 1568, Antonio D\u00e1vila P\u00e9rez (critical edition, translation and notes), in <a href=\"https:\/\/lacorrespondenciadebenitoariasmontano.online\/en\/\"><em>The Correspondence of Benito Arias Montano<\/em>. <em>Digital Critical Edition<\/em><\/a>, Antonio D\u00e1vila P\u00e9rez (dir.), URL de la carta, \u00a7 1 [fecha de \u00faltima consulta: DD MM AAAA]<\/p>\n\n\n\n<p>Letter from Benito Arias Montano to Philip II, \nMarch 25, 1568 (b), Baldomero Mac\u00edas Rosendo (critical edition, translation and notes), in<a href=\"https:\/\/lacorrespondenciadebenitoariasmontano.online\/en\/\"> <em>The Correspondence of Benito Arias Montano<\/em>. <em>Digital Critical Edition<\/em><\/a>, Antonio D\u00e1vila P\u00e9rez (dir.), URL of the letter, \u00a7 2  [date of last consultation: DD MM YYYY]<\/p>\n\n\n\n<p>Letter from Laevinus Torrentius to Benito Arias Montano, July 1, 1578, Luis Charlo Brea (critical edition, translation and notes), in&nbsp;<a href=\"https:\/\/lacorrespondenciadebenitoariasmontano.online\/en\/\"><em>The Correspondence of Benito Arias Montano<\/em>.&nbsp;<em>Digital Critical Edition<\/em><\/a>, Antonio D\u00e1vila P\u00e9rez (dir.), URL of the letter, \u00a7 3 [date of last consultation: DD MM YYYY]<\/p>\n\n\n\n<div style=\"height:41px\" aria-hidden=\"true\" class=\"wp-block-spacer\"><\/div>\n\n\n\n<div style=\"height:23px\" aria-hidden=\"true\" class=\"wp-block-spacer\"><\/div>\n\n\n\n<hr class=\"wp-block-separator has-alpha-channel-opacity is-style-default\"\/>\n\n\n\n<p><\/p>\n\n\n\n<p>We will gladly accept from the users of this edition any comments, suggestions or errors located in it.<\/p>\n\n\n\n<p><\/p>\n\n\n<div class=\"wp-block-jetpack-contact-form\"><a href=\"https:\/\/lacorrespondenciadebenitoariasmontano.online\/en\/contacto\/\" target=\"_blank\" rel=\"noopener noreferrer\">Submit a form.<\/a><\/div>\n\n\n<a rel=\"license\" href=\"http:\/\/creativecommons.org\/licenses\/by\/4.0\/\"><img decoding=\"async\" alt=\"Licencia de Creative Commons\" style=\"border-width:0\" src=\"https:\/\/i.creativecommons.org\/l\/by\/4.0\/88x31.png\"><\/a><br>This work is under a <a rel=\"license\" href=\"http:\/\/creativecommons.org\/licenses\/by\/4.0\/\">Creative Commons Attribution 4.0 International License<\/a>.\n\n\n\n<p><strong>The images of the edition are NOT included in this license<\/strong>.<\/p>\n\n\n\n<p><\/p>\n\n\n\n<p>We have tried to contact all the institutions that own the primary manuscript sources. If you think you should make a claim regarding the rights of images from such sources, please contact us.  <\/p>","protected":false},"excerpt":{"rendered":"<p>La presente edici\u00f3n digital es un proyecto en desarrollo que aspira a seguir creciendo no solo con la edici\u00f3n de las cartas ya localizadas que quedan por incorporarse, sino a partir del hallazgo de nuevas cartas a\u00fan desconocidas por nosotros. El equipo del proyecto agradecer\u00e1 cualquier indicaci\u00f3n sobre nueva correspondencia de Arias Montano.&nbsp; Los autores [&hellip;]<\/p>","protected":false},"author":1,"featured_media":1693,"parent":0,"menu_order":0,"comment_status":"closed","ping_status":"closed","template":"","meta":{"footnotes":""},"class_list":["post-143","page","type-page","status-publish","has-post-thumbnail","czr-hentry"],"_links":{"self":[{"href":"https:\/\/lacorrespondenciadebenitoariasmontano.online\/en\/wp-json\/wp\/v2\/pages\/143"}],"collection":[{"href":"https:\/\/lacorrespondenciadebenitoariasmontano.online\/en\/wp-json\/wp\/v2\/pages"}],"about":[{"href":"https:\/\/lacorrespondenciadebenitoariasmontano.online\/en\/wp-json\/wp\/v2\/types\/page"}],"author":[{"embeddable":true,"href":"https:\/\/lacorrespondenciadebenitoariasmontano.online\/en\/wp-json\/wp\/v2\/users\/1"}],"replies":[{"embeddable":true,"href":"https:\/\/lacorrespondenciadebenitoariasmontano.online\/en\/wp-json\/wp\/v2\/comments?post=143"}],"version-history":[{"count":111,"href":"https:\/\/lacorrespondenciadebenitoariasmontano.online\/en\/wp-json\/wp\/v2\/pages\/143\/revisions"}],"predecessor-version":[{"id":9149,"href":"https:\/\/lacorrespondenciadebenitoariasmontano.online\/en\/wp-json\/wp\/v2\/pages\/143\/revisions\/9149"}],"wp:featuredmedia":[{"embeddable":true,"href":"https:\/\/lacorrespondenciadebenitoariasmontano.online\/en\/wp-json\/wp\/v2\/media\/1693"}],"wp:attachment":[{"href":"https:\/\/lacorrespondenciadebenitoariasmontano.online\/en\/wp-json\/wp\/v2\/media?parent=143"}],"curies":[{"name":"wp","href":"https:\/\/api.w.org\/{rel}","templated":true}]}}