{"id":2643,"date":"2023-04-10T10:51:45","date_gmt":"2023-04-10T10:51:45","guid":{"rendered":"https:\/\/lacorrespondenciadebenitoariasmontano.online\/?page_id=2643"},"modified":"2026-02-01T00:16:45","modified_gmt":"2026-02-01T00:16:45","slug":"correspondencia","status":"publish","type":"page","link":"https:\/\/lacorrespondenciadebenitoariasmontano.online\/en\/correspondencia\/","title":{"rendered":"Letters"},"content":{"rendered":"<div class=\"wp-block-columns is-layout-flex wp-container-core-columns-is-layout-1 wp-block-columns-is-layout-flex\">\n<div class=\"wp-block-column is-layout-flow wp-block-column-is-layout-flow\" style=\"flex-basis:66.66%\"><\/div>\n\n\n\n<div class=\"wp-block-column is-layout-flow wp-block-column-is-layout-flow\" style=\"flex-basis:33.33%\"><form role=\"search\" method=\"get\" action=\"https:\/\/lacorrespondenciadebenitoariasmontano.online\/en\/\" class=\"wp-block-search__button-outside wp-block-search__text-button wp-block-search\" data-trp-original-action=\"https:\/\/lacorrespondenciadebenitoariasmontano.online\/en\/\"    ><label class=\"wp-block-search__label screen-reader-text\" for=\"wp-block-search__input-1\" >Search<\/label><div class=\"wp-block-search__inside-wrapper\" ><input class=\"wp-block-search__input\" id=\"wp-block-search__input-1\" placeholder=\"\" value=\"\" type=\"search\" name=\"s\" required \/><button aria-label=\"Search\" class=\"wp-block-search__button wp-element-button\" type=\"submit\" >Search<\/button><\/div><input type=\"hidden\" name=\"trp-form-language\" value=\"en\"\/><\/form><\/div>\n<\/div>\n\n\n\n<p>In the drop-down menu on the left, the letters are arranged by year. The menu on the right allows users to search for the individuals and places most frequently mentioned in the correspondence; the complete indexes of personal names and place names can be consulted in alphabetical order in the submenus of <a href=\"https:\/\/lacorrespondenciadebenitoariasmontano.online\/en\/indice-de-nombres\/\">Persons<\/a> and <a href=\"https:\/\/lacorrespondenciadebenitoariasmontano.online\/en\/indice-toponimico\/\">Places<\/a>.<\/p>\n\n\n\n<p><\/p>\n\n\n<a name=\"zotpress-lib-43d41bcd4d0686b7d043521acfc58a3f\"><\/a>\n<div id=\"zotpress-lib-43d41bcd4d0686b7d043521acfc58a3f\" class=\"zp-Library zp-Browse\">\n<span class=\"ZP_API_USER_ID\" style=\"display: none;\">11208749<\/span>\n\n<span class=\"ZP_MAXTAGS\" style=\"display: none;\">100<\/span>\n<span class=\"ZP_STYLE\" style=\"display: none;\"><\/span>\n<span class=\"ZP_SORTBY\" style=\"display: none;\">date<\/span>\n<span class=\"ZP_ORDER\" style=\"display: none;\">asc<\/span>\n<span class=\"ZP_CITEABLE\" style=\"display: none;\"><\/span>\n<span class=\"ZP_DOWNLOADABLE\" style=\"display: none;\"><\/span>\n<span class=\"ZP_SHOWTAGS\" style=\"display: none;\"><\/span>\n<span class=\"ZP_SHOWIMAGE\" style=\"display: none;\"><\/span>\n<span class=\"ZP_TOPLEVEL\" style=\"display: none;\">toplevel<\/span><span class=\"ZP_TARGET\" style=\"display: none;\"><\/span>\n<span class=\"ZP_URLWRAP\" style=\"display: none;\">title<\/span><span class=\"ZP_BROWSEBAR\" style=\"display: none;\">1<\/span>\n<input type=\"hidden\" class=\"ZOTPRESS_AC_MAXPERPAGE\" name=\"ZOTPRESS_AC_MAXPERPAGE\" value=\"10\">\n<div class=\"zp-Browse-Bar\"><div class=\"zp-Browse-Collections\"><div class='zp-Browse-Select'>\n<select class='zp-Browse-Collections-Select'>\n<option class='loading' value='loading'>Loading ...<\/option><option value='blank' class='blank'>Top Level<\/option><\/select>\n<\/div>\n\n<\/div><!-- .zp-Browse-Collections -->\n<div class=\"zp-Browse-Tags\"><div class='zp-Browse-Select'>\n<select class=\"zp-List-Tags\" name=\"zp-List-Tags\">\n<option class='loading' value='loading'>Loading ...<\/option>\n<\/select>\n<\/div>\n\n<\/div><!-- .zp-Browse-Tags -->\n<\/div><!-- .zp-Browse-Bar -->\n\n<div class=\"zp-List loading\"><div class='zp-Collection-Title'>Top Level Items<\/div>\n<div class=\"zpSearchResultsContainer\"><\/div><div class=\"zpSearchResultsPagingContainer\"><div class=\"zpSearchResultsPagingContainerInner\"><div class=\"zpSearchResultsPagingCrop\"><div class=\"zpSearchResultsPaging\"><\/div><\/div><\/div><\/div><\/div><!-- .zp-List -->\n<\/div><!-- .zp-Browse -->\n\n\n\n\n\n<p><\/p>\n\n\n\n<p><\/p>","protected":false},"excerpt":{"rendered":"<p>En el men\u00fa desplegable de la izquierda se pueden localizar las cartas agrupadas por a\u00f1os. El men\u00fa de la derecha permite hacer b\u00fasquedas de los personajes y lugares referidos con m\u00e1s frecuencia en el epistolario; los \u00edndices completos de nombres de persona y lugar pueden consultarse en orden alfab\u00e9tico en los submen\u00fas de Personas y [&hellip;]<\/p>","protected":false},"author":1,"featured_media":0,"parent":0,"menu_order":0,"comment_status":"closed","ping_status":"closed","template":"custom-page.php","meta":{"footnotes":""},"class_list":["post-2643","page","type-page","status-publish","czr-hentry"],"_links":{"self":[{"href":"https:\/\/lacorrespondenciadebenitoariasmontano.online\/en\/wp-json\/wp\/v2\/pages\/2643"}],"collection":[{"href":"https:\/\/lacorrespondenciadebenitoariasmontano.online\/en\/wp-json\/wp\/v2\/pages"}],"about":[{"href":"https:\/\/lacorrespondenciadebenitoariasmontano.online\/en\/wp-json\/wp\/v2\/types\/page"}],"author":[{"embeddable":true,"href":"https:\/\/lacorrespondenciadebenitoariasmontano.online\/en\/wp-json\/wp\/v2\/users\/1"}],"replies":[{"embeddable":true,"href":"https:\/\/lacorrespondenciadebenitoariasmontano.online\/en\/wp-json\/wp\/v2\/comments?post=2643"}],"version-history":[{"count":30,"href":"https:\/\/lacorrespondenciadebenitoariasmontano.online\/en\/wp-json\/wp\/v2\/pages\/2643\/revisions"}],"predecessor-version":[{"id":10307,"href":"https:\/\/lacorrespondenciadebenitoariasmontano.online\/en\/wp-json\/wp\/v2\/pages\/2643\/revisions\/10307"}],"wp:attachment":[{"href":"https:\/\/lacorrespondenciadebenitoariasmontano.online\/en\/wp-json\/wp\/v2\/media?parent=2643"}],"curies":[{"name":"wp","href":"https:\/\/api.w.org\/{rel}","templated":true}]}}