{"id":3681,"date":"2023-09-29T09:37:23","date_gmt":"2023-09-29T09:37:23","guid":{"rendered":"https:\/\/lacorrespondenciadebenitoariasmontano.online\/?page_id=3681"},"modified":"2026-01-29T10:08:28","modified_gmt":"2026-01-29T10:08:28","slug":"indice-de-nombres-alvarez-de-toledo-fernando-iii-duque-de-alba","status":"publish","type":"page","link":"https:\/\/lacorrespondenciadebenitoariasmontano.online\/en\/indice-de-nombres\/indice-de-nombres-alvarez-de-toledo-fernando-iii-duque-de-alba\/","title":{"rendered":"\u00c1lvarez de Toledo, Fadrique"},"content":{"rendered":"<p>Fadrique \u00c1lvarez de Toledo y Enr\u00edquez de Guzm\u00e1n (1537-1583), fourth Duke of Alba, commander of the Spanish Crown's army in the Netherlands under his father, Fernando \u00c1lvarez de Toledo. He married three times, without producing any children. In 1566, a broken promise of marriage to Magdalena de Guzm\u00e1n, a lady-in-waiting to the queen, led to his imprisonment in the Castle of La Mota, in Medina del Campo. In 1568, he was released to accompany his father in the Flanders War, but after their return to Spain in 1574, the old sentence was reinstated due to Fadrique's secret marriage to Mar\u00eda de Toledo, daughter of Garc\u00eda \u00c1lvarez de Toledo y Osorio, Marquis of Villafranca and Viceroy of Sicily, a cousin of the Duke of Alba. This new process led in 1579 to the imprisonment of Don Fadrique in the castle of La Mota and the exile of the Duke of Alba to Uceda. Cf.\u00a0<em>BNB<\/em>, XV (1930-1932), cols. 387-388.<\/p>\n\n\n\n<div style=\"height:51px\" aria-hidden=\"true\" class=\"wp-block-spacer\"><\/div>\n\n\n\n<p><a href=\"https:\/\/lacorrespondenciadebenitoariasmontano.online\/en\/\"><\/a><\/p>\n\n\n\n<p>     <strong>Sender<\/strong><\/p>\n\n\n<div id=\"zotpress-c886b47e2ae2ecadcf15c5f5dc6f82c8\" class=\"zp-Zotpress zp-Zotpress-Bib wp-block-group forcenumber\">\n\n\t\t<span class=\"ZP_API_USER_ID\" style=\"display: none;\">11208749<\/span>\n\t\t<span class=\"ZP_ITEM_KEY\" style=\"display: none;\"><\/span>\n\t\t<span class=\"ZP_COLLECTION_ID\" style=\"display: none;\"><\/span>\n\t\t<span class=\"ZP_TAG_ID\" style=\"display: none;\">Fadrique \u00c1lvarez de Toledo - remitente<\/span>\n\t\t<span class=\"ZP_AUTHOR\" style=\"display: none;\"><\/span>\n\t\t<span class=\"ZP_YEAR\" style=\"display: none;\"><\/span>\n        <span class=\"ZP_ITEMTYPE\" style=\"display: none;\"><\/span>\n\t\t<span class=\"ZP_INCLUSIVE\" style=\"display: none;\"><\/span>\n\t\t<span class=\"ZP_STYLE\" style=\"display: none;\">nature<\/span>\n\t\t<span class=\"ZP_LIMIT\" style=\"display: none;\">50<\/span>\n\t\t<span class=\"ZP_SORTBY\" style=\"display: none;\">date<\/span>\n\t\t<span class=\"ZP_ORDER\" style=\"display: none;\">asc<\/span>\n\t\t<span class=\"ZP_TITLE\" style=\"display: none;\"><\/span>\n\t\t<span class=\"ZP_SHOWIMAGE\" style=\"display: none;\"><\/span>\n\t\t<span class=\"ZP_SHOWTAGS\" style=\"display: none;\"><\/span>\n\t\t<span class=\"ZP_DOWNLOADABLE\" style=\"display: none;\"><\/span>\n\t\t<span class=\"ZP_NOTES\" style=\"display: none;\"><\/span>\n\t\t<span class=\"ZP_ABSTRACT\" style=\"display: none;\"><\/span>\n\t\t<span class=\"ZP_CITEABLE\" style=\"display: none;\"><\/span>\n\t\t<span class=\"ZP_TARGET\" style=\"display: none;\"><\/span>\n\t\t<span class=\"ZP_URLWRAP\" style=\"display: none;\">title<\/span>\n\t\t<span class=\"ZP_FORCENUM\" style=\"display: none;\">1<\/span>\n        <span class=\"ZP_HIGHLIGHT\" style=\"display: none;\"><\/span>\n        <span class=\"ZP_POSTID\" style=\"display: none;\">3681<\/span>\n\t\t<span class=\"ZOTPRESS_PLUGIN_URL\" style=\"display:none;\">https:\/\/lacorrespondenciadebenitoariasmontano.online\/wp-content\/plugins\/zotpress\/<\/span>\n\n\t\t<div class=\"zp-List loading\">\n\t\t\t<div class=\"zp-SEO-Content\">\n\n\t\t\t<\/div><!-- .zp-zp-SEO-Content -->\n\t\t<\/div><!-- .zp-List -->\n\t<\/div><!--.zp-Zotpress-->\n\n\n\n\n\n<p>     <strong>Recipient<\/strong><\/p>\n\n\n<div id=\"zotpress-d13b39ba55f5523feed88c6d8766e60c\" class=\"zp-Zotpress zp-Zotpress-Bib wp-block-group\">\n\n\t\t<span class=\"ZP_API_USER_ID\" style=\"display: none;\">11208749<\/span>\n\t\t<span class=\"ZP_ITEM_KEY\" style=\"display: none;\"><\/span>\n\t\t<span class=\"ZP_COLLECTION_ID\" style=\"display: none;\"><\/span>\n\t\t<span class=\"ZP_TAG_ID\" style=\"display: none;\">Fadrique \u00c1lvarez de Toledo - destinatario<\/span>\n\t\t<span class=\"ZP_AUTHOR\" style=\"display: none;\"><\/span>\n\t\t<span class=\"ZP_YEAR\" style=\"display: none;\"><\/span>\n        <span class=\"ZP_ITEMTYPE\" style=\"display: none;\"><\/span>\n\t\t<span class=\"ZP_INCLUSIVE\" style=\"display: none;\"><\/span>\n\t\t<span class=\"ZP_STYLE\" style=\"display: none;\">nature<\/span>\n\t\t<span class=\"ZP_LIMIT\" style=\"display: none;\">50<\/span>\n\t\t<span class=\"ZP_SORTBY\" style=\"display: none;\">date<\/span>\n\t\t<span class=\"ZP_ORDER\" style=\"display: none;\">asc<\/span>\n\t\t<span class=\"ZP_TITLE\" style=\"display: none;\"><\/span>\n\t\t<span class=\"ZP_SHOWIMAGE\" style=\"display: none;\"><\/span>\n\t\t<span class=\"ZP_SHOWTAGS\" style=\"display: none;\"><\/span>\n\t\t<span class=\"ZP_DOWNLOADABLE\" style=\"display: none;\"><\/span>\n\t\t<span class=\"ZP_NOTES\" style=\"display: none;\"><\/span>\n\t\t<span class=\"ZP_ABSTRACT\" style=\"display: none;\"><\/span>\n\t\t<span class=\"ZP_CITEABLE\" style=\"display: none;\"><\/span>\n\t\t<span class=\"ZP_TARGET\" style=\"display: none;\"><\/span>\n\t\t<span class=\"ZP_URLWRAP\" style=\"display: none;\">title<\/span>\n\t\t<span class=\"ZP_FORCENUM\" style=\"display: none;\"><\/span>\n        <span class=\"ZP_HIGHLIGHT\" style=\"display: none;\"><\/span>\n        <span class=\"ZP_POSTID\" style=\"display: none;\">3681<\/span>\n\t\t<span class=\"ZOTPRESS_PLUGIN_URL\" style=\"display:none;\">https:\/\/lacorrespondenciadebenitoariasmontano.online\/wp-content\/plugins\/zotpress\/<\/span>\n\n\t\t<div class=\"zp-List loading\">\n\t\t\t<div class=\"zp-SEO-Content\">\n\n\t\t\t<\/div><!-- .zp-zp-SEO-Content -->\n\t\t<\/div><!-- .zp-List -->\n\t<\/div><!--.zp-Zotpress-->\n\n\n\n\n\n<p>     <strong>Mentioned<\/strong><\/p>\n\n\n<div id=\"zotpress-40323b85686f9ee939cd43d7461da198\" class=\"zp-Zotpress zp-Zotpress-Bib wp-block-group\">\n\n\t\t<span class=\"ZP_API_USER_ID\" style=\"display: none;\">11208749<\/span>\n\t\t<span class=\"ZP_ITEM_KEY\" style=\"display: none;\"><\/span>\n\t\t<span class=\"ZP_COLLECTION_ID\" style=\"display: none;\"><\/span>\n\t\t<span class=\"ZP_TAG_ID\" style=\"display: none;\">Fadrique \u00c1lvarez de Toledo - mencionado<\/span>\n\t\t<span class=\"ZP_AUTHOR\" style=\"display: none;\"><\/span>\n\t\t<span class=\"ZP_YEAR\" style=\"display: none;\"><\/span>\n        <span class=\"ZP_ITEMTYPE\" style=\"display: none;\"><\/span>\n\t\t<span class=\"ZP_INCLUSIVE\" style=\"display: none;\"><\/span>\n\t\t<span class=\"ZP_STYLE\" style=\"display: none;\">nature<\/span>\n\t\t<span class=\"ZP_LIMIT\" style=\"display: none;\">50<\/span>\n\t\t<span class=\"ZP_SORTBY\" style=\"display: none;\">date<\/span>\n\t\t<span class=\"ZP_ORDER\" style=\"display: none;\">asc<\/span>\n\t\t<span class=\"ZP_TITLE\" style=\"display: none;\"><\/span>\n\t\t<span class=\"ZP_SHOWIMAGE\" style=\"display: none;\"><\/span>\n\t\t<span class=\"ZP_SHOWTAGS\" style=\"display: none;\"><\/span>\n\t\t<span class=\"ZP_DOWNLOADABLE\" style=\"display: none;\"><\/span>\n\t\t<span class=\"ZP_NOTES\" style=\"display: none;\"><\/span>\n\t\t<span class=\"ZP_ABSTRACT\" style=\"display: none;\"><\/span>\n\t\t<span class=\"ZP_CITEABLE\" style=\"display: none;\"><\/span>\n\t\t<span class=\"ZP_TARGET\" style=\"display: none;\"><\/span>\n\t\t<span class=\"ZP_URLWRAP\" style=\"display: none;\">title<\/span>\n\t\t<span class=\"ZP_FORCENUM\" style=\"display: none;\"><\/span>\n        <span class=\"ZP_HIGHLIGHT\" style=\"display: none;\"><\/span>\n        <span class=\"ZP_POSTID\" style=\"display: none;\">3681<\/span>\n\t\t<span class=\"ZOTPRESS_PLUGIN_URL\" style=\"display:none;\">https:\/\/lacorrespondenciadebenitoariasmontano.online\/wp-content\/plugins\/zotpress\/<\/span>\n\n\t\t<div class=\"zp-List loading\">\n\t\t\t<div class=\"zp-SEO-Content\">\n\t\t\t\t<span class=\"ZP_JSON\" style=\"display: none;\">%7B%22status%22%3A%22success%22%2C%22updateneeded%22%3Afalse%2C%22instance%22%3A%22zotpress-40323b85686f9ee939cd43d7461da198%22%2C%22meta%22%3A%7B%22request_last%22%3A0%2C%22request_next%22%3A0%2C%22used_cache%22%3Atrue%7D%2C%22data%22%3A%5B%7B%22key%22%3A%22MBKJP57P%22%2C%22library%22%3A%7B%22id%22%3A11208749%7D%2C%22meta%22%3A%7B%22parsedDate%22%3A%221569-02-11%22%2C%22numChildren%22%3A1%7D%2C%22bib%22%3A%22%3Cdiv%20class%3D%5C%22csl-bib-body%5C%22%20style%3D%5C%22line-height%3A%202%3B%20%5C%22%3E%5Cn%20%3Cdiv%20class%3D%5C%22csl-entry%5C%22%20style%3D%5C%22clear%3A%20left%3B%20%5C%22%3E%5Cn%20%3Cdiv%20class%3D%5C%22csl-left-margin%5C%22%20style%3D%5C%22float%3A%20left%3B%20padding-right%3A%200.5em%3B%20text-align%3A%20right%3B%20width%3A%201em%3B%5C%22%3E1.%3C%5C%2Fdiv%3E%3Cdiv%20class%3D%5C%22csl-right-inline%5C%22%20style%3D%5C%22margin%3A%200%20.4em%200%201.5em%3B%5C%22%3E%3Ca%20href%3D%27https%3A%5C%2F%5C%2Flacorrespondenciadebenitoariasmontano.online%5C%2Fes_es%5C%2F1569-02-11%27%3E1569%2002%2011%20Benito%20Arias%20Montano%20%28Amberes%29%20a%20Gabriel%20de%20Zayas%20%28Madrid%29%3C%5C%2Fa%3E.%20%281569%29.%3C%5C%2Fdiv%3E%5Cn%20%3C%5C%2Fdiv%3E%5Cn%3C%5C%2Fdiv%3E%22%2C%22data%22%3A%7B%22itemType%22%3A%22letter%22%2C%22title%22%3A%221569%2002%2011%20Benito%20Arias%20Montano%20%28Amberes%29%20a%20Gabriel%20de%20Zayas%20%28Madrid%29%22%2C%22creators%22%3A%5B%5D%2C%22abstractNote%22%3A%22%22%2C%22letterType%22%3A%22%22%2C%22date%22%3A%221569-02-11%22%2C%22eventPlace%22%3A%22%22%2C%22DOI%22%3A%22%22%2C%22citationKey%22%3A%22%22%2C%22url%22%3A%22https%3A%5C%2F%5C%2Flacorrespondenciadebenitoariasmontano.online%5C%2Fes_es%5C%2F1569-02-11%22%2C%22language%22%3A%22%22%2C%22collections%22%3A%5B%22UEXSTZJB%22%5D%2C%22dateModified%22%3A%222026-02-04T18%3A56%3A23Z%22%7D%7D%2C%7B%22key%22%3A%2276TUDEZT%22%2C%22library%22%3A%7B%22id%22%3A11208749%7D%2C%22meta%22%3A%7B%22parsedDate%22%3A%221569-04-16%22%2C%22numChildren%22%3A1%7D%2C%22bib%22%3A%22%3Cdiv%20class%3D%5C%22csl-bib-body%5C%22%20style%3D%5C%22line-height%3A%202%3B%20%5C%22%3E%5Cn%20%3Cdiv%20class%3D%5C%22csl-entry%5C%22%20style%3D%5C%22clear%3A%20left%3B%20%5C%22%3E%5Cn%20%3Cdiv%20class%3D%5C%22csl-left-margin%5C%22%20style%3D%5C%22float%3A%20left%3B%20padding-right%3A%200.5em%3B%20text-align%3A%20right%3B%20width%3A%201em%3B%5C%22%3E1.%3C%5C%2Fdiv%3E%3Cdiv%20class%3D%5C%22csl-right-inline%5C%22%20style%3D%5C%22margin%3A%200%20.4em%200%201.5em%3B%5C%22%3E%3Ca%20href%3D%27https%3A%5C%2F%5C%2Flacorrespondenciadebenitoariasmontano.online%5C%2Fes_es%5C%2F1569-04-16%27%3E1569%2004%2016%20Daniel%20Barbaro%20%28Venecia%29%20a%20Benito%20Arias%20Montano%20%28Amberes%29%3C%5C%2Fa%3E.%20%281569%29.%3C%5C%2Fdiv%3E%5Cn%20%3C%5C%2Fdiv%3E%5Cn%3C%5C%2Fdiv%3E%22%2C%22data%22%3A%7B%22itemType%22%3A%22letter%22%2C%22title%22%3A%221569%2004%2016%20Daniel%20Barbaro%20%28Venecia%29%20a%20Benito%20Arias%20Montano%20%28Amberes%29%22%2C%22creators%22%3A%5B%5D%2C%22abstractNote%22%3A%22%22%2C%22letterType%22%3A%22%22%2C%22date%22%3A%221569-04-16%22%2C%22eventPlace%22%3A%22%22%2C%22DOI%22%3A%22%22%2C%22citationKey%22%3A%22%22%2C%22url%22%3A%22https%3A%5C%2F%5C%2Flacorrespondenciadebenitoariasmontano.online%5C%2Fes_es%5C%2F1569-04-16%22%2C%22language%22%3A%22%22%2C%22collections%22%3A%5B%22UEXSTZJB%22%5D%2C%22dateModified%22%3A%222026-02-07T17%3A08%3A26Z%22%7D%7D%2C%7B%22key%22%3A%2255Z9ENBJ%22%2C%22library%22%3A%7B%22id%22%3A11208749%7D%2C%22meta%22%3A%7B%22parsedDate%22%3A%221569-12-23%22%2C%22numChildren%22%3A1%7D%2C%22bib%22%3A%22%3Cdiv%20class%3D%5C%22csl-bib-body%5C%22%20style%3D%5C%22line-height%3A%202%3B%20%5C%22%3E%5Cn%20%3Cdiv%20class%3D%5C%22csl-entry%5C%22%20style%3D%5C%22clear%3A%20left%3B%20%5C%22%3E%5Cn%20%3Cdiv%20class%3D%5C%22csl-left-margin%5C%22%20style%3D%5C%22float%3A%20left%3B%20padding-right%3A%200.5em%3B%20text-align%3A%20right%3B%20width%3A%201em%3B%5C%22%3E1.%3C%5C%2Fdiv%3E%3Cdiv%20class%3D%5C%22csl-right-inline%5C%22%20style%3D%5C%22margin%3A%200%20.4em%200%201.5em%3B%5C%22%3E%3Ca%20href%3D%27https%3A%5C%2F%5C%2Flacorrespondenciadebenitoariasmontano.online%5C%2Fes_es%5C%2F1569-12-23-z%27%3E1569%2012%2023%20Z%20Benito%20Arias%20Montano%20%28Amberes%29%20a%20Gabriel%20de%20Zayas%20%5BMadrid%5D%3C%5C%2Fa%3E.%20%281569%29.%3C%5C%2Fdiv%3E%5Cn%20%3C%5C%2Fdiv%3E%5Cn%3C%5C%2Fdiv%3E%22%2C%22data%22%3A%7B%22itemType%22%3A%22letter%22%2C%22title%22%3A%221569%2012%2023%20Z%20Benito%20Arias%20Montano%20%28Amberes%29%20a%20Gabriel%20de%20Zayas%20%5BMadrid%5D%22%2C%22creators%22%3A%5B%5D%2C%22abstractNote%22%3A%22%22%2C%22letterType%22%3A%22%22%2C%22date%22%3A%221569-12-23%22%2C%22eventPlace%22%3A%22%22%2C%22DOI%22%3A%22%22%2C%22citationKey%22%3A%22%22%2C%22url%22%3A%22https%3A%5C%2F%5C%2Flacorrespondenciadebenitoariasmontano.online%5C%2Fes_es%5C%2F1569-12-23-z%22%2C%22language%22%3A%22%22%2C%22collections%22%3A%5B%22UEXSTZJB%22%5D%2C%22dateModified%22%3A%222026-02-16T08%3A26%3A42Z%22%7D%7D%5D%7D<\/span>\n\n\t\t\t\t<div id=\"zp-ID-3681-11208749-MBKJP57P\" data-zp-author-date='-1569-02-11' data-zp-date-author='1569-02-11-' data-zp-date='1569-02-11' data-zp-year='1569' data-zp-itemtype='letter' class=\"zp-Entry zpSearchResultsItem\">\n<div class=\"csl-bib-body\" style=\"line-height: 2; \">\n <div class=\"csl-entry\" style=\"clear: left; \">\n <div class=\"csl-left-margin\" style=\"float: left; padding-right: 0.5em; text-align: right; width: 1em;\">1.<\/div><div class=\"csl-right-inline\" style=\"margin: 0 .4em 0 1.5em;\"><a href='https:\/\/lacorrespondenciadebenitoariasmontano.online\/en\/1569-02-11\/'>1569 02 11 Benito Arias Montano (Antwerp) to Gabriel de Zayas (Madrid)<\/a>. (1569).<\/div>\n <\/div>\n<\/div>\n\t\t\t\t<\/div><!-- .zp-Entry .zpSearchResultsItem -->\t\t\t\t<div id=\"zp-ID-3681-11208749-76TUDEZT\" data-zp-author-date='-1569-04-16' data-zp-date-author='1569-04-16-' data-zp-date='1569-04-16' data-zp-year='1569' data-zp-itemtype='letter' class=\"zp-Entry zpSearchResultsItem\">\n<div class=\"csl-bib-body\" style=\"line-height: 2; \">\n <div class=\"csl-entry\" style=\"clear: left; \">\n <div class=\"csl-left-margin\" style=\"float: left; padding-right: 0.5em; text-align: right; width: 1em;\">1.<\/div><div class=\"csl-right-inline\" style=\"margin: 0 .4em 0 1.5em;\"><a href='https:\/\/lacorrespondenciadebenitoariasmontano.online\/en\/1569-04-16\/'>1569 04 16 Daniel Barbaro (Venice) to Benito Arias Montano (Antwerp)<\/a>. (1569).<\/div>\n <\/div>\n<\/div>\n\t\t\t\t<\/div><!-- .zp-Entry .zpSearchResultsItem -->\t\t\t\t<div id=\"zp-ID-3681-11208749-55Z9ENBJ\" data-zp-author-date='-1569-12-23' data-zp-date-author='1569-12-23-' data-zp-date='1569-12-23' data-zp-year='1569' data-zp-itemtype='letter' class=\"zp-Entry zpSearchResultsItem\">\n<div class=\"csl-bib-body\" style=\"line-height: 2; \">\n <div class=\"csl-entry\" style=\"clear: left; \">\n <div class=\"csl-left-margin\" style=\"float: left; padding-right: 0.5em; text-align: right; width: 1em;\">1.<\/div><div class=\"csl-right-inline\" style=\"margin: 0 .4em 0 1.5em;\"><a href='https:\/\/lacorrespondenciadebenitoariasmontano.online\/en\/1569-12-23-z\/'>1569 12 23 Z Benito Arias Montano (Antwerp) a Gabriel de Zayas [Madrid]<\/a>. (1569).<\/div>\n <\/div>\n<\/div>\n\t\t\t\t<\/div><!-- .zp-Entry .zpSearchResultsItem -->\n\t\t\t<\/div><!-- .zp-zp-SEO-Content -->\n\t\t<\/div><!-- .zp-List -->\n\t<\/div><!--.zp-Zotpress-->","protected":false},"excerpt":{"rendered":"<p>Fadrique \u00c1lvarez de Toledo y Enr\u00edquez de Guzm\u00e1n (1537-1583), cuarto duque de Alba, comandante del ej\u00e9rcito de la Corona espa\u00f1ola en los Pa\u00edses Bajos a las \u00f3rdenes de su padre Fernando \u00c1lvarez de Toledo. Contrajo matrimonio tres veces, sin dejar descendencia. En 1566, una promesa de matrimonio incumplida a Magdalena de Guzm\u00e1n, dama de compa\u00f1\u00eda [&hellip;]<\/p>","protected":false},"author":1,"featured_media":0,"parent":3423,"menu_order":0,"comment_status":"closed","ping_status":"closed","template":"","meta":{"footnotes":""},"class_list":["post-3681","page","type-page","status-publish","czr-hentry"],"_links":{"self":[{"href":"https:\/\/lacorrespondenciadebenitoariasmontano.online\/en\/wp-json\/wp\/v2\/pages\/3681"}],"collection":[{"href":"https:\/\/lacorrespondenciadebenitoariasmontano.online\/en\/wp-json\/wp\/v2\/pages"}],"about":[{"href":"https:\/\/lacorrespondenciadebenitoariasmontano.online\/en\/wp-json\/wp\/v2\/types\/page"}],"author":[{"embeddable":true,"href":"https:\/\/lacorrespondenciadebenitoariasmontano.online\/en\/wp-json\/wp\/v2\/users\/1"}],"replies":[{"embeddable":true,"href":"https:\/\/lacorrespondenciadebenitoariasmontano.online\/en\/wp-json\/wp\/v2\/comments?post=3681"}],"version-history":[{"count":9,"href":"https:\/\/lacorrespondenciadebenitoariasmontano.online\/en\/wp-json\/wp\/v2\/pages\/3681\/revisions"}],"predecessor-version":[{"id":10202,"href":"https:\/\/lacorrespondenciadebenitoariasmontano.online\/en\/wp-json\/wp\/v2\/pages\/3681\/revisions\/10202"}],"up":[{"embeddable":true,"href":"https:\/\/lacorrespondenciadebenitoariasmontano.online\/en\/wp-json\/wp\/v2\/pages\/3423"}],"wp:attachment":[{"href":"https:\/\/lacorrespondenciadebenitoariasmontano.online\/en\/wp-json\/wp\/v2\/media?parent=3681"}],"curies":[{"name":"wp","href":"https:\/\/api.w.org\/{rel}","templated":true}]}}