{"id":4782,"date":"2023-12-08T10:48:35","date_gmt":"2023-12-08T10:48:35","guid":{"rendered":"https:\/\/lacorrespondenciadebenitoariasmontano.online\/?page_id=4782"},"modified":"2026-02-02T12:03:27","modified_gmt":"2026-02-02T12:03:27","slug":"indice-de-nombres-brancion-jean-de","status":"publish","type":"page","link":"https:\/\/lacorrespondenciadebenitoariasmontano.online\/en\/indice-de-nombres\/indice-de-nombres-brancion-jean-de\/","title":{"rendered":"Brancion, Jean de"},"content":{"rendered":"<p>Jean de Brancion, a nobleman from Mechelen with a keen interest in plants. After Clusius returned from Spain in 1565, he lived for a year in Bruges with Charles de St. Odomarus. He later moved to Mechelen, where he benefited from Brancion\u2019s hospitality, until Emperor Maximilian II invited him to Vienna in 1573.<\/p>\n\n\n\n<div style=\"height:56px\" aria-hidden=\"true\" class=\"wp-block-spacer\"><\/div>\n\n\n\n<p><strong>Sender<\/strong><\/p>\n\n\n<div id=\"zotpress-708c4e26b09940e73e40ebdb49a3e9b4\" class=\"zp-Zotpress zp-Zotpress-Bib wp-block-group\">\n\n\t\t<span class=\"ZP_API_USER_ID\" style=\"display: none;\">11208749<\/span>\n\t\t<span class=\"ZP_ITEM_KEY\" style=\"display: none;\"><\/span>\n\t\t<span class=\"ZP_COLLECTION_ID\" style=\"display: none;\"><\/span>\n\t\t<span class=\"ZP_TAG_ID\" style=\"display: none;\">Jean de Brancion - remitente<\/span>\n\t\t<span class=\"ZP_AUTHOR\" style=\"display: none;\"><\/span>\n\t\t<span class=\"ZP_YEAR\" style=\"display: none;\"><\/span>\n        <span class=\"ZP_ITEMTYPE\" style=\"display: none;\"><\/span>\n\t\t<span class=\"ZP_INCLUSIVE\" style=\"display: none;\"><\/span>\n\t\t<span class=\"ZP_STYLE\" style=\"display: none;\">nature<\/span>\n\t\t<span class=\"ZP_LIMIT\" style=\"display: none;\">50<\/span>\n\t\t<span class=\"ZP_SORTBY\" style=\"display: none;\">date<\/span>\n\t\t<span class=\"ZP_ORDER\" style=\"display: none;\"><\/span>\n\t\t<span class=\"ZP_TITLE\" style=\"display: none;\"><\/span>\n\t\t<span class=\"ZP_SHOWIMAGE\" style=\"display: none;\"><\/span>\n\t\t<span class=\"ZP_SHOWTAGS\" style=\"display: none;\"><\/span>\n\t\t<span class=\"ZP_DOWNLOADABLE\" style=\"display: none;\"><\/span>\n\t\t<span class=\"ZP_NOTES\" style=\"display: none;\"><\/span>\n\t\t<span class=\"ZP_ABSTRACT\" style=\"display: none;\"><\/span>\n\t\t<span class=\"ZP_CITEABLE\" style=\"display: none;\"><\/span>\n\t\t<span class=\"ZP_TARGET\" style=\"display: none;\"><\/span>\n\t\t<span class=\"ZP_URLWRAP\" style=\"display: none;\">title<\/span>\n\t\t<span class=\"ZP_FORCENUM\" style=\"display: none;\"><\/span>\n        <span class=\"ZP_HIGHLIGHT\" style=\"display: none;\"><\/span>\n        <span class=\"ZP_POSTID\" style=\"display: none;\">4782<\/span>\n\t\t<span class=\"ZOTPRESS_PLUGIN_URL\" style=\"display:none;\">https:\/\/lacorrespondenciadebenitoariasmontano.online\/wp-content\/plugins\/zotpress\/<\/span>\n\n\t\t<div class=\"zp-List loading\">\n\t\t\t<div class=\"zp-SEO-Content\">\n\n\t\t\t<\/div><!-- .zp-zp-SEO-Content -->\n\t\t<\/div><!-- .zp-List -->\n\t<\/div><!--.zp-Zotpress-->\n\n\n\n\n\n<p><strong>Recipient<\/strong><\/p>\n\n\n<div id=\"zotpress-0429808516ae50e1b883d00197bab52a\" class=\"zp-Zotpress zp-Zotpress-Bib wp-block-group\">\n\n\t\t<span class=\"ZP_API_USER_ID\" style=\"display: none;\">11208749<\/span>\n\t\t<span class=\"ZP_ITEM_KEY\" style=\"display: none;\"><\/span>\n\t\t<span class=\"ZP_COLLECTION_ID\" style=\"display: none;\"><\/span>\n\t\t<span class=\"ZP_TAG_ID\" style=\"display: none;\">Jean de Brancion - destinatario<\/span>\n\t\t<span class=\"ZP_AUTHOR\" style=\"display: none;\"><\/span>\n\t\t<span class=\"ZP_YEAR\" style=\"display: none;\"><\/span>\n        <span class=\"ZP_ITEMTYPE\" style=\"display: none;\"><\/span>\n\t\t<span class=\"ZP_INCLUSIVE\" style=\"display: none;\"><\/span>\n\t\t<span class=\"ZP_STYLE\" style=\"display: none;\">nature<\/span>\n\t\t<span class=\"ZP_LIMIT\" style=\"display: none;\">50<\/span>\n\t\t<span class=\"ZP_SORTBY\" style=\"display: none;\">date<\/span>\n\t\t<span class=\"ZP_ORDER\" style=\"display: none;\">asc<\/span>\n\t\t<span class=\"ZP_TITLE\" style=\"display: none;\"><\/span>\n\t\t<span class=\"ZP_SHOWIMAGE\" style=\"display: none;\"><\/span>\n\t\t<span class=\"ZP_SHOWTAGS\" style=\"display: none;\"><\/span>\n\t\t<span class=\"ZP_DOWNLOADABLE\" style=\"display: none;\"><\/span>\n\t\t<span class=\"ZP_NOTES\" style=\"display: none;\"><\/span>\n\t\t<span class=\"ZP_ABSTRACT\" style=\"display: none;\"><\/span>\n\t\t<span class=\"ZP_CITEABLE\" style=\"display: none;\"><\/span>\n\t\t<span class=\"ZP_TARGET\" style=\"display: none;\"><\/span>\n\t\t<span class=\"ZP_URLWRAP\" style=\"display: none;\">title<\/span>\n\t\t<span class=\"ZP_FORCENUM\" style=\"display: none;\"><\/span>\n        <span class=\"ZP_HIGHLIGHT\" style=\"display: none;\"><\/span>\n        <span class=\"ZP_POSTID\" style=\"display: none;\">4782<\/span>\n\t\t<span class=\"ZOTPRESS_PLUGIN_URL\" style=\"display:none;\">https:\/\/lacorrespondenciadebenitoariasmontano.online\/wp-content\/plugins\/zotpress\/<\/span>\n\n\t\t<div class=\"zp-List loading\">\n\t\t\t<div class=\"zp-SEO-Content\">\n\n\t\t\t<\/div><!-- .zp-zp-SEO-Content -->\n\t\t<\/div><!-- .zp-List -->\n\t<\/div><!--.zp-Zotpress-->\n\n\n\n\n\n<p><strong>Mentioned<\/strong><\/p>\n\n\n<div id=\"zotpress-9aad6a693ecc46025ff992975f96bd85\" class=\"zp-Zotpress zp-Zotpress-Bib wp-block-group\">\n\n\t\t<span class=\"ZP_API_USER_ID\" style=\"display: none;\">11208749<\/span>\n\t\t<span class=\"ZP_ITEM_KEY\" style=\"display: none;\"><\/span>\n\t\t<span class=\"ZP_COLLECTION_ID\" style=\"display: none;\"><\/span>\n\t\t<span class=\"ZP_TAG_ID\" style=\"display: none;\">Jean de Brancion - mencionado<\/span>\n\t\t<span class=\"ZP_AUTHOR\" style=\"display: none;\"><\/span>\n\t\t<span class=\"ZP_YEAR\" style=\"display: none;\"><\/span>\n        <span class=\"ZP_ITEMTYPE\" style=\"display: none;\"><\/span>\n\t\t<span class=\"ZP_INCLUSIVE\" style=\"display: none;\"><\/span>\n\t\t<span class=\"ZP_STYLE\" style=\"display: none;\">nature<\/span>\n\t\t<span class=\"ZP_LIMIT\" style=\"display: none;\">50<\/span>\n\t\t<span class=\"ZP_SORTBY\" style=\"display: none;\">date<\/span>\n\t\t<span class=\"ZP_ORDER\" style=\"display: none;\">asc<\/span>\n\t\t<span class=\"ZP_TITLE\" style=\"display: none;\"><\/span>\n\t\t<span class=\"ZP_SHOWIMAGE\" style=\"display: none;\"><\/span>\n\t\t<span class=\"ZP_SHOWTAGS\" style=\"display: none;\"><\/span>\n\t\t<span class=\"ZP_DOWNLOADABLE\" style=\"display: none;\"><\/span>\n\t\t<span class=\"ZP_NOTES\" style=\"display: none;\"><\/span>\n\t\t<span class=\"ZP_ABSTRACT\" style=\"display: none;\"><\/span>\n\t\t<span class=\"ZP_CITEABLE\" style=\"display: none;\"><\/span>\n\t\t<span class=\"ZP_TARGET\" style=\"display: none;\"><\/span>\n\t\t<span class=\"ZP_URLWRAP\" style=\"display: none;\">title<\/span>\n\t\t<span class=\"ZP_FORCENUM\" style=\"display: none;\"><\/span>\n        <span class=\"ZP_HIGHLIGHT\" style=\"display: none;\"><\/span>\n        <span class=\"ZP_POSTID\" style=\"display: none;\">4782<\/span>\n\t\t<span class=\"ZOTPRESS_PLUGIN_URL\" style=\"display:none;\">https:\/\/lacorrespondenciadebenitoariasmontano.online\/wp-content\/plugins\/zotpress\/<\/span>\n\n\t\t<div class=\"zp-List loading\">\n\t\t\t<div class=\"zp-SEO-Content\">\n\t\t\t\t<span class=\"ZP_JSON\" style=\"display: none;\">%7B%22status%22%3A%22success%22%2C%22updateneeded%22%3Afalse%2C%22instance%22%3A%22zotpress-9aad6a693ecc46025ff992975f96bd85%22%2C%22meta%22%3A%7B%22request_last%22%3A0%2C%22request_next%22%3A0%2C%22used_cache%22%3Atrue%7D%2C%22data%22%3A%5B%7B%22key%22%3A%22KQULI6RM%22%2C%22library%22%3A%7B%22id%22%3A11208749%7D%2C%22meta%22%3A%7B%22parsedDate%22%3A%221568-08-31%22%2C%22numChildren%22%3A1%7D%2C%22bib%22%3A%22%3Cdiv%20class%3D%5C%22csl-bib-body%5C%22%20style%3D%5C%22line-height%3A%202%3B%20%5C%22%3E%5Cn%20%3Cdiv%20class%3D%5C%22csl-entry%5C%22%20style%3D%5C%22clear%3A%20left%3B%20%5C%22%3E%5Cn%20%3Cdiv%20class%3D%5C%22csl-left-margin%5C%22%20style%3D%5C%22float%3A%20left%3B%20padding-right%3A%200.5em%3B%20text-align%3A%20right%3B%20width%3A%201em%3B%5C%22%3E1.%3C%5C%2Fdiv%3E%3Cdiv%20class%3D%5C%22csl-right-inline%5C%22%20style%3D%5C%22margin%3A%200%20.4em%200%201.5em%3B%5C%22%3E%3Ca%20href%3D%27https%3A%5C%2F%5C%2Flacorrespondenciadebenitoariasmontano.online%5C%2Fes_es%5C%2F1568-08-31%27%3E1568%2008%2031%20Benito%20Arias%20Montano%20%28Amberes%29%20a%20Carlos%20Clusio%20%28Malinas%29%3C%5C%2Fa%3E.%20%281568%29.%3C%5C%2Fdiv%3E%5Cn%20%3C%5C%2Fdiv%3E%5Cn%3C%5C%2Fdiv%3E%22%2C%22data%22%3A%7B%22itemType%22%3A%22letter%22%2C%22title%22%3A%221568%2008%2031%20Benito%20Arias%20Montano%20%28Amberes%29%20a%20Carlos%20Clusio%20%28Malinas%29%22%2C%22creators%22%3A%5B%5D%2C%22abstractNote%22%3A%22%22%2C%22letterType%22%3A%22%22%2C%22date%22%3A%221568-08-31%22%2C%22eventPlace%22%3A%22%22%2C%22DOI%22%3A%22%22%2C%22citationKey%22%3A%22%22%2C%22url%22%3A%22https%3A%5C%2F%5C%2Flacorrespondenciadebenitoariasmontano.online%5C%2Fes_es%5C%2F1568-08-31%22%2C%22language%22%3A%22%22%2C%22collections%22%3A%5B%22IB9WHIDJ%22%5D%2C%22dateModified%22%3A%222026-02-04T08%3A11%3A22Z%22%7D%7D%2C%7B%22key%22%3A%226T73BR6C%22%2C%22library%22%3A%7B%22id%22%3A11208749%7D%2C%22meta%22%3A%7B%22parsedDate%22%3A%221569-04-22%22%2C%22numChildren%22%3A1%7D%2C%22bib%22%3A%22%3Cdiv%20class%3D%5C%22csl-bib-body%5C%22%20style%3D%5C%22line-height%3A%202%3B%20%5C%22%3E%5Cn%20%3Cdiv%20class%3D%5C%22csl-entry%5C%22%20style%3D%5C%22clear%3A%20left%3B%20%5C%22%3E%5Cn%20%3Cdiv%20class%3D%5C%22csl-left-margin%5C%22%20style%3D%5C%22float%3A%20left%3B%20padding-right%3A%200.5em%3B%20text-align%3A%20right%3B%20width%3A%201em%3B%5C%22%3E1.%3C%5C%2Fdiv%3E%3Cdiv%20class%3D%5C%22csl-right-inline%5C%22%20style%3D%5C%22margin%3A%200%20.4em%200%201.5em%3B%5C%22%3E%3Ca%20href%3D%27https%3A%5C%2F%5C%2Flacorrespondenciadebenitoariasmontano.online%5C%2Fes_es%5C%2F1569-04-22%27%3E1569%2004%2022%20Benito%20Arias%20Montano%20%28Amberes%29%20a%20Carlos%20Clusio%20%28Malinas%29%3C%5C%2Fa%3E.%20%281569%29.%3C%5C%2Fdiv%3E%5Cn%20%3C%5C%2Fdiv%3E%5Cn%3C%5C%2Fdiv%3E%22%2C%22data%22%3A%7B%22itemType%22%3A%22letter%22%2C%22title%22%3A%221569%2004%2022%20Benito%20Arias%20Montano%20%28Amberes%29%20a%20Carlos%20Clusio%20%28Malinas%29%22%2C%22creators%22%3A%5B%5D%2C%22abstractNote%22%3A%22%22%2C%22letterType%22%3A%22%22%2C%22date%22%3A%221569-04-22%22%2C%22eventPlace%22%3A%22%22%2C%22DOI%22%3A%22%22%2C%22citationKey%22%3A%22%22%2C%22url%22%3A%22https%3A%5C%2F%5C%2Flacorrespondenciadebenitoariasmontano.online%5C%2Fes_es%5C%2F1569-04-22%22%2C%22language%22%3A%22%22%2C%22collections%22%3A%5B%22UEXSTZJB%22%5D%2C%22dateModified%22%3A%222026-02-07T17%3A35%3A43Z%22%7D%7D%2C%7B%22key%22%3A%22Q2N9EL5P%22%2C%22library%22%3A%7B%22id%22%3A11208749%7D%2C%22meta%22%3A%7B%22parsedDate%22%3A%221569-08-07%22%2C%22numChildren%22%3A1%7D%2C%22bib%22%3A%22%3Cdiv%20class%3D%5C%22csl-bib-body%5C%22%20style%3D%5C%22line-height%3A%202%3B%20%5C%22%3E%5Cn%20%3Cdiv%20class%3D%5C%22csl-entry%5C%22%20style%3D%5C%22clear%3A%20left%3B%20%5C%22%3E%5Cn%20%3Cdiv%20class%3D%5C%22csl-left-margin%5C%22%20style%3D%5C%22float%3A%20left%3B%20padding-right%3A%200.5em%3B%20text-align%3A%20right%3B%20width%3A%201em%3B%5C%22%3E1.%3C%5C%2Fdiv%3E%3Cdiv%20class%3D%5C%22csl-right-inline%5C%22%20style%3D%5C%22margin%3A%200%20.4em%200%201.5em%3B%5C%22%3E%3Ca%20href%3D%27https%3A%5C%2F%5C%2Flacorrespondenciadebenitoariasmontano.online%5C%2Fes_es%5C%2F1569-08-07%27%3E1569%2008%2007%20Benito%20Arias%20Montano%20%28Amberes%29%20a%20Carlos%20Clusio%20%28Malinas%29%3C%5C%2Fa%3E.%20%281569%29.%3C%5C%2Fdiv%3E%5Cn%20%3C%5C%2Fdiv%3E%5Cn%3C%5C%2Fdiv%3E%22%2C%22data%22%3A%7B%22itemType%22%3A%22letter%22%2C%22title%22%3A%221569%2008%2007%20Benito%20Arias%20Montano%20%28Amberes%29%20a%20Carlos%20Clusio%20%28Malinas%29%22%2C%22creators%22%3A%5B%5D%2C%22abstractNote%22%3A%22%22%2C%22letterType%22%3A%22%22%2C%22date%22%3A%221569-08-07%22%2C%22eventPlace%22%3A%22%22%2C%22DOI%22%3A%22%22%2C%22citationKey%22%3A%22%22%2C%22url%22%3A%22https%3A%5C%2F%5C%2Flacorrespondenciadebenitoariasmontano.online%5C%2Fes_es%5C%2F1569-08-07%22%2C%22language%22%3A%22%22%2C%22collections%22%3A%5B%22UEXSTZJB%22%5D%2C%22dateModified%22%3A%222026-02-14T20%3A24%3A03Z%22%7D%7D%5D%7D<\/span>\n\n\t\t\t\t<div id=\"zp-ID-4782-11208749-KQULI6RM\" data-zp-author-date='-1568-08-31' data-zp-date-author='1568-08-31-' data-zp-date='1568-08-31' data-zp-year='1568' data-zp-itemtype='letter' class=\"zp-Entry zpSearchResultsItem\">\n<div class=\"csl-bib-body\" style=\"line-height: 2; \">\n <div class=\"csl-entry\" style=\"clear: left; \">\n <div class=\"csl-left-margin\" style=\"float: left; padding-right: 0.5em; text-align: right; width: 1em;\">1.<\/div><div class=\"csl-right-inline\" style=\"margin: 0 .4em 0 1.5em;\"><a href='https:\/\/lacorrespondenciadebenitoariasmontano.online\/en\/1568-08-31\/'>1568 08 31 Benito Arias Montano (Antwerp) to Carolus Clusius (Malines)<\/a>. (1568).<\/div>\n <\/div>\n<\/div>\n\t\t\t\t<\/div><!-- .zp-Entry .zpSearchResultsItem -->\t\t\t\t<div id=\"zp-ID-4782-11208749-6T73BR6C\" data-zp-author-date='-1569-04-22' data-zp-date-author='1569-04-22-' data-zp-date='1569-04-22' data-zp-year='1569' data-zp-itemtype='letter' class=\"zp-Entry zpSearchResultsItem\">\n<div class=\"csl-bib-body\" style=\"line-height: 2; \">\n <div class=\"csl-entry\" style=\"clear: left; \">\n <div class=\"csl-left-margin\" style=\"float: left; padding-right: 0.5em; text-align: right; width: 1em;\">1.<\/div><div class=\"csl-right-inline\" style=\"margin: 0 .4em 0 1.5em;\"><a href='https:\/\/lacorrespondenciadebenitoariasmontano.online\/en\/1569-04-22\/'>1569 04 22 Benito Arias Montano (Antwerp) to Carolus Clusius (Mechelen)<\/a>. (1569).<\/div>\n <\/div>\n<\/div>\n\t\t\t\t<\/div><!-- .zp-Entry .zpSearchResultsItem -->\t\t\t\t<div id=\"zp-ID-4782-11208749-Q2N9EL5P\" data-zp-author-date='-1569-08-07' data-zp-date-author='1569-08-07-' data-zp-date='1569-08-07' data-zp-year='1569' data-zp-itemtype='letter' class=\"zp-Entry zpSearchResultsItem\">\n<div class=\"csl-bib-body\" style=\"line-height: 2; \">\n <div class=\"csl-entry\" style=\"clear: left; \">\n <div class=\"csl-left-margin\" style=\"float: left; padding-right: 0.5em; text-align: right; width: 1em;\">1.<\/div><div class=\"csl-right-inline\" style=\"margin: 0 .4em 0 1.5em;\"><a href='https:\/\/lacorrespondenciadebenitoariasmontano.online\/en\/1569-08-07\/'>1569 08 07 Benito Arias Montano (Antwerp) to Carolus Clusius (Mechelen)<\/a>. (1569).<\/div>\n <\/div>\n<\/div>\n\t\t\t\t<\/div><!-- .zp-Entry .zpSearchResultsItem -->\n\t\t\t<\/div><!-- .zp-zp-SEO-Content -->\n\t\t<\/div><!-- .zp-List -->\n\t<\/div><!--.zp-Zotpress-->","protected":false},"excerpt":{"rendered":"<p>Juan Brancio (Jean de Brancion), noble de Malinas, gran interesado en las plantas. Despu\u00e9s de que Clusio regres\u00f3 de Espa\u00f1a en 1565, vivi\u00f3 durante un a\u00f1o en Brujas, con Charles de St. Odomarus. M\u00e1s tarde se mud\u00f3 a Malinas y se sirvi\u00f3 de la hospitalidad de Brancion hasta que el emperador Maximiliano II le invit\u00f3 [&hellip;]<\/p>","protected":false},"author":1,"featured_media":0,"parent":3423,"menu_order":0,"comment_status":"closed","ping_status":"closed","template":"","meta":{"footnotes":""},"class_list":["post-4782","page","type-page","status-publish","czr-hentry"],"_links":{"self":[{"href":"https:\/\/lacorrespondenciadebenitoariasmontano.online\/en\/wp-json\/wp\/v2\/pages\/4782"}],"collection":[{"href":"https:\/\/lacorrespondenciadebenitoariasmontano.online\/en\/wp-json\/wp\/v2\/pages"}],"about":[{"href":"https:\/\/lacorrespondenciadebenitoariasmontano.online\/en\/wp-json\/wp\/v2\/types\/page"}],"author":[{"embeddable":true,"href":"https:\/\/lacorrespondenciadebenitoariasmontano.online\/en\/wp-json\/wp\/v2\/users\/1"}],"replies":[{"embeddable":true,"href":"https:\/\/lacorrespondenciadebenitoariasmontano.online\/en\/wp-json\/wp\/v2\/comments?post=4782"}],"version-history":[{"count":2,"href":"https:\/\/lacorrespondenciadebenitoariasmontano.online\/en\/wp-json\/wp\/v2\/pages\/4782\/revisions"}],"predecessor-version":[{"id":10337,"href":"https:\/\/lacorrespondenciadebenitoariasmontano.online\/en\/wp-json\/wp\/v2\/pages\/4782\/revisions\/10337"}],"up":[{"embeddable":true,"href":"https:\/\/lacorrespondenciadebenitoariasmontano.online\/en\/wp-json\/wp\/v2\/pages\/3423"}],"wp:attachment":[{"href":"https:\/\/lacorrespondenciadebenitoariasmontano.online\/en\/wp-json\/wp\/v2\/media?parent=4782"}],"curies":[{"name":"wp","href":"https:\/\/api.w.org\/{rel}","templated":true}]}}