{"id":5948,"date":"2024-02-20T09:45:36","date_gmt":"2024-02-20T09:45:36","guid":{"rendered":"https:\/\/lacorrespondenciadebenitoariasmontano.online\/?page_id=5948"},"modified":"2026-02-06T07:46:51","modified_gmt":"2026-02-06T07:46:51","slug":"1569-09-05","status":"publish","type":"page","link":"https:\/\/lacorrespondenciadebenitoariasmontano.online\/en\/1569-09-05\/","title":{"rendered":"1569 09 05"},"content":{"rendered":"<div class=\"wp-block-columns is-layout-flex wp-container-core-columns-is-layout-2 wp-block-columns-is-layout-flex\">\n<div class=\"wp-block-column is-layout-flow wp-block-column-is-layout-flow\">\n<p class=\"has-text-align-center\" style=\"font-size:31px\">1569 09 05 <\/p>\n\n\n\n<p class=\"has-text-align-center\" style=\"font-size:31px\">Benito Arias Montano (Antwerp) to Juan de Ovando (Madrid) <\/p>\n\n\n\n<p class=\"has-text-align-right\" style=\"font-size:22px\">5 September 1569<\/p>\n\n\n\n<div style=\"height:28px\" aria-hidden=\"true\" class=\"wp-block-spacer\"><\/div>\n\n\n\n<div class=\"wp-block-columns is-layout-flex wp-container-core-columns-is-layout-1 wp-block-columns-is-layout-flex\">\n<div class=\"wp-block-column is-layout-flow wp-block-column-is-layout-flow\" style=\"flex-basis:33.33%\">\n<div class=\"wp-block-cover is-light wp-duotone-unset-1\" style=\"min-height:103px;aspect-ratio:unset;\"><span aria-hidden=\"true\" class=\"wp-block-cover__background has-background-dim-10 has-background-dim\"><\/span><img fetchpriority=\"high\" decoding=\"async\" width=\"1127\" height=\"423\" class=\"wp-block-cover__image-background wp-image-606\" alt=\"\" src=\"https:\/\/lacorrespondenciadebenitoariasmontano.online\/wp-content\/uploads\/2023\/03\/cropped-Gysbrechts-1.jpg\" data-object-fit=\"cover\" srcset=\"https:\/\/lacorrespondenciadebenitoariasmontano.online\/wp-content\/uploads\/2023\/03\/cropped-Gysbrechts-1.jpg 1127w, https:\/\/lacorrespondenciadebenitoariasmontano.online\/wp-content\/uploads\/2023\/03\/cropped-Gysbrechts-1-300x113.jpg 300w, https:\/\/lacorrespondenciadebenitoariasmontano.online\/wp-content\/uploads\/2023\/03\/cropped-Gysbrechts-1-1024x384.jpg 1024w, https:\/\/lacorrespondenciadebenitoariasmontano.online\/wp-content\/uploads\/2023\/03\/cropped-Gysbrechts-1-768x288.jpg 768w\" sizes=\"(max-width: 1127px) 100vw, 1127px\" \/><div class=\"wp-block-cover__inner-container is-layout-flow wp-block-cover-is-layout-flow\">\n<p class=\"has-text-align-center has-white-color has-text-color has-medium-font-size\"><strong>METADATA<\/strong><\/p>\n<\/div><\/div>\n\n\n\n<div style=\"height:10px\" aria-hidden=\"true\" class=\"wp-block-spacer\"><\/div>\n\n\n\n<meta http-equiv=\"Content-Type\" content=\"text\/html; charset=UTF-8\">\n   \n   \n      <div style=\"background-color:White;border:solid 1px DimGrey;border-radius:5px;\">\n         <div style=\"margin-left: 15px; color: #1C1C1C;\">\n            <p><b>Identifier: <\/b>1569 09 05<\/p>\n         <\/div>\n         <div style=\"margin-left: 15px; color: #1C1C1C;\">\n            <p><b>Incipit: <\/b>Re\u00e7ibi\u00f3 dos mis cartas duplicadas&#8230;<\/p>\n         <\/div>\n         <div style=\"margin-left: 15px\">\n            <p><b>Manuscripts: <\/b><\/p>\n            <ul>\n               (Cap) IVDJ, Env\u00edo 78\/2 f. 135r.\n               <\/ul>\n         <\/div>\n         <div style=\"margin-left: 15px\">\n            <p><b>Prints: <\/b><\/p>\n            <ul>(E1) Mac\u00edas, <i>Correspondencia con Ovando<\/i>, p. 189, p. 346; (E2) Dom\u00ednguez, <i>Correspondencia<\/i>, I, 266-267.<\/ul>\n         <\/div>\n         <div style=\"margin-left: 15px\">\n            <p><b>Critical edition and notes: <\/b>Baldomero Mac\u00edas Rosendo<\/p>\n         <\/div>\n         <div style=\"margin-left: 15px\">\n            <p><b>Codification and digital edition: <\/b>Antonio D\u00e1vila P\u00e9rez<\/p>\n         <\/div>\n      <\/div>\n<\/div>\n\n\n\n<div class=\"wp-block-column is-layout-flow wp-block-column-is-layout-flow\" style=\"flex-basis:66.66%\">\n<p><strong>SUMMARY<\/strong><\/p>\n\n\n\n<p>BAM has received two letters from Ovando along with a letter of credit. He will send the requested instruments and books to Ovando once the issues with England are resolved.<\/p>\n\n\n\n<p><strong>COMMENT<\/strong><\/p>\n\n\n\n<p>We do not have the original of this letter dated September 5th, 1569, but we know its content briefly thanks to a report made by Juan de Ovando of all the letters that BAM sent him during his stay in Flanders, which has been preserved in the Instituto de Valencia de Don Juan, Env\u00edo 78, document number 2, under the title \u00abRelaciones de cartas que tengo recebidas de el D. Arias Montano de Anbers y de P\u00ba de Puerta de Laredo, y otras en respuesta y escriptas a el[l]os\u00bb the complete text of which can be consulted in Mac\u00edas, <em>Correspondencia con Ovando<\/em>, pp. 346-348. In the entry corresponding to the letter dated September 5th, 1569, Ovando recorded the paragraph we edit below. On the other hand, Ovando replies to that letter of September 5th in his dated January 21st, 1570 (1570 01 21), where he provides a series of details that allow us to further complete the content of the lost letter. According to this testimony, we know that BAM had asked for news about Juan del Ca\u00f1o, their common friend; he justifies Ovando's praise that Becano had placed in the dedication at the beginning of his work <em>Origines Antwerpianae<\/em>; likewise, it is deduced that BAM has obtained the globes by Mercator he requested for him; and finally, it appears that BAM had praised him in his letter to Christopher Plantin.<\/p>\n\n\n\n<p>Regarding the dating of the present document, it seems clear that it must have been drafted around the date of the last recorded letter, the one Ovando writes to BAM on April 17, 1571. It could be thought that it was elaborated gradually as the letters were received; however, being a draft, all in the same handwriting, on a single sheet of paper, and with great uniformity of style, the most plausible explanation is that it was written in a short period of time.<\/p>\n\n\n\n<p><\/p>\n\n\n\n<p><\/p>\n\n\n\n<p><\/p>\n\n\n\n<p><\/p>\n\n\n\n<p><\/p>\n\n\n\n<p><\/p>\n<\/div>\n<\/div>\n<\/div>\n<\/div>\n\n\n\n<p><strong>FACSIMILE<\/strong><\/p>\n\n\n\n<div class=\"wp-block-columns is-layout-flex wp-container-core-columns-is-layout-3 wp-block-columns-is-layout-flex\">\n<div class=\"wp-block-column is-layout-flow wp-block-column-is-layout-flow\" style=\"flex-basis:20%\">\n<figure class=\"wp-block-gallery has-nested-images columns-4 is-cropped wp-block-gallery-2 is-layout-flex wp-block-gallery-is-layout-flex\">\n<figure class=\"wp-block-image size-large is-style-zoooom\"><img decoding=\"async\" width=\"724\" height=\"1024\" src=\"https:\/\/lacorrespondenciadebenitoariasmontano.online\/wp-content\/uploads\/2024\/02\/IVDJ-Envio-78-2-f.-133r-724x1024.jpg\" alt=\"\" class=\"wp-image-5922\" srcset=\"https:\/\/lacorrespondenciadebenitoariasmontano.online\/wp-content\/uploads\/2024\/02\/IVDJ-Envio-78-2-f.-133r-724x1024.jpg 724w, https:\/\/lacorrespondenciadebenitoariasmontano.online\/wp-content\/uploads\/2024\/02\/IVDJ-Envio-78-2-f.-133r-212x300.jpg 212w, https:\/\/lacorrespondenciadebenitoariasmontano.online\/wp-content\/uploads\/2024\/02\/IVDJ-Envio-78-2-f.-133r-768x1087.jpg 768w, https:\/\/lacorrespondenciadebenitoariasmontano.online\/wp-content\/uploads\/2024\/02\/IVDJ-Envio-78-2-f.-133r-1086x1536.jpg 1086w, https:\/\/lacorrespondenciadebenitoariasmontano.online\/wp-content\/uploads\/2024\/02\/IVDJ-Envio-78-2-f.-133r-1447x2048.jpg 1447w, https:\/\/lacorrespondenciadebenitoariasmontano.online\/wp-content\/uploads\/2024\/02\/IVDJ-Envio-78-2-f.-133r-8x12.jpg 8w, https:\/\/lacorrespondenciadebenitoariasmontano.online\/wp-content\/uploads\/2024\/02\/IVDJ-Envio-78-2-f.-133r-scaled.jpg 1809w\" sizes=\"(max-width: 724px) 100vw, 724px\" \/><figcaption class=\"wp-element-caption\"><strong>IVDJ, Env\u00edo 78\/2 f. 133r<\/strong><\/figcaption><\/figure>\n<\/figure>\n<\/div>\n\n\n\n<div class=\"wp-block-column is-layout-flow wp-block-column-is-layout-flow\" style=\"flex-basis:17%\"><\/div>\n<\/div>\n\n\n\n<div style=\"height:84px\" aria-hidden=\"true\" class=\"wp-block-spacer\"><\/div>\n\n\n\n<div style=\"height:0px\" aria-hidden=\"true\" class=\"wp-block-spacer\"><\/div>\n\n\n\n<div class=\"wp-block-columns is-layout-flex wp-container-core-columns-is-layout-4 wp-block-columns-is-layout-flex\">\n<div class=\"wp-block-column is-layout-flow wp-block-column-is-layout-flow\">\n<b>TEXT AND CRITICAL APPARATUS (VISUALIZATION OF XML-TEI MARKUP)<\/b>\n\n   \n     \n   \n      \n   \n      <meta http-equiv=\"Content-Type\" content=\"text\/html; charset=UTF-8\">\n      <!--THIS FILE IS GENERATED FROM AN XML MASTER. DO NOT EDIT (5)--><title>La correspondencia de Benito Arias Montano: edici\u00f3n cr\u00edtica digital \u2014 Benito Arias Montano (Amberes) a Juan de Ovando [Madrid] &#8211; 5 de septiembre de 1569 <\/title><meta name=\"author\" content=\"Benito Arias Montano\">\n      <meta name=\"generator\" content=\"Text Encoding Initiative Consortium XSLT stylesheets\">\n      <meta name=\"DC.Title\" content=\"La correspondencia de Benito Arias Montano: edici\u00f3n cr\u00edtica digital \u2014 Benito Arias Montano (Amberes) a Juan de Ovando [Madrid] - 5 de septiembre de 1569\">\n      <meta name=\"DC.Type\" content=\"Text\">\n      <meta name=\"DC.Format\" content=\"text\/html\"><link href=\"http:\/\/nl.ijs.si\/tei\/convert\/profiles\/test\/html\/jsi-tei.css\" rel=\"stylesheet\" type=\"text\/css\"><link rel=\"stylesheet\" media=\"print\" type=\"text\/css\" href=\"https:\/\/www.tei-c.org\/release\/xml\/tei\/stylesheet\/tei-print.css\">\n   \n      <div class=\"stdheader autogenerated\">\n        \n      <\/div>\n      \n      <!--TEI body--><br><br>\n      <div class=\"tei_body\">\n         <section class=\"main_content\" id=\"index.xml-body.1_div.1\">\n            \n            <div class=\"pagebreak\" id=\"index.xml-pb-w61221818ab2b5b3b1b1\"><a href=\"https:\/\/lacorrespondenciadebenitoariasmontano.online\/wp-content\/uploads\/2024\/02\/IVDJ-Envio-78-2-f.-133r-scaled.jpg\" target=\"_blank\" onclick=\"window.open(this.href, this.target, 'width=400,height=600'); return false;\" rel=\"noopener\">[f. 133r]<\/a><\/div>\n            <div class=\"opener\">Relaciones de cartas que tengo <span title=\"tei:del\" class=\"tei_del\">escriptas<\/span> recebidas de el d<span title=\"tei:expan\" class=\"tei_expan\"><span class=\"ex\">octor<\/span><\/span> <span title=\"tei:name[@type=&quot;person&quot;]\" class=\"tei_persName\">Arias Montano<\/span> de <span title=\"tei:name[@type=&quot;place&quot;]\" class=\"tei_placeName\">Anbers<\/span> y de <span title=\"tei:name[@type=&quot;person&quot;]\" class=\"tei_persName\">P<span title=\"tei:expan\" class=\"tei_expan\"><span class=\"ex\">edr<\/span><\/span>o de Puerta<\/span> de <span title=\"tei:name[@type=&quot;place&quot;]\" class=\"tei_placeName\">Laredo<\/span>, y otras en respuesta y escriptas a e<span title=\"tei:supplied\" class=\"tei_supplied\">l<\/span>los <span title=\"tei:del\" class=\"tei_del\">por su . <\/span>.<\/div>\n            <p><span class=\"tei_persName\" title=\"tei:name[@type=&quot;person&quot;]\">Arias Montano<\/span>, <span class=\"tei_placeName\" title=\"tei:name[@type=&quot;place&quot;]\">Ambers<\/span>, <span class=\"date\">5 de 7<sup>e<\/sup> 1569<\/span>. Re\u00e7ibi\u00f3 dos mis cartas duplicadas con \u00e7\u00e9dula de cambio de 100 du<span class=\"tei_expan\" title=\"tei:expan\"><span class=\"ex\">cad<\/span><\/span>os. Embiar\u00e1 un astrolabio con uno de los cavalleros parientes del <span class=\"tei_persName\" title=\"tei:name[@type=&quot;person&quot;]\">duque de N\u00e1jara<\/span> y me embiar\u00e1 lo que le pido <span class=\"tei_del\" title=\"tei:del\">en m<\/span> en la memoria que re\u00e7ibi\u00f3 quando est\u00e9 abierto el paso de <span class=\"tei_del\" title=\"tei:del\">Flandes<\/span> <span class=\"tei_placeName\" title=\"tei:name[@type=&quot;place&quot;]\">Yngalaterra<\/span>.\n            <\/p>\n         <\/section>\n      <\/div>\n      <!--TEI back-->\n      <div class=\"tei_back\">\n         \n      <\/div>\n      <div class=\"stdfooter autogenerated\">\n         <div class=\"footer\">\n            <!--standard links to project, institution etc--><a class=\"plain\" href=\"\/en\/\"><\/a> \n         <\/div>\n        \n            <!--\n Generated from index.xml using XSLT stylesheets version 7.56.0\n\t\t based on http:\/\/www.tei-c.org\/Stylesheets\/\n\t\t on 2024-02-20T08:18:00Z.\n\t\t SAXON HE 9.8.0.15.\n\t\t   -->\n      <\/div>\n\n\n\n<div style=\"height:42px\" aria-hidden=\"true\" class=\"wp-block-spacer\"><\/div>\n\n\n\n<div style=\"height:40px\" aria-hidden=\"true\" class=\"wp-block-spacer\"><\/div>\n<\/div>\n\n\n\n<div class=\"wp-block-column is-layout-flow wp-block-column-is-layout-flow\">\n<b>TEXT AND NOTES (WITHOUT VISUALIZATION OF XML-TEI MARKUP)<\/b>\n   \n      \n   \n     <meta http-equiv=\"Content-Type\" content=\"text\/html; charset=UTF-8\">\n      <!--THIS FILE IS GENERATED FROM AN XML MASTER. DO NOT EDIT (5)--><title>La correspondencia de Benito Arias Montano: edici\u00f3n cr\u00edtica digital \u2014 Benito Arias Montano (Amberes) a Juan de Ovando [Madrid] &#8211; 5 de septiembre de 1569 <\/title><meta name=\"author\" content=\"Benito Arias Montano\">\n      <meta name=\"generator\" content=\"Text Encoding Initiative Consortium XSLT stylesheets\">\n      <meta name=\"DC.Title\" content=\"La correspondencia de Benito Arias Montano: edici\u00f3n cr\u00edtica digital \u2014 Benito Arias Montano (Amberes) a Juan de Ovando [Madrid] - 5 de septiembre de 1569\">\n      <meta name=\"DC.Type\" content=\"Text\">\n      <meta name=\"DC.Format\" content=\"text\/html\"><link href=\"http:\/\/nl.ijs.si\/tei\/convert\/profiles\/test\/html\/jsi-tei.css\" rel=\"stylesheet\" type=\"text\/css\"><link rel=\"stylesheet\" media=\"print\" type=\"text\/css\" href=\"https:\/\/www.tei-c.org\/release\/xml\/tei\/stylesheet\/tei-print.css\">\n   \n      <div class=\"stdheader autogenerated\">\n        \n      <\/div>\n      \n      <!--TEI body--><br><br>\n      <div class=\"tei_body\">\n         <section class=\"main_content\" id=\"index.xml-body.1_div.1\">\n            \n            <div class=\"pagebreak\" id=\"index.xml-pb-w61221818ab2b5b3b1b1\"><a href=\"https:\/\/lacorrespondenciadebenitoariasmontano.online\/wp-content\/uploads\/2024\/02\/IVDJ-Envio-78-2-f.-133r-scaled.jpg\" target=\"_blank\" onclick=\"window.open(this.href, this.target, 'width=400,height=600'); return false;\" rel=\"noopener\">[f. 133r]<\/a><\/div>\n            <div class=\"opener\">Relaciones de cartas que tengo recebidas de el doctor Arias Montano de Anbers y de Pedro de Puerta<a id=\"reference1\" class=\"link_ref\" href=\"#note1\" title=\"1 Pedro de Puerta comisario del Santo Oficio en Laredo de quien sabemos que facilit\u00f3 desde ese puerto el env\u00edo de libros y otra...\">1<\/a> de Laredo, y otras en respuesta y escriptas a ellos.<a id=\"reference2\" class=\"link_ref\" href=\"#note2\" title=\"2 La relaci\u00f3n comprende las cartas cruzadas entre el 14 de junio de 1568 y el 17 de abril de 1571. No sigue un orden cronol\u00f3gic...\">2<\/a><\/div>\n            <p>Arias Montano, Ambers, 5 de 7<sup>e<\/sup> 1569. Re\u00e7ibi\u00f3 dos mis cartas duplicadas con \u00e7\u00e9dula de cambio de 100 ducados. Embiar\u00e1 un astrolabio con uno de los cavalleros parientes del duque de N\u00e1jara<a class=\"link_ref\" id=\"reference3\" href=\"#note3\" title=\"3 Juan Esteban Manrique de Lara Acu\u00f1a y Manuel o m\u00e1s abreviadamente Manrique de Lara IV Duque de N\u00e1jera (Valencia de Don Juan L...\">3<\/a> y me embiar\u00e1 lo que le pido en la memoria que re\u00e7ibi\u00f3 quando est\u00e9 abierto el paso de Yngalaterra.\n            <\/p>\n         <\/section>\n      <\/div>\n      <!--TEI back-->\n      <div class=\"tei_back\">\n         <section class=\"notes\" id=\"index.xml-back.1_div.1\">\n           \n            <div class=\"note\" id=\"note1\"><span class=\"noteLabel\">Note: <\/span><a class=\"link_ref\" href=\"#reference1\" title=\"1\">1<\/a> Pedro de Puerta, comisario del Santo Oficio en Laredo, de quien sabemos que facilit\u00f3 desde ese puerto el env\u00edo de libros y otras mercanc\u00edas por parte de BAM desde Amberes a Ovando; v\u00e9ase, por ejemplo, la carta del propio Pedro de Puerta a Ovando del 8 de noviembre de 1570 editada en Mac\u00edas, <span class=\"titlem\">Correspondencia con Ovando<\/span>, pp. 340-341.\n            <\/div>\n            <div class=\"note\" id=\"note2\"><span class=\"noteLabel\">Note: <\/span><a class=\"link_ref\" href=\"#reference2\" title=\"2\">2<\/a> La relaci\u00f3n comprende las cartas cruzadas entre el 14 de junio de 1568 y el 17 de\n               abril de 1571. No sigue un orden cronol\u00f3gico, pues registra primero las que ha recibido\n               de parte de Arias Montano hasta el 9 de octubre de 1570, entre las que se inserta\n               la de Juan P\u00e9rez de Chabarri de 9 de enero de 1570. A continuaci\u00f3n recoge las respuestas\n               de Ovando hasta el 17 de abril de 1571. Y por \u00faltimo anota las que cruzan Pedro de\n               Puerta y Juan de Ovando en 1570, entre el 8 de noviembre y el primero de diciembre,\n               relacionadas con los env\u00edos que BAM le remite a Ovando desde Flandes. Tampoco se trata\n               de un registro exhaustivo, ya que ni siquiera recoge todas las cartas del per\u00edodo\n               que abarca. As\u00ed, por ejemplo, no se anota la que Ovando le escribe el 20 de diciembre\n               de 1570 a BAM. No obstante, todas estas limitaciones se ven compensadas con creces\n               pro la informaci\u00f3n que nos proporciona sobre la carta de 5 de septiembre de 1569,\n               cuyo contenido hemos podido reconstruir gracias a esta relaci\u00f3n. \n            <\/div>\n            <div class=\"note\" id=\"note3\"><span class=\"noteLabel\">Note: <\/span><a class=\"link_ref\" href=\"#reference3\" title=\"3\">3<\/a> Juan Esteban Manrique de Lara Acu\u00f1a y Manuel, o, m\u00e1s abreviadamente, Manrique de Lara,\n               IV Duque de N\u00e1jera (Valencia de Don Juan, Le\u00f3n, 10 de abril de 1533 &#8211; Madrid, 5 de\n               junio de 1600). Fue virrey y capit\u00e1n general del reino de Valencia, embajador ante\n               la Santa Sede, miembro del Consejo Real. V\u00e9ase entrada biogr\u00e1fica en Mar\u00eda Peligros\n               Belch\u00ed Navarro, \u00abManrique de Lara\u00bb. Real Academia de la Historia, <span class=\"titlem\">Diccionario Biogr\u00e1fico electr\u00f3nico<\/span> (online, <a class=\"link_ref\" href=\"https:\/\/dbe.rah.es\/biografias\/20771\/manrique-de-lara\">https:\/\/dbe.rah.es\/biografias\/20771\/manrique-de-lara)<\/a>.\n            <\/div>\n         <\/section>\n      <\/div>\n      <div class=\"stdfooter autogenerated\">\n         <div class=\"footer\">\n            <!--standard links to project, institution etc--><a class=\"plain\" href=\"\/en\/\"><\/a> \n         <\/div>\n        \n            <!--\n Generated from index.xml using XSLT stylesheets version 7.56.0\n\t\t based on http:\/\/www.tei-c.org\/Stylesheets\/\n\t\t on 2024-02-20T08:18:00Z.\n\t\t SAXON HE 9.8.0.15.\n\t\t   -->\n      <\/div>\n\n\n\n<div style=\"height:45px\" aria-hidden=\"true\" class=\"wp-block-spacer\"><\/div>\n\n\n\n<div class=\"wp-block-buttons is-layout-flex wp-block-buttons-is-layout-flex\">\n<div class=\"wp-block-button aligncenter\"><a class=\"wp-block-button__link has-white-color has-text-color wp-element-button\" style=\"border-radius:8px\">XML<\/a><\/div>\n<\/div>\n<\/div>\n<\/div>","protected":false},"excerpt":{"rendered":"<p>1569 09 05 Benito Arias Montano (Amberes) a Juan de Ovando [Madrid] 5 de septiembre de 1569 Identificador: 1569 09 05 \u00cdncipit: Re\u00e7ibi\u00f3 dos mis cartas duplicadas&#8230; Manuscritos: (Cap) IVDJ, Env\u00edo 78\/2 f. 135r. Impresos: (E1) Mac\u00edas, Correspondencia con Ovando, p. 189, p. 346; (E2) Dom\u00ednguez, Correspondencia, I, 266-267. Edici\u00f3n cr\u00edtica y notas: Baldomero Mac\u00edas [&hellip;]<\/p>","protected":false},"author":1,"featured_media":1721,"parent":0,"menu_order":0,"comment_status":"closed","ping_status":"closed","template":"elementor_header_footer","meta":{"footnotes":""},"class_list":["post-5948","page","type-page","status-publish","has-post-thumbnail","czr-hentry"],"_links":{"self":[{"href":"https:\/\/lacorrespondenciadebenitoariasmontano.online\/en\/wp-json\/wp\/v2\/pages\/5948"}],"collection":[{"href":"https:\/\/lacorrespondenciadebenitoariasmontano.online\/en\/wp-json\/wp\/v2\/pages"}],"about":[{"href":"https:\/\/lacorrespondenciadebenitoariasmontano.online\/en\/wp-json\/wp\/v2\/types\/page"}],"author":[{"embeddable":true,"href":"https:\/\/lacorrespondenciadebenitoariasmontano.online\/en\/wp-json\/wp\/v2\/users\/1"}],"replies":[{"embeddable":true,"href":"https:\/\/lacorrespondenciadebenitoariasmontano.online\/en\/wp-json\/wp\/v2\/comments?post=5948"}],"version-history":[{"count":32,"href":"https:\/\/lacorrespondenciadebenitoariasmontano.online\/en\/wp-json\/wp\/v2\/pages\/5948\/revisions"}],"predecessor-version":[{"id":10589,"href":"https:\/\/lacorrespondenciadebenitoariasmontano.online\/en\/wp-json\/wp\/v2\/pages\/5948\/revisions\/10589"}],"wp:featuredmedia":[{"embeddable":true,"href":"https:\/\/lacorrespondenciadebenitoariasmontano.online\/en\/wp-json\/wp\/v2\/media\/1721"}],"wp:attachment":[{"href":"https:\/\/lacorrespondenciadebenitoariasmontano.online\/en\/wp-json\/wp\/v2\/media?parent=5948"}],"curies":[{"name":"wp","href":"https:\/\/api.w.org\/{rel}","templated":true}]}}