{"id":8743,"date":"2025-02-28T18:11:50","date_gmt":"2025-02-28T18:11:50","guid":{"rendered":"https:\/\/lacorrespondenciadebenitoariasmontano.online\/?page_id=8743"},"modified":"2026-02-02T11:59:57","modified_gmt":"2026-02-02T11:59:57","slug":"indice-de-nombres-bomberghen-daniel-iii-van","status":"publish","type":"page","link":"https:\/\/lacorrespondenciadebenitoariasmontano.online\/en\/indice-de-nombres\/indice-de-nombres-bomberghen-daniel-iii-van\/","title":{"rendered":"Bomberghen, Daniel III Van"},"content":{"rendered":"<p>Daniel III van Bomberghen, son of the celebrated Venetian printer, studied both civil and canon law at the University of Leiden. He worked as an editor and printer in Cologne from 1568 to 1570; the following year he moved to Belgium, where he remained until 1584. His brother Charles had entered into partnership with Plantin in order to increase the publishing house\u2019s capital. By virtue of a contract dated 26 November 1563, Christophe Plantin, Charles and Cornelius van Bomberghen (who were cousins), Jan Goropius, and Jacobus de Schotti established a compagnie d\u2019imprimerie. The partnership lasted four years. Cf. F. Van Ortroy, \u00abLes Van Bomberghen d\u2019Anvers, imprimeurs, libraires et \u00e9diteurs\u00bb,\u00a0<em>GP<\/em>, 2 (1924), pp. 141-144.<\/p>\n\n\n\n<div style=\"height:55px\" aria-hidden=\"true\" class=\"wp-block-spacer\"><\/div>\n\n\n\n<p><strong>Sender<\/strong><\/p>\n\n\n<div id=\"zotpress-63ae649a6bcca841cd7bcfd0000dad93\" class=\"zp-Zotpress zp-Zotpress-Bib wp-block-group\">\n\n\t\t<span class=\"ZP_API_USER_ID\" style=\"display: none;\">11208749<\/span>\n\t\t<span class=\"ZP_ITEM_KEY\" style=\"display: none;\"><\/span>\n\t\t<span class=\"ZP_COLLECTION_ID\" style=\"display: none;\"><\/span>\n\t\t<span class=\"ZP_TAG_ID\" style=\"display: none;\">Daniel III Van Bomberghen - remitente<\/span>\n\t\t<span class=\"ZP_AUTHOR\" style=\"display: none;\"><\/span>\n\t\t<span class=\"ZP_YEAR\" style=\"display: none;\"><\/span>\n        <span class=\"ZP_ITEMTYPE\" style=\"display: none;\"><\/span>\n\t\t<span class=\"ZP_INCLUSIVE\" style=\"display: none;\"><\/span>\n\t\t<span class=\"ZP_STYLE\" style=\"display: none;\">nature<\/span>\n\t\t<span class=\"ZP_LIMIT\" style=\"display: none;\">50<\/span>\n\t\t<span class=\"ZP_SORTBY\" style=\"display: none;\">date<\/span>\n\t\t<span class=\"ZP_ORDER\" style=\"display: none;\">asc<\/span>\n\t\t<span class=\"ZP_TITLE\" style=\"display: none;\"><\/span>\n\t\t<span class=\"ZP_SHOWIMAGE\" style=\"display: none;\"><\/span>\n\t\t<span class=\"ZP_SHOWTAGS\" style=\"display: none;\"><\/span>\n\t\t<span class=\"ZP_DOWNLOADABLE\" style=\"display: none;\"><\/span>\n\t\t<span class=\"ZP_NOTES\" style=\"display: none;\"><\/span>\n\t\t<span class=\"ZP_ABSTRACT\" style=\"display: none;\"><\/span>\n\t\t<span class=\"ZP_CITEABLE\" style=\"display: none;\"><\/span>\n\t\t<span class=\"ZP_TARGET\" style=\"display: none;\"><\/span>\n\t\t<span class=\"ZP_URLWRAP\" style=\"display: none;\">title<\/span>\n\t\t<span class=\"ZP_FORCENUM\" style=\"display: none;\"><\/span>\n        <span class=\"ZP_HIGHLIGHT\" style=\"display: none;\"><\/span>\n        <span class=\"ZP_POSTID\" style=\"display: none;\">8743<\/span>\n\t\t<span class=\"ZOTPRESS_PLUGIN_URL\" style=\"display:none;\">https:\/\/lacorrespondenciadebenitoariasmontano.online\/wp-content\/plugins\/zotpress\/<\/span>\n\n\t\t<div class=\"zp-List loading\">\n\t\t\t<div class=\"zp-SEO-Content\">\n\n\t\t\t<\/div><!-- .zp-zp-SEO-Content -->\n\t\t<\/div><!-- .zp-List -->\n\t<\/div><!--.zp-Zotpress-->\n\n\n\n\n\n<p><strong>Recipient<\/strong><\/p>\n\n\n<div id=\"zotpress-f8231644ad06cc2c1aa252e980001a23\" class=\"zp-Zotpress zp-Zotpress-Bib wp-block-group\">\n\n\t\t<span class=\"ZP_API_USER_ID\" style=\"display: none;\">11208749<\/span>\n\t\t<span class=\"ZP_ITEM_KEY\" style=\"display: none;\"><\/span>\n\t\t<span class=\"ZP_COLLECTION_ID\" style=\"display: none;\"><\/span>\n\t\t<span class=\"ZP_TAG_ID\" style=\"display: none;\">Daniel III Van Bomberghen - destinatario<\/span>\n\t\t<span class=\"ZP_AUTHOR\" style=\"display: none;\"><\/span>\n\t\t<span class=\"ZP_YEAR\" style=\"display: none;\"><\/span>\n        <span class=\"ZP_ITEMTYPE\" style=\"display: none;\"><\/span>\n\t\t<span class=\"ZP_INCLUSIVE\" style=\"display: none;\"><\/span>\n\t\t<span class=\"ZP_STYLE\" style=\"display: none;\">nature<\/span>\n\t\t<span class=\"ZP_LIMIT\" style=\"display: none;\">50<\/span>\n\t\t<span class=\"ZP_SORTBY\" style=\"display: none;\">date<\/span>\n\t\t<span class=\"ZP_ORDER\" style=\"display: none;\">asc<\/span>\n\t\t<span class=\"ZP_TITLE\" style=\"display: none;\"><\/span>\n\t\t<span class=\"ZP_SHOWIMAGE\" style=\"display: none;\"><\/span>\n\t\t<span class=\"ZP_SHOWTAGS\" style=\"display: none;\"><\/span>\n\t\t<span class=\"ZP_DOWNLOADABLE\" style=\"display: none;\"><\/span>\n\t\t<span class=\"ZP_NOTES\" style=\"display: none;\"><\/span>\n\t\t<span class=\"ZP_ABSTRACT\" style=\"display: none;\"><\/span>\n\t\t<span class=\"ZP_CITEABLE\" style=\"display: none;\"><\/span>\n\t\t<span class=\"ZP_TARGET\" style=\"display: none;\"><\/span>\n\t\t<span class=\"ZP_URLWRAP\" style=\"display: none;\">title<\/span>\n\t\t<span class=\"ZP_FORCENUM\" style=\"display: none;\"><\/span>\n        <span class=\"ZP_HIGHLIGHT\" style=\"display: none;\"><\/span>\n        <span class=\"ZP_POSTID\" style=\"display: none;\">8743<\/span>\n\t\t<span class=\"ZOTPRESS_PLUGIN_URL\" style=\"display:none;\">https:\/\/lacorrespondenciadebenitoariasmontano.online\/wp-content\/plugins\/zotpress\/<\/span>\n\n\t\t<div class=\"zp-List loading\">\n\t\t\t<div class=\"zp-SEO-Content\">\n\t\t\t\t<span class=\"ZP_JSON\" style=\"display: none;\">%7B%22status%22%3A%22success%22%2C%22updateneeded%22%3Afalse%2C%22instance%22%3A%22zotpress-f8231644ad06cc2c1aa252e980001a23%22%2C%22meta%22%3A%7B%22request_last%22%3A0%2C%22request_next%22%3A0%2C%22used_cache%22%3Atrue%7D%2C%22data%22%3A%5B%7B%22key%22%3A%22ZUD5AV9H%22%2C%22library%22%3A%7B%22id%22%3A11208749%7D%2C%22meta%22%3A%7B%22parsedDate%22%3A%221570-05-23%22%2C%22numChildren%22%3A1%7D%2C%22bib%22%3A%22%3Cdiv%20class%3D%5C%22csl-bib-body%5C%22%20style%3D%5C%22line-height%3A%202%3B%20%5C%22%3E%5Cn%20%3Cdiv%20class%3D%5C%22csl-entry%5C%22%20style%3D%5C%22clear%3A%20left%3B%20%5C%22%3E%5Cn%20%3Cdiv%20class%3D%5C%22csl-left-margin%5C%22%20style%3D%5C%22float%3A%20left%3B%20padding-right%3A%200.5em%3B%20text-align%3A%20right%3B%20width%3A%201em%3B%5C%22%3E1.%3C%5C%2Fdiv%3E%3Cdiv%20class%3D%5C%22csl-right-inline%5C%22%20style%3D%5C%22margin%3A%200%20.4em%200%201.5em%3B%5C%22%3E%3Ca%20href%3D%27https%3A%5C%2F%5C%2Flacorrespondenciadebenitoariasmontano.online%5C%2Fes_es%5C%2F1570-05-23%5C%2F%27%3E1570%2005%2023%20Benito%20Arias%20Montano%20%28Amberes%29%20a%20Daniel%20Van%20Bomberghen%20%28Lovaina%29%3C%5C%2Fa%3E.%20%281570%29.%3C%5C%2Fdiv%3E%5Cn%20%3C%5C%2Fdiv%3E%5Cn%3C%5C%2Fdiv%3E%22%2C%22data%22%3A%7B%22itemType%22%3A%22letter%22%2C%22title%22%3A%221570%2005%2023%20Benito%20Arias%20Montano%20%28Amberes%29%20a%20Daniel%20Van%20Bomberghen%20%28Lovaina%29%22%2C%22creators%22%3A%5B%5D%2C%22abstractNote%22%3A%22%22%2C%22letterType%22%3A%22%22%2C%22date%22%3A%221570-05-23%22%2C%22eventPlace%22%3A%22%22%2C%22DOI%22%3A%22%22%2C%22citationKey%22%3A%22%22%2C%22url%22%3A%22https%3A%5C%2F%5C%2Flacorrespondenciadebenitoariasmontano.online%5C%2Fes_es%5C%2F1570-05-23%5C%2F%22%2C%22language%22%3A%22%22%2C%22collections%22%3A%5B%2274HK56TM%22%5D%2C%22dateModified%22%3A%222026-02-17T09%3A55%3A19Z%22%7D%7D%5D%7D<\/span>\n\n\t\t\t\t<div id=\"zp-ID-8743-11208749-ZUD5AV9H\" data-zp-author-date='-1570-05-23' data-zp-date-author='1570-05-23-' data-zp-date='1570-05-23' data-zp-year='1570' data-zp-itemtype='letter' class=\"zp-Entry zpSearchResultsItem\">\n<div class=\"csl-bib-body\" style=\"line-height: 2; \">\n <div class=\"csl-entry\" style=\"clear: left; \">\n <div class=\"csl-left-margin\" style=\"float: left; padding-right: 0.5em; text-align: right; width: 1em;\">1.<\/div><div class=\"csl-right-inline\" style=\"margin: 0 .4em 0 1.5em;\"><a href='https:\/\/lacorrespondenciadebenitoariasmontano.online\/en\/1570-05-23\/'>1570 05 23 Benito Arias Montano (Antwerp) to Daniel Van Bomberghen (Leuven)<\/a>. (1570).<\/div>\n <\/div>\n<\/div>\n\t\t\t\t<\/div><!-- .zp-Entry .zpSearchResultsItem -->\n\t\t\t<\/div><!-- .zp-zp-SEO-Content -->\n\t\t<\/div><!-- .zp-List -->\n\t<\/div><!--.zp-Zotpress-->\n\n\n\n\n\n<p><strong>Mentioned<\/strong><\/p>\n\n\n<div id=\"zotpress-a3d6369320be93ca4e2050ac30e73c54\" class=\"zp-Zotpress zp-Zotpress-Bib wp-block-group\">\n\n\t\t<span class=\"ZP_API_USER_ID\" style=\"display: none;\">11208749<\/span>\n\t\t<span class=\"ZP_ITEM_KEY\" style=\"display: none;\"><\/span>\n\t\t<span class=\"ZP_COLLECTION_ID\" style=\"display: none;\"><\/span>\n\t\t<span class=\"ZP_TAG_ID\" style=\"display: none;\">Daniel III Van Bomberghen - mencionado<\/span>\n\t\t<span class=\"ZP_AUTHOR\" style=\"display: none;\"><\/span>\n\t\t<span class=\"ZP_YEAR\" style=\"display: none;\"><\/span>\n        <span class=\"ZP_ITEMTYPE\" style=\"display: none;\"><\/span>\n\t\t<span class=\"ZP_INCLUSIVE\" style=\"display: none;\"><\/span>\n\t\t<span class=\"ZP_STYLE\" style=\"display: none;\">nature<\/span>\n\t\t<span class=\"ZP_LIMIT\" style=\"display: none;\">50<\/span>\n\t\t<span class=\"ZP_SORTBY\" style=\"display: none;\">date<\/span>\n\t\t<span class=\"ZP_ORDER\" style=\"display: none;\">asc<\/span>\n\t\t<span class=\"ZP_TITLE\" style=\"display: none;\"><\/span>\n\t\t<span class=\"ZP_SHOWIMAGE\" style=\"display: none;\"><\/span>\n\t\t<span class=\"ZP_SHOWTAGS\" style=\"display: none;\"><\/span>\n\t\t<span class=\"ZP_DOWNLOADABLE\" style=\"display: none;\"><\/span>\n\t\t<span class=\"ZP_NOTES\" style=\"display: none;\"><\/span>\n\t\t<span class=\"ZP_ABSTRACT\" style=\"display: none;\"><\/span>\n\t\t<span class=\"ZP_CITEABLE\" style=\"display: none;\"><\/span>\n\t\t<span class=\"ZP_TARGET\" style=\"display: none;\"><\/span>\n\t\t<span class=\"ZP_URLWRAP\" style=\"display: none;\">title<\/span>\n\t\t<span class=\"ZP_FORCENUM\" style=\"display: none;\"><\/span>\n        <span class=\"ZP_HIGHLIGHT\" style=\"display: none;\"><\/span>\n        <span class=\"ZP_POSTID\" style=\"display: none;\">8743<\/span>\n\t\t<span class=\"ZOTPRESS_PLUGIN_URL\" style=\"display:none;\">https:\/\/lacorrespondenciadebenitoariasmontano.online\/wp-content\/plugins\/zotpress\/<\/span>\n\n\t\t<div class=\"zp-List loading\">\n\t\t\t<div class=\"zp-SEO-Content\">\n\n\t\t\t<\/div><!-- .zp-zp-SEO-Content -->\n\t\t<\/div><!-- .zp-List -->\n\t<\/div><!--.zp-Zotpress-->","protected":false},"excerpt":{"rendered":"<p>Daniel III van Bomberghen, hijo del famoso impresor de Venecia, curs\u00f3 los dos derechos en la Universidad de Leiden. Hab\u00eda trabajado como editor e impresor en Colonia desde 1568 hasta 1570; el a\u00f1o siguiente march\u00f3 a B\u00e9lgica, donde permaneci\u00f3 hasta 1584. Su hermano Carlos hab\u00eda formado sociedad con Plantino para ampliar el capital de la [&hellip;]<\/p>","protected":false},"author":1,"featured_media":0,"parent":3423,"menu_order":0,"comment_status":"closed","ping_status":"closed","template":"","meta":{"footnotes":""},"class_list":["post-8743","page","type-page","status-publish","czr-hentry"],"_links":{"self":[{"href":"https:\/\/lacorrespondenciadebenitoariasmontano.online\/en\/wp-json\/wp\/v2\/pages\/8743"}],"collection":[{"href":"https:\/\/lacorrespondenciadebenitoariasmontano.online\/en\/wp-json\/wp\/v2\/pages"}],"about":[{"href":"https:\/\/lacorrespondenciadebenitoariasmontano.online\/en\/wp-json\/wp\/v2\/types\/page"}],"author":[{"embeddable":true,"href":"https:\/\/lacorrespondenciadebenitoariasmontano.online\/en\/wp-json\/wp\/v2\/users\/1"}],"replies":[{"embeddable":true,"href":"https:\/\/lacorrespondenciadebenitoariasmontano.online\/en\/wp-json\/wp\/v2\/comments?post=8743"}],"version-history":[{"count":3,"href":"https:\/\/lacorrespondenciadebenitoariasmontano.online\/en\/wp-json\/wp\/v2\/pages\/8743\/revisions"}],"predecessor-version":[{"id":10336,"href":"https:\/\/lacorrespondenciadebenitoariasmontano.online\/en\/wp-json\/wp\/v2\/pages\/8743\/revisions\/10336"}],"up":[{"embeddable":true,"href":"https:\/\/lacorrespondenciadebenitoariasmontano.online\/en\/wp-json\/wp\/v2\/pages\/3423"}],"wp:attachment":[{"href":"https:\/\/lacorrespondenciadebenitoariasmontano.online\/en\/wp-json\/wp\/v2\/media?parent=8743"}],"curies":[{"name":"wp","href":"https:\/\/api.w.org\/{rel}","templated":true}]}}