{"id":1132,"date":"2023-03-07T15:05:46","date_gmt":"2023-03-07T15:05:46","guid":{"rendered":"https:\/\/lacorrespondenciadebenitoariasmontano.online\/?page_id=1132"},"modified":"2025-05-17T18:39:09","modified_gmt":"2025-05-17T18:39:09","slug":"financiacion","status":"publish","type":"page","link":"https:\/\/lacorrespondenciadebenitoariasmontano.online\/es_es\/financiacion\/","title":{"rendered":"Financiaci\u00f3n"},"content":{"rendered":"\n<p>El proyecto de investigaci\u00f3n \u00abBenito Arias Montano: epistlolario\u00bb ha sido posible gracias a la financiaci\u00f3n del Ministerio de Educaci\u00f3n del Gobierno de Espa\u00f1a:<\/p>\n\n\n\n<p>1. \u00abBenito Arias Montano (PS93-0130)\u00bb, desarrollado entre 1995 y 1998. Investigador Principal: Jos\u00e9 Mar\u00eda Maestre Maestre (Universidad de C\u00e1diz).<\/p>\n\n\n\n<p>2. \u00abFelipe II y los humanistas: fuentes literarias latinas para el estudio de su reinado\u00bb (BFF2000-1069), desarrollado entre 2000 y 2003. Investigador principal: Jos\u00e9 Mar\u00eda Maestre Maestre (Universidad de C\u00e1diz).<\/p>\n\n\n\n<p>3. \u00abCarlos V y los humanistas: fuentes literarias latinas para el estudio de su reinado\u00bb (BFF2000-1069), desarrollado entre 2000 y 2003. Investigador Principal: Jos\u00e9 Mar\u00eda Maestre Maestre (Universidad de C\u00e1diz).<\/p>\n\n\n\n<p>4. \u00abLos Reyes Cat\u00f3licos y los Humanistas: Fuentes Literarias Latinas para el Estudio de su Reinado\u00bb (BFF2003-01367), desarrollado entre 2004 y 2006. Investigador Principal: Jos\u00e9 Mar\u00eda Maestre Maestre (Universidad de C\u00e1diz).<\/p>\n\n\n\n<p>5. \u00abFelipe III y los humanistas: fuentes literarias latinas para el estudio de su reinado\u00bb (HUM2006-05381\/EDGE), desarrollado entre 2007 y 2009. Investigador Principal: Jos\u00e9 Mar\u00eda Maestre Maestre (Universidad de C\u00e1diz).<\/p>\n\n\n\n<p>6. \u00abCorpus de literatura latina del Renacimiento espa\u00f1ol. VI (FFI2009-10133)\u00bb, desarrollado entre 2010 y 2012. Investigador Principal: Jos\u00e9 Mar\u00eda Maestre Maestre (Universidad de C\u00e1diz).<\/p>\n\n\n\n<p>7. \u00abCorpus de literatura latina del Renacimiento espa\u00f1ol. VII (FFI2012-31097)\u00bb, desarrollado entre 2013 y 2015. Investigador Principal: Jos\u00e9 Mar\u00eda Maestre Maestre (Universidad de C\u00e1diz).<\/p>\n\n\n\n<p>8. \u00abCorpus de literatura latina del Renacimiento espa\u00f1ol. VIII (FFI2015-31097)\u00bb, en curso desde 2015 hasta 2016. Investigador Principal: Jos\u00e9 Mar\u00eda Maestre Maestre (Universidad de C\u00e1diz).<\/p>\n\n\n\n<p>9. \u00abCorpus de literatura latina del Renacimiento espa\u00f1ol. IX (PGC2018-094604-B-C31)\u00bb, en curso desde 2019 hasta 2022. Investigador Principal: Jos\u00e9 Mar\u00eda Maestre Maestre (Universidad de C\u00e1diz).<\/p>\n\n\n\n<p>y de la Junta de Andaluc\u00eda en los siguientes Proyectos de Excelencia: \u00abEl Legado Cl\u00e1sico en Andaluc\u00eda en el Marco del Humanismo Europeo\u00bb (PAI05-HUM-00860) 2006-2008, Investigador Principal: Jos\u00e9 Mar\u00eda Maestre Maestre; \u00abEl humanismo andaluz en el contexto del humanismo espa\u00f1ol\u00bb (PAI HUM-4858-09) 2011-2014, Investigador Principal: Jos\u00e9 Mar\u00eda Maestre Maestre (Universidad de C\u00e1diz); \u00abConfianza versus desconfianza hacia los gobernantes en textos latinos y vern\u00e1culos andaluces desde el Renacimiento hasta nuestros d\u00edas\u00bb (FEDER-UCA-18-107623) 2020-2023, Investigador Principal: Jos\u00e9 Mar\u00eda Maestre Maestre (Universidad de C\u00e1diz); y \u00abConfianza versus desconfianza hacia los gobernantes en textos latinos y vern\u00e1culos andaluces desde el Renacimiento hasta nuestros d\u00edas. (II)\u00bb (P20_01345) 2021-2023, Investigador Principal: Jos\u00e9 Mar\u00eda Maestre Maestre (Universidad de C\u00e1diz) <\/p>\n\n\n\n<p><\/p>\n","protected":false},"excerpt":{"rendered":"<p>El proyecto de investigaci\u00f3n \u00abBenito Arias Montano: epistlolario\u00bb ha sido posible gracias a la financiaci\u00f3n del Ministerio de Educaci\u00f3n del Gobierno de Espa\u00f1a: 1. \u00abBenito Arias Montano (PS93-0130)\u00bb, desarrollado entre 1995 y 1998. Investigador Principal: Jos\u00e9 Mar\u00eda Maestre Maestre (Universidad de C\u00e1diz). 2. \u00abFelipe II y los humanistas: fuentes literarias latinas para el estudio de [&hellip;]<\/p>\n","protected":false},"author":1,"featured_media":1331,"parent":0,"menu_order":0,"comment_status":"closed","ping_status":"closed","template":"","meta":{"footnotes":""},"class_list":["post-1132","page","type-page","status-publish","has-post-thumbnail","czr-hentry"],"_links":{"self":[{"href":"https:\/\/lacorrespondenciadebenitoariasmontano.online\/es_es\/wp-json\/wp\/v2\/pages\/1132"}],"collection":[{"href":"https:\/\/lacorrespondenciadebenitoariasmontano.online\/es_es\/wp-json\/wp\/v2\/pages"}],"about":[{"href":"https:\/\/lacorrespondenciadebenitoariasmontano.online\/es_es\/wp-json\/wp\/v2\/types\/page"}],"author":[{"embeddable":true,"href":"https:\/\/lacorrespondenciadebenitoariasmontano.online\/es_es\/wp-json\/wp\/v2\/users\/1"}],"replies":[{"embeddable":true,"href":"https:\/\/lacorrespondenciadebenitoariasmontano.online\/es_es\/wp-json\/wp\/v2\/comments?post=1132"}],"version-history":[{"count":6,"href":"https:\/\/lacorrespondenciadebenitoariasmontano.online\/es_es\/wp-json\/wp\/v2\/pages\/1132\/revisions"}],"predecessor-version":[{"id":8552,"href":"https:\/\/lacorrespondenciadebenitoariasmontano.online\/es_es\/wp-json\/wp\/v2\/pages\/1132\/revisions\/8552"}],"wp:featuredmedia":[{"embeddable":true,"href":"https:\/\/lacorrespondenciadebenitoariasmontano.online\/es_es\/wp-json\/wp\/v2\/media\/1331"}],"wp:attachment":[{"href":"https:\/\/lacorrespondenciadebenitoariasmontano.online\/es_es\/wp-json\/wp\/v2\/media?parent=1132"}],"curies":[{"name":"wp","href":"https:\/\/api.w.org\/{rel}","templated":true}]}}