{"id":1388,"date":"2023-03-13T09:23:37","date_gmt":"2023-03-13T09:23:37","guid":{"rendered":"https:\/\/lacorrespondenciadebenitoariasmontano.online\/?page_id=1388"},"modified":"2025-05-21T09:42:51","modified_gmt":"2025-05-21T09:42:51","slug":"1568-03-25","status":"publish","type":"page","link":"https:\/\/lacorrespondenciadebenitoariasmontano.online\/es_es\/correspondencia\/1568-03-25\/","title":{"rendered":"1568 03 25 Felipe II (Madrid) a Benito Arias Montano (Madrid) \u2013 25 de marzo de 1568"},"content":{"rendered":"\n<div class=\"wp-block-columns is-layout-flex wp-container-core-columns-is-layout-2 wp-block-columns-is-layout-flex\">\n<div class=\"wp-block-column is-layout-flow wp-block-column-is-layout-flow\">\n<p class=\"has-large-font-size\"><\/p>\n\n\n\n<div style=\"height:28px\" aria-hidden=\"true\" class=\"wp-block-spacer\"><\/div>\n\n\n\n<div class=\"wp-block-columns is-layout-flex wp-container-core-columns-is-layout-1 wp-block-columns-is-layout-flex\">\n<div class=\"wp-block-column is-layout-flow wp-block-column-is-layout-flow\" style=\"flex-basis:5%\"><\/div>\n\n\n\n<div class=\"wp-block-column is-layout-flow wp-block-column-is-layout-flow\" style=\"flex-basis:90%\">\n<p><strong>RESUMEN<\/strong><\/p>\n\n\n\n<p>Crist\u00f3bal Plantino ha preparado los caracteres para la reedici\u00f3n de la Biblia Pol\u00edglota de Alcal\u00e1 y ha pedido financiaci\u00f3n al Rey de Espa\u00f1a para comprar el papel. Tras recibir una prueba de impresi\u00f3n de la Biblia, el Rey somete el proyecto a la aprobaci\u00f3n de los distintos expertos. La valoraci\u00f3n es muy favorable. Tras haber sido elegido supervisor espa\u00f1ol de la edici\u00f3n, BAM tiene que marcharse a Amberes para coordinar todo el proyecto. Debido a las guerras en Francia, la ruta ser\u00e1 por mar. Cuando BAM llegue a los Pa\u00edses Bajos, primero tiene que visitar al duque de Alba para informarle de su misi\u00f3n, para que el gobernador le ayude en las cuestiones pr\u00e1cticas. En segundo lugar, BAM tiene que entregar la carta de Felipe II a Plantino y discutir con \u00e9l algunas cuestiones sobre la Pol\u00edglota de gran relevancia: la Vulgata -y no la traducci\u00f3n latina del hebra\u00edsta Pagnino- debe imprimirse junto al texto hebraico, al igual que se hizo en la Biblia de Alcal\u00e1; la nueva Pol\u00edglota incluir\u00e1 el texto caldeo desde el Pentateuco en adelante, el Nuevo Testamento en sir\u00edaco y diccionarios de hebreo, caldeo, sir\u00edaco y griego. El Rey encarga seis Biblias en pergamino.  Las razones del proyecto deben ser expuestas en el prefacio, cuyo borrador debe ser enviado a Madrid para ser corregido. BAM controlar\u00e1 los seis mil ducados concedidos a Plantino como pr\u00e9stamo para la compra de papel. Cuando el impresor devuelva partes de esta cantidad, BAM utilizar\u00e1 este dinero para comprar libros y manuscritos para la Biblioteca de El Escorial. Adem\u00e1s de su salario como capell\u00e1n real, BAM recibir\u00e1 una remuneraci\u00f3n de 300 escudos del sol al a\u00f1o durante su estancia en Amberes.<\/p>\n\n\n\n<p><strong>COMENTARIO<\/strong><\/p>\n\n\n\n<p>Los dos documentos que se editan a continuaci\u00f3n contienen el nombramiento oficial de BAM como comisionado real para la impresi\u00f3n de la Biblia Pol\u00edglota de Amberes, con instrucciones detalladas de Felipe II para la ejecuci\u00f3n exitosa del proyecto. Los testimonios conservados en Simancas son las minutas o borradores originales de esta comunicaci\u00f3n, escrita en espa\u00f1ol, que quedaron archivados entre los papeles oficiales. El documento original que se remiti\u00f3 a BAM fue redactado en lat\u00edn y una minuta o borrador del mismo se conserva en el manuscrito de Estocolmo, ff. 183-186 (1568 03 25b).  <\/p>\n\n\n\n<p>Habida cuenta de la relevancia de este nombramiento, consideramos justificado publicar por separado la versi\u00f3n castellana de Simancas (1568 03 25a), por un lado, y el nombramiento escrito en lat\u00edn y conservado en Estocolmo (1568 03 25b), por otro. <\/p>\n<\/div>\n\n\n\n<div class=\"wp-block-column is-layout-flow wp-block-column-is-layout-flow\" style=\"flex-basis:5%\"><\/div>\n<\/div>\n<\/div>\n<\/div>\n\n\n\n<div style=\"height:30px\" aria-hidden=\"true\" class=\"wp-block-spacer\"><\/div>\n\n\n\n<div class=\"wp-block-columns is-layout-flex wp-container-core-columns-is-layout-3 wp-block-columns-is-layout-flex\">\n<div class=\"wp-block-column is-layout-flow wp-block-column-is-layout-flow\">\n<div class=\"wp-block-buttons is-layout-flex wp-block-buttons-is-layout-flex\">\n<div class=\"wp-block-button aligncenter\"><a class=\"wp-block-button__link has-white-color has-text-color wp-element-button\" href=\"https:\/\/lacorrespondenciadebenitoariasmontano.online\/es_es\/1568-03-25a-2\" style=\"border-radius:7px\"><strong>1568 03 25a<\/strong><\/a><\/div>\n<\/div>\n\n\n\n<div style=\"height:40px\" aria-hidden=\"true\" class=\"wp-block-spacer\"><\/div>\n<\/div>\n\n\n\n<div class=\"wp-block-column is-layout-flow wp-block-column-is-layout-flow\">\n<div class=\"wp-block-buttons is-layout-flex wp-block-buttons-is-layout-flex\">\n<div class=\"wp-block-button aligncenter\"><a class=\"wp-block-button__link has-white-color has-text-color wp-element-button\" href=\"https:\/\/lacorrespondenciadebenitoariasmontano.online\/es_es\/1568-03-25a\" style=\"border-radius:7px\"><strong>1568 03 25b<\/strong><\/a><\/div>\n<\/div>\n<\/div>\n<\/div>\n\n\n\n<div style=\"height:84px\" aria-hidden=\"true\" class=\"wp-block-spacer\"><\/div>\n\n\n\n<div style=\"height:0px\" aria-hidden=\"true\" class=\"wp-block-spacer\"><\/div>\n","protected":false},"excerpt":{"rendered":"<p>RESUMEN Crist\u00f3bal Plantino ha preparado los caracteres para la reedici\u00f3n de la Biblia Pol\u00edglota de Alcal\u00e1 y ha pedido financiaci\u00f3n al Rey de Espa\u00f1a para comprar el papel. Tras recibir una prueba de impresi\u00f3n de la Biblia, el Rey somete el proyecto a la aprobaci\u00f3n de los distintos expertos. La valoraci\u00f3n es muy favorable. Tras [&hellip;]<\/p>\n","protected":false},"author":1,"featured_media":0,"parent":2643,"menu_order":0,"comment_status":"closed","ping_status":"closed","template":"elementor_theme","meta":{"footnotes":""},"class_list":["post-1388","page","type-page","status-publish","czr-hentry"],"_links":{"self":[{"href":"https:\/\/lacorrespondenciadebenitoariasmontano.online\/es_es\/wp-json\/wp\/v2\/pages\/1388"}],"collection":[{"href":"https:\/\/lacorrespondenciadebenitoariasmontano.online\/es_es\/wp-json\/wp\/v2\/pages"}],"about":[{"href":"https:\/\/lacorrespondenciadebenitoariasmontano.online\/es_es\/wp-json\/wp\/v2\/types\/page"}],"author":[{"embeddable":true,"href":"https:\/\/lacorrespondenciadebenitoariasmontano.online\/es_es\/wp-json\/wp\/v2\/users\/1"}],"replies":[{"embeddable":true,"href":"https:\/\/lacorrespondenciadebenitoariasmontano.online\/es_es\/wp-json\/wp\/v2\/comments?post=1388"}],"version-history":[{"count":32,"href":"https:\/\/lacorrespondenciadebenitoariasmontano.online\/es_es\/wp-json\/wp\/v2\/pages\/1388\/revisions"}],"predecessor-version":[{"id":4540,"href":"https:\/\/lacorrespondenciadebenitoariasmontano.online\/es_es\/wp-json\/wp\/v2\/pages\/1388\/revisions\/4540"}],"up":[{"embeddable":true,"href":"https:\/\/lacorrespondenciadebenitoariasmontano.online\/es_es\/wp-json\/wp\/v2\/pages\/2643"}],"wp:attachment":[{"href":"https:\/\/lacorrespondenciadebenitoariasmontano.online\/es_es\/wp-json\/wp\/v2\/media?parent=1388"}],"curies":[{"name":"wp","href":"https:\/\/api.w.org\/{rel}","templated":true}]}}