{"id":5390,"date":"2024-01-11T08:44:11","date_gmt":"2024-01-11T08:44:11","guid":{"rendered":"https:\/\/lacorrespondenciadebenitoariasmontano.online\/?page_id=5390"},"modified":"2026-02-05T09:49:20","modified_gmt":"2026-02-05T09:49:20","slug":"indice-de-nombres-caceres-alonso-de","status":"publish","type":"page","link":"https:\/\/lacorrespondenciadebenitoariasmontano.online\/es_es\/indice-de-nombres\/indice-de-nombres-caceres-alonso-de\/","title":{"rendered":"C\u00e1ceres, Alonso de"},"content":{"rendered":"\n<p>Desconocemos qui\u00e9n puede ser exactamente este personaje. Existe un Alonso de C\u00e1ceres, hijo de Pedro de C\u00e1ceres y Tomasa de Guelmes, hermano de Francisco de C\u00e1ceres (c. 1539-1589), conquistador espa\u00f1ol que despleg\u00f3 su actividad principalmente en Venezuela. Francisco y Alonso combatieron en los tercios de Flandes. Cf. Ismael Silva Moreno,\u00a0<em>Hombres y mujeres del siglo XVI venezolano<\/em>\u00a0(Caracas, 1983), pp. 262 y 268. Otro Alonso de C\u00e1ceres, hijo de Alonso de Alarc\u00f3n y de Ines de Vargas (naturales de Ronda), fue conocido especialmente por participar como maestre de campo al mando del ala derecha del ej\u00e9rcito espa\u00f1ol durante la batalla de San Quint\u00edn, el 10 de agosto de 1557. Cf. Jos\u00e9 A. Rebullida,\u00a0<em>Felipe II y el \u00e9xito de San Quint\u00edn<\/em>\u00a0(Madrid, 2015). Tambi\u00e9n podr\u00eda ser este Alonso de C\u00e1ceres un familiar cercano de Mart\u00edn de C\u00e1ceres, a quien BAM hab\u00eda colocado bajo la protecci\u00f3n de Albornoz (v\u00e9ase carta\u00a0<a href=\"https:\/\/lacorrespondenciadebenitoariasmontano.online\/es_es\/1568-11-09\">1568 11 09<\/a>).<\/p>\n\n\n\n<p>    <strong> Remitente<\/strong><\/p>\n\n\n<div id=\"zotpress-441e88f2556bfe697399861e25c91cd3\" class=\"zp-Zotpress zp-Zotpress-Bib wp-block-group forcenumber\">\n\n\t\t<span class=\"ZP_API_USER_ID\" style=\"display: none;\">11208749<\/span>\n\t\t<span class=\"ZP_ITEM_KEY\" style=\"display: none;\"><\/span>\n\t\t<span class=\"ZP_COLLECTION_ID\" style=\"display: none;\"><\/span>\n\t\t<span class=\"ZP_TAG_ID\" style=\"display: none;\">Alonso de C\u00e1ceres - remitente<\/span>\n\t\t<span class=\"ZP_AUTHOR\" style=\"display: none;\"><\/span>\n\t\t<span class=\"ZP_YEAR\" style=\"display: none;\"><\/span>\n        <span class=\"ZP_ITEMTYPE\" style=\"display: none;\"><\/span>\n\t\t<span class=\"ZP_INCLUSIVE\" style=\"display: none;\"><\/span>\n\t\t<span class=\"ZP_STYLE\" style=\"display: none;\">nature<\/span>\n\t\t<span class=\"ZP_LIMIT\" style=\"display: none;\">50<\/span>\n\t\t<span class=\"ZP_SORTBY\" style=\"display: none;\">date<\/span>\n\t\t<span class=\"ZP_ORDER\" style=\"display: none;\">asc<\/span>\n\t\t<span class=\"ZP_TITLE\" style=\"display: none;\"><\/span>\n\t\t<span class=\"ZP_SHOWIMAGE\" style=\"display: none;\"><\/span>\n\t\t<span class=\"ZP_SHOWTAGS\" style=\"display: none;\"><\/span>\n\t\t<span class=\"ZP_DOWNLOADABLE\" style=\"display: none;\"><\/span>\n\t\t<span class=\"ZP_NOTES\" style=\"display: none;\"><\/span>\n\t\t<span class=\"ZP_ABSTRACT\" style=\"display: none;\"><\/span>\n\t\t<span class=\"ZP_CITEABLE\" style=\"display: none;\"><\/span>\n\t\t<span class=\"ZP_TARGET\" style=\"display: none;\"><\/span>\n\t\t<span class=\"ZP_URLWRAP\" style=\"display: none;\">title<\/span>\n\t\t<span class=\"ZP_FORCENUM\" style=\"display: none;\">1<\/span>\n        <span class=\"ZP_HIGHLIGHT\" style=\"display: none;\"><\/span>\n        <span class=\"ZP_POSTID\" style=\"display: none;\">5390<\/span>\n\t\t<span class=\"ZOTPRESS_PLUGIN_URL\" style=\"display:none;\">https:\/\/lacorrespondenciadebenitoariasmontano.online\/wp-content\/plugins\/zotpress\/<\/span>\n\n\t\t<div class=\"zp-List loading\">\n\t\t\t<div class=\"zp-SEO-Content\">\n\n\t\t\t<\/div><!-- .zp-zp-SEO-Content -->\n\t\t<\/div><!-- .zp-List -->\n\t<\/div><!--.zp-Zotpress-->\n\n\n\n\n\n<p>     <strong>Destinatario<\/strong><\/p>\n\n\n<div id=\"zotpress-dbb4f4d1f2e41ad6b9dcfd750193af33\" class=\"zp-Zotpress zp-Zotpress-Bib wp-block-group\">\n\n\t\t<span class=\"ZP_API_USER_ID\" style=\"display: none;\">11208749<\/span>\n\t\t<span class=\"ZP_ITEM_KEY\" style=\"display: none;\"><\/span>\n\t\t<span class=\"ZP_COLLECTION_ID\" style=\"display: none;\"><\/span>\n\t\t<span class=\"ZP_TAG_ID\" style=\"display: none;\">Alonso de C\u00e1ceres - destinatario<\/span>\n\t\t<span class=\"ZP_AUTHOR\" style=\"display: none;\"><\/span>\n\t\t<span class=\"ZP_YEAR\" style=\"display: none;\"><\/span>\n        <span class=\"ZP_ITEMTYPE\" style=\"display: none;\"><\/span>\n\t\t<span class=\"ZP_INCLUSIVE\" style=\"display: none;\"><\/span>\n\t\t<span class=\"ZP_STYLE\" style=\"display: none;\">nature<\/span>\n\t\t<span class=\"ZP_LIMIT\" style=\"display: none;\">50<\/span>\n\t\t<span class=\"ZP_SORTBY\" style=\"display: none;\">date<\/span>\n\t\t<span class=\"ZP_ORDER\" style=\"display: none;\">asc<\/span>\n\t\t<span class=\"ZP_TITLE\" style=\"display: none;\"><\/span>\n\t\t<span class=\"ZP_SHOWIMAGE\" style=\"display: none;\"><\/span>\n\t\t<span class=\"ZP_SHOWTAGS\" style=\"display: none;\"><\/span>\n\t\t<span class=\"ZP_DOWNLOADABLE\" style=\"display: none;\"><\/span>\n\t\t<span class=\"ZP_NOTES\" style=\"display: none;\"><\/span>\n\t\t<span class=\"ZP_ABSTRACT\" style=\"display: none;\"><\/span>\n\t\t<span class=\"ZP_CITEABLE\" style=\"display: none;\"><\/span>\n\t\t<span class=\"ZP_TARGET\" style=\"display: none;\"><\/span>\n\t\t<span class=\"ZP_URLWRAP\" style=\"display: none;\">title<\/span>\n\t\t<span class=\"ZP_FORCENUM\" style=\"display: none;\"><\/span>\n        <span class=\"ZP_HIGHLIGHT\" style=\"display: none;\"><\/span>\n        <span class=\"ZP_POSTID\" style=\"display: none;\">5390<\/span>\n\t\t<span class=\"ZOTPRESS_PLUGIN_URL\" style=\"display:none;\">https:\/\/lacorrespondenciadebenitoariasmontano.online\/wp-content\/plugins\/zotpress\/<\/span>\n\n\t\t<div class=\"zp-List loading\">\n\t\t\t<div class=\"zp-SEO-Content\">\n\n\t\t\t<\/div><!-- .zp-zp-SEO-Content -->\n\t\t<\/div><!-- .zp-List -->\n\t<\/div><!--.zp-Zotpress-->\n\n\n\n\n\n<p>     <strong>Mencionado<\/strong><\/p>\n\n\n\n<p><\/p>\n\n\n\n<p><\/p>\n\n\n<div id=\"zotpress-8cf3658ff5b6fc8df99e7653d8003291\" class=\"zp-Zotpress zp-Zotpress-Bib wp-block-group\">\n\n\t\t<span class=\"ZP_API_USER_ID\" style=\"display: none;\">11208749<\/span>\n\t\t<span class=\"ZP_ITEM_KEY\" style=\"display: none;\"><\/span>\n\t\t<span class=\"ZP_COLLECTION_ID\" style=\"display: none;\"><\/span>\n\t\t<span class=\"ZP_TAG_ID\" style=\"display: none;\">Alonso de C\u00e1ceres - mencionado<\/span>\n\t\t<span class=\"ZP_AUTHOR\" style=\"display: none;\"><\/span>\n\t\t<span class=\"ZP_YEAR\" style=\"display: none;\"><\/span>\n        <span class=\"ZP_ITEMTYPE\" style=\"display: none;\"><\/span>\n\t\t<span class=\"ZP_INCLUSIVE\" style=\"display: none;\"><\/span>\n\t\t<span class=\"ZP_STYLE\" style=\"display: none;\">nature<\/span>\n\t\t<span class=\"ZP_LIMIT\" style=\"display: none;\">50<\/span>\n\t\t<span class=\"ZP_SORTBY\" style=\"display: none;\">date<\/span>\n\t\t<span class=\"ZP_ORDER\" style=\"display: none;\">asc<\/span>\n\t\t<span class=\"ZP_TITLE\" style=\"display: none;\"><\/span>\n\t\t<span class=\"ZP_SHOWIMAGE\" style=\"display: none;\"><\/span>\n\t\t<span class=\"ZP_SHOWTAGS\" style=\"display: none;\"><\/span>\n\t\t<span class=\"ZP_DOWNLOADABLE\" style=\"display: none;\"><\/span>\n\t\t<span class=\"ZP_NOTES\" style=\"display: none;\"><\/span>\n\t\t<span class=\"ZP_ABSTRACT\" style=\"display: none;\"><\/span>\n\t\t<span class=\"ZP_CITEABLE\" style=\"display: none;\"><\/span>\n\t\t<span class=\"ZP_TARGET\" style=\"display: none;\"><\/span>\n\t\t<span class=\"ZP_URLWRAP\" style=\"display: none;\">title<\/span>\n\t\t<span class=\"ZP_FORCENUM\" style=\"display: none;\"><\/span>\n        <span class=\"ZP_HIGHLIGHT\" style=\"display: none;\"><\/span>\n        <span class=\"ZP_POSTID\" style=\"display: none;\">5390<\/span>\n\t\t<span class=\"ZOTPRESS_PLUGIN_URL\" style=\"display:none;\">https:\/\/lacorrespondenciadebenitoariasmontano.online\/wp-content\/plugins\/zotpress\/<\/span>\n\n\t\t<div class=\"zp-List loading\">\n\t\t\t<div class=\"zp-SEO-Content\">\n\t\t\t\t<span class=\"ZP_JSON\" style=\"display: none;\">%7B%22status%22%3A%22success%22%2C%22updateneeded%22%3Afalse%2C%22instance%22%3A%22zotpress-8cf3658ff5b6fc8df99e7653d8003291%22%2C%22meta%22%3A%7B%22request_last%22%3A0%2C%22request_next%22%3A0%2C%22used_cache%22%3Atrue%7D%2C%22data%22%3A%5B%7B%22key%22%3A%227KBWT78U%22%2C%22library%22%3A%7B%22id%22%3A11208749%7D%2C%22meta%22%3A%7B%22parsedDate%22%3A%221569-05-01%22%2C%22numChildren%22%3A1%7D%2C%22bib%22%3A%22%3Cdiv%20class%3D%5C%22csl-bib-body%5C%22%20style%3D%5C%22line-height%3A%202%3B%20%5C%22%3E%5Cn%20%3Cdiv%20class%3D%5C%22csl-entry%5C%22%20style%3D%5C%22clear%3A%20left%3B%20%5C%22%3E%5Cn%20%3Cdiv%20class%3D%5C%22csl-left-margin%5C%22%20style%3D%5C%22float%3A%20left%3B%20padding-right%3A%200.5em%3B%20text-align%3A%20right%3B%20width%3A%201em%3B%5C%22%3E1.%3C%5C%2Fdiv%3E%3Cdiv%20class%3D%5C%22csl-right-inline%5C%22%20style%3D%5C%22margin%3A%200%20.4em%200%201.5em%3B%5C%22%3E%3Ca%20href%3D%27https%3A%5C%2F%5C%2Flacorrespondenciadebenitoariasmontano.online%5C%2Fes_es%5C%2F1569-05-17%27%3E1569%2005%2017%20Benito%20Arias%20Montano%20%28Amberes%29%20a%20Juan%20de%20Albornoz%20%28Bruselas%29%3C%5C%2Fa%3E.%20%281569%29.%3C%5C%2Fdiv%3E%5Cn%20%3C%5C%2Fdiv%3E%5Cn%3C%5C%2Fdiv%3E%22%2C%22data%22%3A%7B%22itemType%22%3A%22letter%22%2C%22title%22%3A%221569%2005%2017%20Benito%20Arias%20Montano%20%28Amberes%29%20a%20Juan%20de%20Albornoz%20%28Bruselas%29%22%2C%22creators%22%3A%5B%5D%2C%22abstractNote%22%3A%22%22%2C%22letterType%22%3A%22%22%2C%22date%22%3A%221569-05-1%22%2C%22eventPlace%22%3A%22%22%2C%22DOI%22%3A%22%22%2C%22citationKey%22%3A%22%22%2C%22url%22%3A%22https%3A%5C%2F%5C%2Flacorrespondenciadebenitoariasmontano.online%5C%2Fes_es%5C%2F1569-05-17%22%2C%22language%22%3A%22%22%2C%22collections%22%3A%5B%22UEXSTZJB%22%5D%2C%22dateModified%22%3A%222026-02-07T17%3A42%3A34Z%22%7D%7D%5D%7D<\/span>\n\n\t\t\t\t<div id=\"zp-ID-5390-11208749-7KBWT78U\" data-zp-author-date='-1569-05-01' data-zp-date-author='1569-05-01-' data-zp-date='1569-05-01' data-zp-year='1569' data-zp-itemtype='letter' class=\"zp-Entry zpSearchResultsItem\">\n<div class=\"csl-bib-body\" style=\"line-height: 2; \">\n <div class=\"csl-entry\" style=\"clear: left; \">\n <div class=\"csl-left-margin\" style=\"float: left; padding-right: 0.5em; text-align: right; width: 1em;\">1.<\/div><div class=\"csl-right-inline\" style=\"margin: 0 .4em 0 1.5em;\"><a href='https:\/\/lacorrespondenciadebenitoariasmontano.online\/es_es\/1569-05-17'>1569 05 17 Benito Arias Montano (Amberes) a Juan de Albornoz (Bruselas)<\/a>. (1569).<\/div>\n <\/div>\n<\/div>\n\t\t\t\t<\/div><!-- .zp-Entry .zpSearchResultsItem -->\n\t\t\t<\/div><!-- .zp-zp-SEO-Content -->\n\t\t<\/div><!-- .zp-List -->\n\t<\/div><!--.zp-Zotpress-->\n\n\n","protected":false},"excerpt":{"rendered":"<p>Desconocemos qui\u00e9n puede ser exactamente este personaje. Existe un Alonso de C\u00e1ceres, hijo de Pedro de C\u00e1ceres y Tomasa de Guelmes, hermano de Francisco de C\u00e1ceres (c. 1539-1589), conquistador espa\u00f1ol que despleg\u00f3 su actividad principalmente en Venezuela. Francisco y Alonso combatieron en los tercios de Flandes. Cf. Ismael Silva Moreno,\u00a0Hombres y mujeres del siglo XVI [&hellip;]<\/p>\n","protected":false},"author":1,"featured_media":0,"parent":3423,"menu_order":0,"comment_status":"closed","ping_status":"closed","template":"","meta":{"footnotes":""},"class_list":["post-5390","page","type-page","status-publish","czr-hentry"],"_links":{"self":[{"href":"https:\/\/lacorrespondenciadebenitoariasmontano.online\/es_es\/wp-json\/wp\/v2\/pages\/5390"}],"collection":[{"href":"https:\/\/lacorrespondenciadebenitoariasmontano.online\/es_es\/wp-json\/wp\/v2\/pages"}],"about":[{"href":"https:\/\/lacorrespondenciadebenitoariasmontano.online\/es_es\/wp-json\/wp\/v2\/types\/page"}],"author":[{"embeddable":true,"href":"https:\/\/lacorrespondenciadebenitoariasmontano.online\/es_es\/wp-json\/wp\/v2\/users\/1"}],"replies":[{"embeddable":true,"href":"https:\/\/lacorrespondenciadebenitoariasmontano.online\/es_es\/wp-json\/wp\/v2\/comments?post=5390"}],"version-history":[{"count":4,"href":"https:\/\/lacorrespondenciadebenitoariasmontano.online\/es_es\/wp-json\/wp\/v2\/pages\/5390\/revisions"}],"predecessor-version":[{"id":10572,"href":"https:\/\/lacorrespondenciadebenitoariasmontano.online\/es_es\/wp-json\/wp\/v2\/pages\/5390\/revisions\/10572"}],"up":[{"embeddable":true,"href":"https:\/\/lacorrespondenciadebenitoariasmontano.online\/es_es\/wp-json\/wp\/v2\/pages\/3423"}],"wp:attachment":[{"href":"https:\/\/lacorrespondenciadebenitoariasmontano.online\/es_es\/wp-json\/wp\/v2\/media?parent=5390"}],"curies":[{"name":"wp","href":"https:\/\/api.w.org\/{rel}","templated":true}]}}