{"id":6433,"date":"2024-03-14T06:47:33","date_gmt":"2024-03-14T06:47:33","guid":{"rendered":"https:\/\/lacorrespondenciadebenitoariasmontano.online\/?page_id=6433"},"modified":"2026-02-27T07:25:43","modified_gmt":"2026-02-27T07:25:43","slug":"1569-11-30","status":"publish","type":"page","link":"https:\/\/lacorrespondenciadebenitoariasmontano.online\/es_es\/1569-11-30\/","title":{"rendered":"1569 11 30"},"content":{"rendered":"\n<div class=\"wp-block-columns is-layout-flex wp-container-core-columns-is-layout-2 wp-block-columns-is-layout-flex\">\n<div class=\"wp-block-column is-layout-flow wp-block-column-is-layout-flow\">\n<p class=\"has-text-align-center\" style=\"font-size:31px\">1569 11 30 <\/p>\n\n\n\n<p class=\"has-text-align-center\" style=\"font-size:31px\">Stephanus Vinandus Pighius [Bruselas] a Benito Arias Montano [Amberes] <\/p>\n\n\n\n<p class=\"has-text-align-right\" style=\"font-size:22px\">30 de noviembre de 1569<\/p>\n\n\n\n<div style=\"height:28px\" aria-hidden=\"true\" class=\"wp-block-spacer\"><\/div>\n\n\n\n<div class=\"wp-block-columns is-layout-flex wp-container-core-columns-is-layout-1 wp-block-columns-is-layout-flex\">\n<div class=\"wp-block-column is-layout-flow wp-block-column-is-layout-flow\" style=\"flex-basis:33.33%\">\n<div class=\"wp-block-cover is-light wp-duotone-unset-1\" style=\"min-height:103px;aspect-ratio:unset;\"><span aria-hidden=\"true\" class=\"wp-block-cover__background has-background-dim-10 has-background-dim\"><\/span><img fetchpriority=\"high\" decoding=\"async\" width=\"1127\" height=\"423\" class=\"wp-block-cover__image-background wp-image-606\" alt=\"\" src=\"https:\/\/lacorrespondenciadebenitoariasmontano.online\/wp-content\/uploads\/2023\/03\/cropped-Gysbrechts-1.jpg\" data-object-fit=\"cover\" srcset=\"https:\/\/lacorrespondenciadebenitoariasmontano.online\/wp-content\/uploads\/2023\/03\/cropped-Gysbrechts-1.jpg 1127w, https:\/\/lacorrespondenciadebenitoariasmontano.online\/wp-content\/uploads\/2023\/03\/cropped-Gysbrechts-1-300x113.jpg 300w, https:\/\/lacorrespondenciadebenitoariasmontano.online\/wp-content\/uploads\/2023\/03\/cropped-Gysbrechts-1-1024x384.jpg 1024w, https:\/\/lacorrespondenciadebenitoariasmontano.online\/wp-content\/uploads\/2023\/03\/cropped-Gysbrechts-1-768x288.jpg 768w\" sizes=\"(max-width: 1127px) 100vw, 1127px\" \/><div class=\"wp-block-cover__inner-container is-layout-flow wp-block-cover-is-layout-flow\">\n<p class=\"has-text-align-center has-white-color has-text-color has-medium-font-size\"><strong>METADATOS<\/strong><\/p>\n<\/div><\/div>\n\n\n\n<div style=\"height:10px\" aria-hidden=\"true\" class=\"wp-block-spacer\"><\/div>\n\n\n\n<meta http-equiv=\"Content-Type\" content=\"text\/html; charset=UTF-8\">\n   \n   \n      <div style=\"background-color:White;border:solid 1px DimGrey;border-radius:5px;\">\n         <div style=\"margin-left: 15px; color: #1C1C1C;\">\n            <p><b>Identificador: <\/b>1569 11 30<\/p>\n         <\/div>\n         <div style=\"margin-left: 15px; color: #1C1C1C;\">\n            <p><b>\u00cdncipit: <\/b>Numulos mitto, quos ipse nuper ex meo cumulo selegeras&#8230;<\/p>\n         <\/div>\n         <div style=\"margin-left: 15px\">\n            <p><b>Manuscritos: <\/b><\/p>\n            <ul>\n               (C1) SUBH, Sup. ep. (4\u00ba) 7, f. 78v; \n               \n               (C2) Manuscrits Divers 187, f. 75r-v; \n               \n               (C3) Ms. 7400\/113, f. 143v-144r.\n               <\/ul>\n         <\/div>\n         <div style=\"margin-left: 15px\">\n            <p><b>Impresos: <\/b><\/p>\n            <ul>(E1) De Vocht, <i>Pighii epistolarium<\/i>, p. 283; (E2) Dom\u00ednguez, <i>Correspondencia<\/i>, I, 300-303.<\/ul>\n         <\/div>\n         <div style=\"margin-left: 15px\">\n            <p><b>Edici\u00f3n cr\u00edtica, traducci\u00f3n y notas: <\/b>Antonio D\u00e1vila P\u00e9rez &#8211; Jeanine De Landtsheer <\/p>\n         <\/div>\n         <div style=\"margin-left: 15px\">\n            <p><b>Codificaci\u00f3n y edici\u00f3n digital: <\/b>Antonio D\u00e1vila P\u00e9rez<\/p>\n         <\/div>\n      <\/div>\n<\/div>\n\n\n\n<div class=\"wp-block-column is-layout-flow wp-block-column-is-layout-flow\" style=\"flex-basis:66.66%\">\n<p><strong>RESUMEN<\/strong><\/p>\n\n\n\n<p>Pighio env\u00eda a BAM, a modo de regalo, copias de unas monedas de su colecci\u00f3n personal, por las que BAM hab\u00eda mostrado inter\u00e9s previamente. Al mismo tiempo, se ofrece a proporcionar a BAM cualquier otra pieza de su biblioteca y museo que pueda serle \u00fatil para sus estudios.<\/p>\n\n\n\n<p><strong>COMENTARIO<\/strong><\/p>\n\n\n\n<p>Posiblemente nos hallemos ante la primera carta remitida por Pighio a BAM; al menos es la primera que se nos ha conservado. En todo caso, recordemos que la carta de Morillon a BAM con fecha del 24 de octubre (<a href=\"https:\/\/lacorrespondenciadebenitoariasmontano.online\/es_es\/1569-10-24\">1569 10 24<\/a>) fue escrita por el propio Pighio, que realizaba labores de secretario de la archidi\u00f3cesis de Malinas por encargo del cardenal Granvela, y esta es la raz\u00f3n por la que fue conservada en el manuscrito con el restante epistolario del humanista flamenco. Como ejemplo de la circulaci\u00f3n de objetos eruditos en el marco de la Rep\u00fablica de las Letras de principios de la Edad Moderna, la misiva que editamos aqu\u00ed ven\u00eda acompa\u00f1ada de unas copias de monedas de la colecci\u00f3n personal de Pighio, cuyo museo numism\u00e1tico y epigr\u00e1fico debi\u00f3 de haber conocido previamente BAM. Este parece que mostr\u00f3 especial inter\u00e9s por algunas de las monedas en cuesti\u00f3n e incluso las seleccion\u00f3 en un encuentro previo con Pighio.<\/p>\n\n\n\n<p>Sobre los testimonios conservados de esta carta, remitimos a lo dicho en el comentario de la <a href=\"https:\/\/lacorrespondenciadebenitoariasmontano.online\/es_es\/1569-10-24\">citada misiva del 24 de octubre de 1569<\/a>.<\/p>\n\n\n\n<p><\/p>\n\n\n\n<p><\/p>\n\n\n\n<p><\/p>\n\n\n\n<p><\/p>\n<\/div>\n<\/div>\n<\/div>\n<\/div>\n\n\n\n<p><strong>FACS\u00cdMILES<\/strong><\/p>\n\n\n\n<div class=\"wp-block-columns is-layout-flex wp-container-core-columns-is-layout-3 wp-block-columns-is-layout-flex\">\n<div class=\"wp-block-column is-layout-flow wp-block-column-is-layout-flow\" style=\"flex-basis:20%\">\n<figure class=\"wp-block-gallery has-nested-images columns-5 is-cropped wp-block-gallery-2 is-layout-flex wp-block-gallery-is-layout-flex\">\n<figure class=\"wp-block-image size-large is-style-zoooom\"><img decoding=\"async\" width=\"816\" height=\"1024\" src=\"https:\/\/lacorrespondenciadebenitoariasmontano.online\/wp-content\/uploads\/2024\/03\/SUBH-Sup.-ep.-7-4o-f.-78v-816x1024.jpg\" alt=\"\" class=\"wp-image-6402\" srcset=\"https:\/\/lacorrespondenciadebenitoariasmontano.online\/wp-content\/uploads\/2024\/03\/SUBH-Sup.-ep.-7-4o-f.-78v-816x1024.jpg 816w, https:\/\/lacorrespondenciadebenitoariasmontano.online\/wp-content\/uploads\/2024\/03\/SUBH-Sup.-ep.-7-4o-f.-78v-239x300.jpg 239w, https:\/\/lacorrespondenciadebenitoariasmontano.online\/wp-content\/uploads\/2024\/03\/SUBH-Sup.-ep.-7-4o-f.-78v-768x964.jpg 768w, https:\/\/lacorrespondenciadebenitoariasmontano.online\/wp-content\/uploads\/2024\/03\/SUBH-Sup.-ep.-7-4o-f.-78v-1223x1536.jpg 1223w, https:\/\/lacorrespondenciadebenitoariasmontano.online\/wp-content\/uploads\/2024\/03\/SUBH-Sup.-ep.-7-4o-f.-78v-10x12.jpg 10w, https:\/\/lacorrespondenciadebenitoariasmontano.online\/wp-content\/uploads\/2024\/03\/SUBH-Sup.-ep.-7-4o-f.-78v.jpg 1534w\" sizes=\"(max-width: 816px) 100vw, 816px\" \/><figcaption class=\"wp-element-caption\"><strong>SUBH, Sup. ep. (4\u00ba) 7, f. 78v<\/strong><\/figcaption><\/figure>\n<\/figure>\n<\/div>\n<\/div>\n\n\n\n<div style=\"height:84px\" aria-hidden=\"true\" class=\"wp-block-spacer\"><\/div>\n\n\n\n<div style=\"height:0px\" aria-hidden=\"true\" class=\"wp-block-spacer\"><\/div>\n\n\n\n<div class=\"wp-block-columns is-layout-flex wp-container-core-columns-is-layout-4 wp-block-columns-is-layout-flex\">\n<div class=\"wp-block-column is-layout-flow wp-block-column-is-layout-flow\">\n<b>TEXTO Y APARATO CR\u00cdTICO (CON VISUALIZACI\u00d3N DE MARCADO XML-TEI)<\/b>\n  \n   \n     \n   \n   \n   \n      <meta http-equiv=\"Content-Type\" content=\"text\/html; charset=UTF-8\">\n      <!--THIS FILE IS GENERATED FROM AN XML MASTER. DO NOT EDIT (5)--><title>La correspondencia de Benito Arias Montano: edici\u00f3n cr\u00edtica digital \u2014 Stephanus Vindandus Pighius [Bruselas] a Benito Arias Montano (Amberes) &#8211; 30 de noviembre de 1569 <\/title><meta name=\"author\" content=\"Stephanus Vinandus Pighius\">\n      <meta name=\"generator\" content=\"Text Encoding Initiative Consortium XSLT stylesheets\">\n      <meta name=\"DC.Title\" content=\"La correspondencia de Benito Arias Montano: edici\u00f3n cr\u00edtica digital \u2014 Stephanus Vindandus Pighius [Bruselas] a Benito Arias Montano (Amberes) - 30 de noviembre de 1569\">\n      <meta name=\"DC.Type\" content=\"Text\">\n      <meta name=\"DC.Format\" content=\"text\/html\"><link href=\"http:\/\/nl.ijs.si\/tei\/convert\/profiles\/test\/html\/jsi-tei.css\" rel=\"stylesheet\" type=\"text\/css\"><link rel=\"stylesheet\" media=\"print\" type=\"text\/css\" href=\"https:\/\/www.tei-c.org\/release\/xml\/tei\/stylesheet\/tei-print.css\">\n   \n      <div class=\"stdheader autogenerated\">\n         \n      <\/div>\n      <section class=\"source\" id=\"index.xml-group.1_text.1\">\n         \n        \n         <div class=\"tei_body\"><br><br>\n            <div class=\"main_content\" id=\"index.xml-group.1_text.1_body.1_div.1\">\n               \n               <div class=\"pagebreak\" id=\"index.xml-pb-w103089995ab2b5b1b1b3b1b1\"><a href=\"https:\/\/lacorrespondenciadebenitoariasmontano.online\/wp-content\/uploads\/2024\/03\/SUBH-Sup.-ep.-7-4o-f.-78v.jpg\" target=\"_blank\" onclick=\"window.open(this.href, this.target, 'width=400,height=600'); return false;\" rel=\"noopener\">[f. 78v]<\/a><\/div>\n               <p>[<span style=\"font-weight:bold\">1<\/span>] Nummulos<sup class=\"appnote\" data-app=\"App1\">1<\/sup> mitto, quos ipse nuper ex meo cumulo selegeras, sed medio metallo transfusos<sup class=\"appnote\" data-app=\"App2\">2<\/sup> ex ipsis antiquis. [<span style=\"font-weight:bold\">2<\/span>] Quod leuidense<sup class=\"appnote\" data-app=\"App3\">3<\/sup> munusculum, ut ab amico profectum, ut hilari uultu accipias uelim. En omnes argenteos,\n                  inquis, quos plumbeos expectabam!<sup class=\"appnote\" data-app=\"App4\">4<\/sup> Sed ita placuit collybus, Daedalio usis<sup class=\"appnote\" data-app=\"App5\">5<\/sup> consilio, quo medium tenere tramitem iubemur. [<span style=\"font-weight:bold\">3<\/span>] Si quid praeterea eiusmodi rerum apud me est, quae tuis studiis delectationiue seruire\n                  poterunt, gratissimum erit intelligere; uehementer enim cum in his, tum in aliis,\n                  quibus potero d<span class=\"tei_expan\" title=\"tei:expan\"><span class=\"ex\">ominationi<\/span><\/span> u<span class=\"tei_expan\" title=\"tei:expan\"><span class=\"ex\">estrae<\/span><\/span> gratificare cupio.\n               <\/p>\n               \n                  <p>Vale.<\/p>\n               \n            <\/div>\n         <\/div>\n      <\/section>\n      \n      <div class=\"appcrit\">\n         <div class=\"app\" id=\"App1\"><span class=\"lemma\">Nummulos<\/span>] <span class=\"lemmawitness\">E1, E2<\/span>; Arrio Montano 30 Nobr. 1559. Numulos (C1); ; Arrio Montano 30 nbr. 1559. Numulos (C2); ; Ario Montano 30 Nbr. 1559. Numulos (C3)\n         <\/div>\n         <div class=\"app\" id=\"App2\"><span class=\"lemma\">transfusos<\/span>] <span class=\"lemmawitness\">C1, C2, E1, E2<\/span>; transfugos (C3)\n         <\/div>\n         <div class=\"app\" id=\"App3\"><span class=\"lemma\">leuidense<\/span>] <span class=\"lemmawitness\">C1, E1, E2<\/span>; levidente (C2); ; levi dente (C3)\n         <\/div>\n         <div class=\"app\" id=\"App4\"><span class=\"lemma\">expectabam!<\/span>] <span class=\"lemmawitness\">E2<\/span>; expectabam? (E1); ; expectabam (C1, C2, C3)\n         <\/div>\n         <div class=\"app\" id=\"App5\"><span class=\"lemma\">usis<\/span>] <span class=\"lemmawitness\">C1, C2, C3, E2<\/span>; usus (E1)\n         <\/div>\n      <\/div>\n      <div class=\"stdfooter autogenerated\">\n         <div class=\"footer\">\n            <!--standard links to project, institution etc--><a class=\"plain\" href=\"\/\"><\/a> \n         <\/div>\n         \n            <!--\n Generated from index.xml using XSLT stylesheets version 7.56.0\n\t\t based on http:\/\/www.tei-c.org\/Stylesheets\/\n\t\t on 2024-03-14T06:46:06Z.\n\t\t SAXON HE 9.8.0.15.\n\t\t   -->\n      <\/div>\n\n\n\n<div style=\"height:56px\" aria-hidden=\"true\" class=\"wp-block-spacer\"><\/div>\n\n\n\n<figure class=\"wp-block-image size-full\"><img decoding=\"async\" width=\"650\" height=\"777\" src=\"https:\/\/lacorrespondenciadebenitoariasmontano.online\/wp-content\/uploads\/2024\/03\/Stephan_Weinandus_Pighius_1520\u20131604_Stiftsmuseum_Xanten_C_21.jpg\" alt=\"\" class=\"wp-image-6158\" srcset=\"https:\/\/lacorrespondenciadebenitoariasmontano.online\/wp-content\/uploads\/2024\/03\/Stephan_Weinandus_Pighius_1520\u20131604_Stiftsmuseum_Xanten_C_21.jpg 650w, https:\/\/lacorrespondenciadebenitoariasmontano.online\/wp-content\/uploads\/2024\/03\/Stephan_Weinandus_Pighius_1520\u20131604_Stiftsmuseum_Xanten_C_21-251x300.jpg 251w, https:\/\/lacorrespondenciadebenitoariasmontano.online\/wp-content\/uploads\/2024\/03\/Stephan_Weinandus_Pighius_1520\u20131604_Stiftsmuseum_Xanten_C_21-10x12.jpg 10w\" sizes=\"(max-width: 650px) 100vw, 650px\" \/><figcaption class=\"wp-element-caption\">Stephanus Vinandus Pighius (1520\u20131604), Stiftsmuseum Xanten<\/figcaption><\/figure>\n<\/div>\n\n\n\n<div class=\"wp-block-column is-layout-flow wp-block-column-is-layout-flow\">\n<b>TRADUCCI\u00d3N AL ESPA\u00d1OL <br>Y NOTAS<br><\/b>\n   \n    \n   \n      \n   \n       <meta http-equiv=\"Content-Type\" content=\"text\/html; charset=UTF-8\">\n      <!--THIS FILE IS GENERATED FROM AN XML MASTER. DO NOT EDIT (5)--><title>La correspondencia de Benito Arias Montano: edici\u00f3n cr\u00edtica digital \u2014 Stephanus Vindandus Pighius [Bruselas] a Benito Arias Montano (Amberes) &#8211; 30 de noviembre de 1569 <\/title><meta name=\"author\" content=\"Stephanus Vinandus Pighius\">\n      <meta name=\"generator\" content=\"Text Encoding Initiative Consortium XSLT stylesheets\">\n      <meta name=\"DC.Title\" content=\"La correspondencia de Benito Arias Montano: edici\u00f3n cr\u00edtica digital \u2014 Stephanus Vindandus Pighius [Bruselas] a Benito Arias Montano (Amberes) - 30 de noviembre de 1569\">\n      <meta name=\"DC.Type\" content=\"Text\">\n      <meta name=\"DC.Format\" content=\"text\/html\"><link href=\"http:\/\/nl.ijs.si\/tei\/convert\/profiles\/test\/html\/jsi-tei.css\" rel=\"stylesheet\" type=\"text\/css\"><link rel=\"stylesheet\" media=\"print\" type=\"text\/css\" href=\"https:\/\/www.tei-c.org\/release\/xml\/tei\/stylesheet\/tei-print.css\">\n   \n      <div class=\"stdheader autogenerated\">\n         \n      <\/div>\n      \n      <section class=\"translation\" id=\"index.xml-group.1_text.2\"><br><br>\n         \n         <div class=\"tei_body\">\n            <div class=\"main_content\" id=\"index.xml-group.1_text.2_body.1_div.1\">\n               \n               <div class=\"pagebreak\" id=\"index.xml-pb-w103089995ab2b5b1b3b1b1b1\"><a href=\"https:\/\/lacorrespondenciadebenitoariasmontano.online\/wp-content\/uploads\/2024\/03\/SUBH-Sup.-ep.-7-4o-f.-78v.jpg\" target=\"_blank\" onclick=\"window.open(this.href, this.target, 'width=400,height=600'); return false;\" rel=\"noopener\">[f. 78v]<\/a><\/div>\n               <p>[<span style=\"font-weight:bold\">1<\/span>] Env\u00edo las moneditas que vuestra se\u00f1or\u00eda misma hab\u00eda escogido recientemente<a class=\"link_ref\" id=\"reference1\" href=\"#note1\" title=\"1Por una carta de Pighio a Andreas Masio del 15 de noviembre de 1569 (cf. De Vocht Pighii epistolarium pp. 281283) conocemos al...\">1<\/a> de mi colecci\u00f3n, pero fundidas con la mitad de metal a partir de las propias piezas\n                  antiguas.<a class=\"link_ref\" id=\"reference2\" href=\"#note2\" title=\"2 Seg\u00fan de Vocht Pighii epistolarium p. 283 el mismo m\u00e9todo para completar las colecciones de monedas hab\u00eda sido empleado y tra...\">2<\/a> [<span style=\"font-weight:bold\">2<\/span>] Este regalillo sin importancia quisiera que lo aceptara con rostro sonriente, como\n                  procedente de un amigo. \u00ab\u00a1Mira -dice vuestra se\u00f1or\u00eda- son todas de plata las monedas que esperaba\n                  de plomo!\u00bb Pero as\u00ed decidimos hacer el cambio de moneda, recurriendo al consejo de\n                  D\u00e9dalo, que nos obliga a tomar la v\u00eda de enmedio.<a class=\"link_ref\" id=\"reference3\" href=\"#note3\" title=\"3 El consejo que D\u00e9dalo le dio a su hijo \u00cdcaro tras construirle las alas a saber que volara por la parte media del cielo ni muy...\">3<\/a> [<span style=\"font-weight:bold\">3<\/span>] Si hay algo m\u00e1s de este tipo en mi poder que pueda servirle para sus estudios y\n                  ocio, me ser\u00e1 grat\u00edsimo saberlo; pues deseo complacer a vuestra se\u00f1or\u00eda con todas\n                  mis ganas tanto en estos asuntos como en otros en los que pueda.<\/p> <p>Adi\u00f3s.\n               <\/p>\n            <\/div>\n         <\/div>\n         <div class=\"tei_back\">\n            <div class=\"notes\" id=\"index.xml-group.1_text.2_back.1_div.1\">\n               \n               <div class=\"note\" id=\"note1\"><span class=\"noteLabel\">Nota: <\/span><a class=\"link_ref\" href=\"#reference1\" title=\"1\">1<\/a> Por una carta de Pighio a Andreas Masio del 15 de noviembre de 1569 (cf. De Vocht, <span class=\"titlem\">Pighii epistolarium<\/span>, pp. 281-283) conocemos algunos detalles de esta visita previa de BAM al humanista\n                  flamenco. Pighius declara que Plantino y BAM estuvieron en Bruselas para visitarle,\n                  porque BAM quer\u00eda conocerlo. Esta visita -con el intercambio apasionado de intereses\n                  anticuarios entre ambos humanistas- ocurri\u00f3 en el contexto de la importante entrevista\n                  personal que tanto el impresor como el biblista espa\u00f1ol mantuvieron con Maximiliano\n                  Morillon algunos d\u00edas antes del 24 de octubre de 1569, en los preparativos de la visita\n                  de BAM a la abad\u00eda de Affligem para examinar libros y manuscritos de posible inter\u00e9s\n                  para la Biblioteca de El Escorial (cf. carta <a class=\"link_ref\" href=\"https:\/\/lacorrespondenciadebenitoariasmontano.online\/es_es\/1569-10-24\">1569 10 24<\/a>). En efecto, en su carta del 15 de noviembre a Masio, Pighio escribi\u00f3 que, durante\n                  aquella visita, comieron juntos BAM, Plantino, Morillon y \u00e9l mismo, y esa fue la ocasi\u00f3n\n                  en la que se le requiri\u00f3 a Morillon una carta de recomendaci\u00f3n para que BAM pudiera\n                  desempe\u00f1ar su misi\u00f3n en la abad\u00eda de Affligem y en otras bajo la jurisdicci\u00f3n del\n                  arzobispado de Malinas.\n               <\/div>\n               <div class=\"note\" id=\"note2\"><span class=\"noteLabel\">Nota: <\/span><a class=\"link_ref\" href=\"#reference2\" title=\"2\">2<\/a> Seg\u00fan de Vocht, <span class=\"titlem\">Pighii epistolarium<\/span>, p. 283, el mismo m\u00e9todo para completar las colecciones de monedas hab\u00eda sido empleado\n                  y transmitido a Pighius por su colega Marcus Laurinus Jr. (Brujas, 1525-Calais, 1581).\n               <\/div>\n               <div class=\"note\" id=\"note3\"><span class=\"noteLabel\">Nota: <\/span><a class=\"link_ref\" href=\"#reference3\" title=\"3\">3<\/a> El consejo que D\u00e9dalo le dio a su hijo \u00cdcaro tras construirle las alas, a saber, que\n                  volara por la parte media del cielo, ni muy alto para que el Sol no derritiera la\n                  cera de sus alas, ni muy bajo para que la espuma del mar no mojara las plumas e hiciera\n                  imposible volar.\n               <\/div>\n            <\/div>\n         <\/div>\n      <\/section>\n     \n      <div class=\"stdfooter autogenerated\">\n         <div class=\"footer\">\n            <!--standard links to project, institution etc--><a class=\"plain\" href=\"\/\"><\/a> \n         <\/div>\n         \n            <!--\n Generated from index.xml using XSLT stylesheets version 7.56.0\n\t\t based on http:\/\/www.tei-c.org\/Stylesheets\/\n\t\t on 2024-03-14T06:46:06Z.\n\t\t SAXON HE 9.8.0.15.\n\t\t   -->\n      <\/div>\n\n\n\n<div style=\"height:47px\" aria-hidden=\"true\" class=\"wp-block-spacer\"><\/div>\n<\/div>\n\n\n\n<div class=\"wp-block-column is-layout-flow wp-block-column-is-layout-flow\">\n<b>TEXTO (SIN VISUALIZACI\u00d3N DE MARCADO <br>XML-TEI)<br><\/b>\n   \n  \n  \n   \n     <meta http-equiv=\"Content-Type\" content=\"text\/html; charset=UTF-8\">\n      <!--THIS FILE IS GENERATED FROM AN XML MASTER. DO NOT EDIT (5)--><title>La correspondencia de Benito Arias Montano: edici\u00f3n cr\u00edtica digital \u2014 Stephanus Vindandus Pighius [Bruselas] a Benito Arias Montano (Amberes) &#8211; 30 de noviembre de 1569 <\/title><meta name=\"author\" content=\"Stephanus Vinandus Pighius\">\n      <meta name=\"generator\" content=\"Text Encoding Initiative Consortium XSLT stylesheets\">\n      <meta name=\"DC.Title\" content=\"La correspondencia de Benito Arias Montano: edici\u00f3n cr\u00edtica digital \u2014 Stephanus Vindandus Pighius [Bruselas] a Benito Arias Montano (Amberes) - 30 de noviembre de 1569\">\n      <meta name=\"DC.Type\" content=\"Text\">\n      <meta name=\"DC.Format\" content=\"text\/html\"><link href=\"http:\/\/nl.ijs.si\/tei\/convert\/profiles\/test\/html\/jsi-tei.css\" rel=\"stylesheet\" type=\"text\/css\"><link rel=\"stylesheet\" media=\"print\" type=\"text\/css\" href=\"https:\/\/www.tei-c.org\/release\/xml\/tei\/stylesheet\/tei-print.css\">\n   \n      <div class=\"stdheader autogenerated\">\n         \n      <\/div>\n      <section class=\"source\" id=\"index.xml-group.1_text.1\">\n         \n        \n         <div class=\"tei_body\"><br><br>\n            <div class=\"main_content\" id=\"index.xml-group.1_text.1_body.1_div.1\">\n               \n               <div class=\"pagebreak\" id=\"index.xml-pb-w103089995ab2b5b1b1b3b1b1\"><a href=\"https:\/\/lacorrespondenciadebenitoariasmontano.online\/wp-content\/uploads\/2024\/03\/SUBH-Sup.-ep.-7-4o-f.-78v.jpg\" target=\"_blank\" onclick=\"window.open(this.href, this.target, 'width=400,height=600'); return false;\" rel=\"noopener\">[f. 78v]<\/a><\/div>\n               <p>[<span style=\"font-weight:bold\">1<\/span>] Nummulos mitto, quos ipse nuper ex meo cumulo selegeras, sed medio metallo transfusos ex ipsis antiquis. [<span style=\"font-weight:bold\">2<\/span>] Quod leuidense munusculum, ut ab amico profectum, ut hilari uultu accipias uelim. En omnes argenteos,\n                  inquis, quos plumbeos expectabam! Sed ita placuit collybus, Daedalio usis consilio, quo medium tenere tramitem iubemur. [<span style=\"font-weight:bold\">3<\/span>] Si quid praeterea eiusmodi rerum apud me est, quae tuis studiis delectationiue seruire\n                  poterunt, gratissimum erit intelligere; uehementer enim cum in his, tum in aliis,\n                  quibus potero dominationi uestrae gratificare cupio.\n               <\/p>\n               \n                  <p>Vale.<\/p>\n               \n            <\/div>\n         <\/div>\n      <\/section>\n      \n      \n      <div class=\"stdfooter autogenerated\">\n         <div class=\"footer\">\n            <!--standard links to project, institution etc--><a class=\"plain\" href=\"\/\"><\/a> \n         <\/div>\n         \n            <!--\n Generated from index.xml using XSLT stylesheets version 7.56.0\n\t\t based on http:\/\/www.tei-c.org\/Stylesheets\/\n\t\t on 2024-03-14T06:46:06Z.\n\t\t SAXON HE 9.8.0.15.\n\t\t   -->\n      <\/div>\n\n\n\n<div style=\"height:53px\" aria-hidden=\"true\" class=\"wp-block-spacer\"><\/div>\n\n\n\n<div class=\"wp-block-buttons is-layout-flex wp-block-buttons-is-layout-flex\">\n<div class=\"wp-block-button aligncenter\"><a class=\"wp-block-button__link has-white-color has-text-color wp-element-button\" href=\"https:\/\/github.com\/CoBAM-editor\/CoBAM\/blob\/main\/1569%2011%2030%20CoBAM.xml\" style=\"border-radius:8px\">XML<\/a><\/div>\n<\/div>\n<\/div>\n<\/div>\n","protected":false},"excerpt":{"rendered":"<p>1569 11 30 Stephanus Vinandus Pighius [Bruselas] a Benito Arias Montano [Amberes] 30 de noviembre de 1569 Identificador: 1569 11 30 \u00cdncipit: Numulos mitto, quos ipse nuper ex meo cumulo selegeras&#8230; Manuscritos: (C1) SUBH, Sup. ep. (4\u00ba) 7, f. 78v; (C2) Manuscrits Divers 187, f. 75r-v; (C3) Ms. 7400\/113, f. 143v-144r. Impresos: (E1) De Vocht, [&hellip;]<\/p>\n","protected":false},"author":1,"featured_media":1721,"parent":0,"menu_order":0,"comment_status":"closed","ping_status":"closed","template":"elementor_header_footer","meta":{"footnotes":""},"class_list":["post-6433","page","type-page","status-publish","has-post-thumbnail","czr-hentry"],"_links":{"self":[{"href":"https:\/\/lacorrespondenciadebenitoariasmontano.online\/es_es\/wp-json\/wp\/v2\/pages\/6433"}],"collection":[{"href":"https:\/\/lacorrespondenciadebenitoariasmontano.online\/es_es\/wp-json\/wp\/v2\/pages"}],"about":[{"href":"https:\/\/lacorrespondenciadebenitoariasmontano.online\/es_es\/wp-json\/wp\/v2\/types\/page"}],"author":[{"embeddable":true,"href":"https:\/\/lacorrespondenciadebenitoariasmontano.online\/es_es\/wp-json\/wp\/v2\/users\/1"}],"replies":[{"embeddable":true,"href":"https:\/\/lacorrespondenciadebenitoariasmontano.online\/es_es\/wp-json\/wp\/v2\/comments?post=6433"}],"version-history":[{"count":38,"href":"https:\/\/lacorrespondenciadebenitoariasmontano.online\/es_es\/wp-json\/wp\/v2\/pages\/6433\/revisions"}],"predecessor-version":[{"id":11196,"href":"https:\/\/lacorrespondenciadebenitoariasmontano.online\/es_es\/wp-json\/wp\/v2\/pages\/6433\/revisions\/11196"}],"wp:featuredmedia":[{"embeddable":true,"href":"https:\/\/lacorrespondenciadebenitoariasmontano.online\/es_es\/wp-json\/wp\/v2\/media\/1721"}],"wp:attachment":[{"href":"https:\/\/lacorrespondenciadebenitoariasmontano.online\/es_es\/wp-json\/wp\/v2\/media?parent=6433"}],"curies":[{"name":"wp","href":"https:\/\/api.w.org\/{rel}","templated":true}]}}